{"id":11033,"date":"2025-10-07T13:46:34","date_gmt":"2025-10-07T14:46:34","guid":{"rendered":"https:\/\/www.summar.es\/actualidad\/?page_id=11033"},"modified":"2025-10-07T13:46:34","modified_gmt":"2025-10-07T14:46:34","slug":"prensa","status":"publish","type":"page","link":"https:\/\/www.summar.es\/actualidad\/prensa\/","title":{"rendered":"Prensa"},"content":{"rendered":"<p>[vc_row equal_height=\u00bbyes\u00bb content_placement=\u00bbmiddle\u00bb css=\u00bb.vc_custom_1759757041844{padding-top: 15px !important;}\u00bb el_class=\u00bbfix-menu\u00bb][vc_column width=\u00bb5\/6&#8243;][vc_column_text font_size=\u00bbmedium\u00bb el_class=\u00bbcolor: #00204d\u00bb]<\/p>\n<h1 style=\"color: #00204d; text-align: left;\"><img decoding=\"async\" loading=\"lazy\" class=\"alignnone wp-image-11009\" src=\"https:\/\/www.summar.es\/actualidad\/wp-content\/uploads\/2025\/10\/SUMMAR-BY-SILAE-03-300x194.png\" alt=\"\" width=\"130\" height=\"84\" srcset=\"https:\/\/www.summar.es\/actualidad\/wp-content\/uploads\/2025\/10\/SUMMAR-BY-SILAE-03-300x194.png 300w, https:\/\/www.summar.es\/actualidad\/wp-content\/uploads\/2025\/10\/SUMMAR-BY-SILAE-03-1024x661.png 1024w, https:\/\/www.summar.es\/actualidad\/wp-content\/uploads\/2025\/10\/SUMMAR-BY-SILAE-03-768x496.png 768w, https:\/\/www.summar.es\/actualidad\/wp-content\/uploads\/2025\/10\/SUMMAR-BY-SILAE-03-600x387.png 600w, https:\/\/www.summar.es\/actualidad\/wp-content\/uploads\/2025\/10\/SUMMAR-BY-SILAE-03.png 1041w\" sizes=\"(max-width: 130px) 100vw, 130px\" \/> Prensa<\/h1>\n<p>[\/vc_column_text][\/vc_column][vc_column width=\u00bb1\/6&#8243;][vc_single_image image=\u00bb11006&#8243;][\/vc_column][\/vc_row][vc_row equal_height=\u00bbyes\u00bb content_placement=\u00bbmiddle\u00bb bg_color_pre=\u00bbbg-color-1&#8243; css=\u00bb.vc_custom_1744286088322{padding-top: 15px !important;}\u00bb el_class=\u00bbfix-menu\u00bb][vc_column width=\u00bb1\/2&#8243; col_padding=\u00bb2&#8243; col_padding_side=\u00bbright\u00bb][vc_column_text]<\/p>\n<h4><a class=\"link-scroll\" href=\"#integracion\" data-wp-editing=\"1\"><img decoding=\"async\" loading=\"lazy\" class=\"wp-image-4190 alignnone\" src=\"https:\/\/www.summar.es\/actualidad\/wp-content\/uploads\/2022\/02\/mas.png\" alt=\"\" width=\"20\" height=\"20\" \/> <strong><span style=\"color: #00204d;\">Summar pasa a formar parte de Silae<\/span><\/strong><\/a><\/h4>\n<p>[\/vc_column_text][\/vc_column][vc_column width=\u00bb1\/2&#8243; col_padding=\u00bb2&#8243; col_padding_side=\u00bbleft\u00bb][\/vc_column][\/vc_row][vc_row][vc_column][vc_empty_space height=\u00bb35px\u00bb][\/vc_column][\/vc_row][vc_row equal_height=\u00bbyes\u00bb content_placement=\u00bbmiddle\u00bb bg_color_pre=\u00bbbg-color-1&#8243; css=\u00bb.vc_custom_1754548845108{padding-bottom: 10px !important;}\u00bb][vc_column width=\u00bb5\/6&#8243;][vc_column_text font_size=\u00bbmedium\u00bb css=\u00bb.vc_custom_1759847981741{padding-top: 0px !important;padding-bottom: 10px !important;}\u00bb el_id=\u00bbDatos\u00bb el_class=\u00bbDatos\u00bb]<\/p>\n<div class=\"wpb_text_column wpb_content_element vc_custom_1753692976459\">\n<div class=\"wpb_wrapper\">\n<h1 style=\"color: #1d69ad;\" data-start=\"173\" data-end=\"232\">Seguimos creciendo: Summar pasa a formar parte de Silae<\/h1>\n<p>Esta nueva etapa nos permite dar un gran paso adelante, de la mano de una empresa l\u00edder en el mercado franc\u00e9s en soluciones de n\u00f3mina y RRHH, con una amplia experiencia tanto en el \u00e1mbito empresarial como en el de las asesor\u00edas y despachos profesionales.<\/p>\n<\/div>\n<\/div>\n<p>[\/vc_column_text][\/vc_column][vc_column width=\u00bb1\/6&#8243;][vc_single_image image=\u00bb11020&#8243; img_size=\u00bb1080&#215;1900&#8243;][vc_btn title=\u00bbDescubre m\u00e1s\u00bb style=\u00bbcustom\u00bb custom_background=\u00bb#e94c2c\u00bb custom_text=\u00bb#ffffff\u00bb align=\u00bbcenter\u00bb link=\u00bburl:https%3A%2F%2Fwww.summar.es%2Factualidad%2Fsummar-silae%2F|title:Facturaci%C3%B3n|target:_blank\u00bb][\/vc_column][\/vc_row][vc_row][vc_column][vc_empty_space height=\u00bb45px\u00bb][\/vc_column][\/vc_row][vc_column][\/vc_column]<\/p>\n","protected":false},"excerpt":{"rendered":"<p>[vc_row equal_height=\u00bbyes\u00bb content_placement=\u00bbmiddle\u00bb css=\u00bb.vc_custom_1759757041844{padding-top: 15px !important;}\u00bb el_class=\u00bbfix-menu\u00bb][vc_column width=\u00bb5\/6&#8243;][vc_column_text font_size=\u00bbmedium\u00bb el_class=\u00bbcolor: #00204d\u00bb] Prensa [\/vc_column_text][\/vc_column][vc_column width=\u00bb1\/6&#8243;][vc_single_image image=\u00bb11006&#8243;][\/vc_column][\/vc_row][vc_row equal_height=\u00bbyes\u00bb content_placement=\u00bbmiddle\u00bb bg_color_pre=\u00bbbg-color-1&#8243; css=\u00bb.vc_custom_1744286088322{padding-top: 15px !important;}\u00bb el_class=\u00bbfix-menu\u00bb][vc_column width=\u00bb1\/2&#8243; col_padding=\u00bb2&#8243; col_padding_side=\u00bbright\u00bb][vc_column_text] Summar pasa a formar parte de Silae [\/vc_column_text][\/vc_column][vc_column width=\u00bb1\/2&#8243; col_padding=\u00bb2&#8243; col_padding_side=\u00bbleft\u00bb][\/vc_column][\/vc_row][vc_row][vc_column][vc_empty_space height=\u00bb35px\u00bb][\/vc_column][\/vc_row][vc_row equal_height=\u00bbyes\u00bb content_placement=\u00bbmiddle\u00bb bg_color_pre=\u00bbbg-color-1&#8243; css=\u00bb.vc_custom_1754548845108{padding-bottom: 10px !important;}\u00bb][vc_column width=\u00bb5\/6&#8243;][vc_column_text font_size=\u00bbmedium\u00bb css=\u00bb.vc_custom_1759847981741{padding-top: 0px !important;padding-bottom: 10px !important;}\u00bb [&hellip;]<\/p>\n","protected":false},"author":1,"featured_media":0,"parent":0,"menu_order":0,"comment_status":"closed","ping_status":"closed","template":"template-blank.php","meta":{"footnotes":""},"yoast_head":"<!-- This site is optimized with the Yoast SEO plugin v21.4 - https:\/\/yoast.com\/wordpress\/plugins\/seo\/ -->\r\n<title>Prensa - Actualidad Summar<\/title>\r\n<meta name=\"robots\" content=\"index, follow, max-snippet:-1, max-image-preview:large, max-video-preview:-1\" \/>\r\n<link rel=\"canonical\" href=\"https:\/\/www.summar.es\/actualidad\/prensa\/\" \/>\r\n<meta property=\"og:locale\" content=\"es_ES\" \/>\r\n<meta property=\"og:type\" content=\"article\" \/>\r\n<meta property=\"og:title\" content=\"Prensa - Actualidad Summar\" \/>\r\n<meta property=\"og:description\" content=\"[vc_row equal_height=\u00bbyes\u00bb content_placement=\u00bbmiddle\u00bb css=\u00bb.vc_custom_1759757041844{padding-top: 15px !important;}\u00bb el_class=\u00bbfix-menu\u00bb][vc_column width=\u00bb5\/6&#8243;][vc_column_text font_size=\u00bbmedium\u00bb el_class=\u00bbcolor: #00204d\u00bb] Prensa [\/vc_column_text][\/vc_column][vc_column width=\u00bb1\/6&#8243;][vc_single_image image=\u00bb11006&#8243;][\/vc_column][\/vc_row][vc_row equal_height=\u00bbyes\u00bb content_placement=\u00bbmiddle\u00bb bg_color_pre=\u00bbbg-color-1&#8243; css=\u00bb.vc_custom_1744286088322{padding-top: 15px !important;}\u00bb el_class=\u00bbfix-menu\u00bb][vc_column width=\u00bb1\/2&#8243; col_padding=\u00bb2&#8243; col_padding_side=\u00bbright\u00bb][vc_column_text] Summar pasa a formar parte de Silae [\/vc_column_text][\/vc_column][vc_column width=\u00bb1\/2&#8243; col_padding=\u00bb2&#8243; col_padding_side=\u00bbleft\u00bb][\/vc_column][\/vc_row][vc_row][vc_column][vc_empty_space height=\u00bb35px\u00bb][\/vc_column][\/vc_row][vc_row equal_height=\u00bbyes\u00bb content_placement=\u00bbmiddle\u00bb bg_color_pre=\u00bbbg-color-1&#8243; css=\u00bb.vc_custom_1754548845108{padding-bottom: 10px !important;}\u00bb][vc_column width=\u00bb5\/6&#8243;][vc_column_text font_size=\u00bbmedium\u00bb css=\u00bb.vc_custom_1759847981741{padding-top: 0px !important;padding-bottom: 10px !important;}\u00bb [&hellip;]\" \/>\r\n<meta property=\"og:url\" content=\"https:\/\/www.summar.es\/actualidad\/prensa\/\" \/>\r\n<meta property=\"og:site_name\" content=\"Actualidad Summar\" \/>\r\n<meta property=\"og:image\" content=\"https:\/\/www.summar.es\/actualidad\/wp-content\/uploads\/2025\/10\/SUMMAR-BY-SILAE-03-300x194.png\" \/>\r\n<meta name=\"twitter:card\" content=\"summary_large_image\" \/>\r\n<meta name=\"twitter:label1\" content=\"Tiempo de lectura\" \/>\n\t<meta name=\"twitter:data1\" content=\"1 minuto\" \/>\r\n<script type=\"application\/ld+json\" class=\"yoast-schema-graph\">{\"@context\":\"https:\/\/schema.org\",\"@graph\":[{\"@type\":\"WebPage\",\"@id\":\"https:\/\/www.summar.es\/actualidad\/prensa\/\",\"url\":\"https:\/\/www.summar.es\/actualidad\/prensa\/\",\"name\":\"Prensa - Actualidad Summar\",\"isPartOf\":{\"@id\":\"https:\/\/www.summar.es\/actualidad\/#website\"},\"datePublished\":\"2025-10-07T14:46:34+00:00\",\"dateModified\":\"2025-10-07T14:46:34+00:00\",\"breadcrumb\":{\"@id\":\"https:\/\/www.summar.es\/actualidad\/prensa\/#breadcrumb\"},\"inLanguage\":\"es\",\"potentialAction\":[{\"@type\":\"ReadAction\",\"target\":[\"https:\/\/www.summar.es\/actualidad\/prensa\/\"]}]},{\"@type\":\"BreadcrumbList\",\"@id\":\"https:\/\/www.summar.es\/actualidad\/prensa\/#breadcrumb\",\"itemListElement\":[{\"@type\":\"ListItem\",\"position\":1,\"name\":\"Portada\",\"item\":\"https:\/\/www.summar.es\/actualidad\/\"},{\"@type\":\"ListItem\",\"position\":2,\"name\":\"Prensa\"}]},{\"@type\":\"WebSite\",\"@id\":\"https:\/\/www.summar.es\/actualidad\/#website\",\"url\":\"https:\/\/www.summar.es\/actualidad\/\",\"name\":\"Actualidad Summar\",\"description\":\"Temas de actualidad\",\"potentialAction\":[{\"@type\":\"SearchAction\",\"target\":{\"@type\":\"EntryPoint\",\"urlTemplate\":\"https:\/\/www.summar.es\/actualidad\/?s={search_term_string}\"},\"query-input\":\"required name=search_term_string\"}],\"inLanguage\":\"es\"}]}<\/script>\r\n<!-- \/ Yoast SEO plugin. -->","yoast_head_json":{"title":"Prensa - Actualidad Summar","robots":{"index":"index","follow":"follow","max-snippet":"max-snippet:-1","max-image-preview":"max-image-preview:large","max-video-preview":"max-video-preview:-1"},"canonical":"https:\/\/www.summar.es\/actualidad\/prensa\/","og_locale":"es_ES","og_type":"article","og_title":"Prensa - Actualidad Summar","og_description":"[vc_row equal_height=\u00bbyes\u00bb content_placement=\u00bbmiddle\u00bb css=\u00bb.vc_custom_1759757041844{padding-top: 15px !important;}\u00bb el_class=\u00bbfix-menu\u00bb][vc_column width=\u00bb5\/6&#8243;][vc_column_text font_size=\u00bbmedium\u00bb el_class=\u00bbcolor: #00204d\u00bb] Prensa [\/vc_column_text][\/vc_column][vc_column width=\u00bb1\/6&#8243;][vc_single_image image=\u00bb11006&#8243;][\/vc_column][\/vc_row][vc_row equal_height=\u00bbyes\u00bb content_placement=\u00bbmiddle\u00bb bg_color_pre=\u00bbbg-color-1&#8243; css=\u00bb.vc_custom_1744286088322{padding-top: 15px !important;}\u00bb el_class=\u00bbfix-menu\u00bb][vc_column width=\u00bb1\/2&#8243; col_padding=\u00bb2&#8243; col_padding_side=\u00bbright\u00bb][vc_column_text] Summar pasa a formar parte de Silae [\/vc_column_text][\/vc_column][vc_column width=\u00bb1\/2&#8243; col_padding=\u00bb2&#8243; col_padding_side=\u00bbleft\u00bb][\/vc_column][\/vc_row][vc_row][vc_column][vc_empty_space height=\u00bb35px\u00bb][\/vc_column][\/vc_row][vc_row equal_height=\u00bbyes\u00bb content_placement=\u00bbmiddle\u00bb bg_color_pre=\u00bbbg-color-1&#8243; css=\u00bb.vc_custom_1754548845108{padding-bottom: 10px !important;}\u00bb][vc_column width=\u00bb5\/6&#8243;][vc_column_text font_size=\u00bbmedium\u00bb css=\u00bb.vc_custom_1759847981741{padding-top: 0px !important;padding-bottom: 10px !important;}\u00bb [&hellip;]","og_url":"https:\/\/www.summar.es\/actualidad\/prensa\/","og_site_name":"Actualidad Summar","og_image":[{"url":"https:\/\/www.summar.es\/actualidad\/wp-content\/uploads\/2025\/10\/SUMMAR-BY-SILAE-03-300x194.png"}],"twitter_card":"summary_large_image","twitter_misc":{"Tiempo de lectura":"1 minuto"},"schema":{"@context":"https:\/\/schema.org","@graph":[{"@type":"WebPage","@id":"https:\/\/www.summar.es\/actualidad\/prensa\/","url":"https:\/\/www.summar.es\/actualidad\/prensa\/","name":"Prensa - Actualidad Summar","isPartOf":{"@id":"https:\/\/www.summar.es\/actualidad\/#website"},"datePublished":"2025-10-07T14:46:34+00:00","dateModified":"2025-10-07T14:46:34+00:00","breadcrumb":{"@id":"https:\/\/www.summar.es\/actualidad\/prensa\/#breadcrumb"},"inLanguage":"es","potentialAction":[{"@type":"ReadAction","target":["https:\/\/www.summar.es\/actualidad\/prensa\/"]}]},{"@type":"BreadcrumbList","@id":"https:\/\/www.summar.es\/actualidad\/prensa\/#breadcrumb","itemListElement":[{"@type":"ListItem","position":1,"name":"Portada","item":"https:\/\/www.summar.es\/actualidad\/"},{"@type":"ListItem","position":2,"name":"Prensa"}]},{"@type":"WebSite","@id":"https:\/\/www.summar.es\/actualidad\/#website","url":"https:\/\/www.summar.es\/actualidad\/","name":"Actualidad Summar","description":"Temas de actualidad","potentialAction":[{"@type":"SearchAction","target":{"@type":"EntryPoint","urlTemplate":"https:\/\/www.summar.es\/actualidad\/?s={search_term_string}"},"query-input":"required name=search_term_string"}],"inLanguage":"es"}]}},"_links":{"self":[{"href":"https:\/\/www.summar.es\/actualidad\/wp-json\/wp\/v2\/pages\/11033"}],"collection":[{"href":"https:\/\/www.summar.es\/actualidad\/wp-json\/wp\/v2\/pages"}],"about":[{"href":"https:\/\/www.summar.es\/actualidad\/wp-json\/wp\/v2\/types\/page"}],"author":[{"embeddable":true,"href":"https:\/\/www.summar.es\/actualidad\/wp-json\/wp\/v2\/users\/1"}],"replies":[{"embeddable":true,"href":"https:\/\/www.summar.es\/actualidad\/wp-json\/wp\/v2\/comments?post=11033"}],"version-history":[{"count":2,"href":"https:\/\/www.summar.es\/actualidad\/wp-json\/wp\/v2\/pages\/11033\/revisions"}],"predecessor-version":[{"id":11035,"href":"https:\/\/www.summar.es\/actualidad\/wp-json\/wp\/v2\/pages\/11033\/revisions\/11035"}],"wp:attachment":[{"href":"https:\/\/www.summar.es\/actualidad\/wp-json\/wp\/v2\/media?parent=11033"}],"curies":[{"name":"wp","href":"https:\/\/api.w.org\/{rel}","templated":true}]}}