{"id":11880,"date":"2025-12-16T09:37:06","date_gmt":"2025-12-16T10:37:06","guid":{"rendered":"https:\/\/www.summar.es\/actualidad\/?page_id=11880"},"modified":"2025-12-16T09:37:06","modified_gmt":"2025-12-16T10:37:06","slug":"gestion-horaria-demo","status":"publish","type":"page","link":"https:\/\/www.summar.es\/actualidad\/gestion-horaria-demo\/","title":{"rendered":"Gesti\u00f3n Horaria &#8211; Solicitud de Demo"},"content":{"rendered":"<p>[vc_row][vc_column width=\u00bb1\/6&#8243; css=\u00bb.vc_custom_1617781490924{margin-top: 20px !important;}\u00bb][vc_single_image image=\u00bb9452&#8243; img_size=\u00bbmedium\u00bb][\/vc_column][vc_column width=\u00bb1\/6&#8243;][\/vc_column][vc_column width=\u00bb1\/6&#8243;][\/vc_column][vc_column width=\u00bb1\/6&#8243;][\/vc_column][vc_column width=\u00bb1\/6&#8243;][vc_empty_space height=\u00bb40px\u00bb css=\u00bb.vc_custom_1744353530015{padding-right: 20px !important;}\u00bb][\/vc_column][vc_column width=\u00bb1\/6&#8243;][vc_empty_space height=\u00bb50px\u00bb][vc_single_image image=\u00bb11559&#8243; img_size=\u00bbmedium\u00bb onclick=\u00bbcustom_link\u00bb img_link_target=\u00bb_blank\u00bb css=\u00bb.vc_custom_1765273235145{padding-left: 55px !important;}\u00bb link=\u00bbhttps:\/\/summar.es\/\u00bb][\/vc_column][\/vc_row][vc_row][vc_column][vc_empty_space height=\u00bb55px\u00bb][\/vc_column][\/vc_row][vc_row][vc_column width=\u00bb1\/2&#8243;][vc_column_text]<\/p>\n<h1><\/h1>\n<h1 style=\"font-size: 60px; line-height: 1.1; text-align: left;\"><strong><span style=\"color: #000000;\">Gesti\u00f3n Horaria<\/span><\/strong><\/h1>\n<div class=\"pso-headline text-h2 tracking-tight mb-2.5 md:mb-6 font-semibold [&amp;_b]:[font-weight:inherit] text-card-foreground-primary-grey [overflow-wrap:anywhere]\">\n<h1 id=\"descubre-cmo-funciona-personio\" data-id=\"descubre-cmo-funciona-personio\">Gestiona el tiempo de trabajo<\/h1>\n<\/div>\n<h2><\/h2>\n<p>[\/vc_column_text][\/vc_column][vc_column width=\u00bb1\/2&#8243;][vc_empty_space height=\u00bb30px\u00bb][vc_column_text]<\/p>\n<h2 style=\"text-align: center;\"><strong>Solicita tu demo gratis<\/strong><\/h2>\n<p>[\/vc_column_text][vc_column_text]<\/p>\n\t\t\t<link rel=\"stylesheet\" property=\"stylesheet\" href=\"https:\/\/www.summar.es\/actualidad\/wp-content\/plugins\/happyforms\/bundles\/css\/frontend.css\" \/>\n\t\t\t\t<!-- HappyForms CSS variables -->\n\t<style>\n\t#happyforms-11871 {\n\t\t--happyforms-part-title-font-size: 16px;\n--happyforms-part-description-font-size: 12px;\n--happyforms-part-value-font-size: 16px;\n--happyforms-submit-button-font-size: 16px;\n--happyforms-color-primary: #000000;\n--happyforms-color-success-notice: #ebf9f0;\n--happyforms-color-success-notice-text: #1eb452;\n--happyforms-color-error: #f23000;\n--happyforms-color-error-notice: #ffeeea;\n--happyforms-color-error-notice-text: #f23000;\n--happyforms-color-part-title: #000000;\n--happyforms-color-part-value: #000000;\n--happyforms-color-part-placeholder: #888888;\n--happyforms-color-part-description: #454545;\n--happyforms-color-part-border: #dbdbdb;\n--happyforms-color-part-border-focus: #7aa4ff;\n--happyforms-color-part-background: #ffffff;\n--happyforms-color-part-background-focus: #ffffff;\n--happyforms-color-submit-background: #000000;\n--happyforms-color-submit-background-hover: #000000;\n--happyforms-color-submit-border: ;\n--happyforms-color-submit-text: #ffffff;\n--happyforms-color-submit-text-hover: #ffffff;\n--happyforms-color-table-row-odd: #fcfcfc;\n--happyforms-color-table-row-even: #efefef;\n--happyforms-color-table-row-odd-text: #000000;\n--happyforms-color-table-row-even-text: #000000;\n--happyforms-color-dropdown-item-bg: #ffffff;\n--happyforms-color-dropdown-item-text: #000000;\n--happyforms-color-dropdown-item-bg-hover: #f4f4f5;\n--happyforms-color-dropdown-item-text-hover: #000000;\n--happyforms-color-divider-hr: #cccccc;\n--happyforms-color-choice-checkmark-bg: #ffffff;\n--happyforms-color-choice-checkmark-bg-focus: #000000;\n--happyforms-color-choice-checkmark-color: #ffffff;\n\t}\n\t<\/style>\n\t<!-- End of HappyForms CSS variables -->\n\t\t<!-- HappyForms Additional CSS -->\n\t<style data-happyforms-additional-css>\n\t\t<\/style>\n\t<!-- End of HappyForms Additional CSS -->\n\t\t\t<link rel=\"stylesheet\" type=\"text\/css\" href=\"https:\/\/www.summar.es\/actualidad\/wp-content\/plugins\/happyforms\/core\/assets\/css\/no-interaction.css\">\n\t\t<div class=\"happyforms-form happyforms-styles happyforms-form--submit-button-align-center\" id=\"happyforms-11871\">\n\t\t\n\t<form action=\"\" id=\"happyforms-form-11871\" method=\"post\" novalidate=\"true\" autocomplete=\"off\">\n\t\t\t\t<input type=\"hidden\" name=\"happyforms_random_seed\" value=\"2522165666\" \/>\n\t\t\n\t\t\t<input type=\"hidden\" name=\"action\" value=\"happyforms_message\">\n\t\t\t\t<input type=\"hidden\" name=\"client_referer\" value=\"\">\n\t\t\t\t<input type=\"hidden\" name=\"current_post_id\" value=\"\">\n\t\t\t\t<input type=\"hidden\" name=\"happyforms_form_id\" value=\"11871\" \/>\n\t\t\t\t<input type=\"hidden\" name=\"happyforms_step\" value=\"0\" \/>\n\t\n\t\t<div class=\"happyforms-flex\">\n\t\t\t\t<label for=\"11871-multi_line_text\" class=\"screen-reader-text\">Leave this field blank<\/label>\n\t<input type=\"text\" id=\"11871-multi_line_text\" name=\"11871-multi_line_text\" style=\"display: none;\" tabindex=\"-1\" autocomplete=\"off\" aria-hidden=\"true\">\n\t\t\t\t\t\t\t\t\t\t<div class=\"happyforms-form__part happyforms-part happyforms-part--single_line_text happyforms-part--width-half happyforms-part--label-show\" id=\"happyforms-11871_single_line_text_7-part\" data-happyforms-type=\"single_line_text\" data-happyforms-id=\"single_line_text_7\" data-happyforms-required=\"\">\n\t<div class=\"happyforms-part-wrap\">\n\t\t\n\t\t\t\t\t\t<div class=\"happyforms-part__label-container\">\n\t\t\t\t<label for=\"happyforms-11871_single_line_text_7\" class=\"happyforms-part__label\">\n\t\t\t<span class=\"label\">Nombre<\/span>\n\t\t\t\t\t\t\t\t\t\t<span class=\"happyforms-required\"><\/span>\n\t\t\t\t\t\t\t\t\t\t<span class=\"happyforms-optional\">(optional)<\/span>\n\t\t\t\t\t<\/label>\n\t\t\t<\/div>\n\t\t\t\n\t\t\n\t\t<div class=\"happyforms-part__el\">\n\t\t\t\n\t\t\t\n\t\t\t<div class=\"happyforms-input\">\n\t\t\t\t\n\t\t\t\t<input id=\"happyforms-11871_single_line_text_7\" type=\"text\" name=\"11871_single_line_text_7\" value=\"\" placeholder=\"\" autocomplete=\"off\" spellcheck=\"false\"  autocorrect=\"off\" \/>\n\t\t\t\t\t\t\t<\/div>\n\n\t\t\t\n\t\t\t\n\t\t\t\t\t<\/div>\n\t<\/div>\n<\/div>\n<div class=\"happyforms-form__part happyforms-part happyforms-part--single_line_text happyforms-part--width-half happyforms-part--label-show\" id=\"happyforms-11871_single_line_text_2-part\" data-happyforms-type=\"single_line_text\" data-happyforms-id=\"single_line_text_2\" data-happyforms-required=\"\">\n\t<div class=\"happyforms-part-wrap\">\n\t\t\n\t\t\t\t\t\t<div class=\"happyforms-part__label-container\">\n\t\t\t\t<label for=\"happyforms-11871_single_line_text_2\" class=\"happyforms-part__label\">\n\t\t\t<span class=\"label\">Apellidos<\/span>\n\t\t\t\t\t\t\t\t\t\t<span class=\"happyforms-required\"><\/span>\n\t\t\t\t\t\t\t\t\t\t<span class=\"happyforms-optional\">(optional)<\/span>\n\t\t\t\t\t<\/label>\n\t\t\t<\/div>\n\t\t\t\n\t\t\n\t\t<div class=\"happyforms-part__el\">\n\t\t\t\n\t\t\t\n\t\t\t<div class=\"happyforms-input\">\n\t\t\t\t\n\t\t\t\t<input id=\"happyforms-11871_single_line_text_2\" type=\"text\" name=\"11871_single_line_text_2\" value=\"\" placeholder=\"\" autocomplete=\"off\" spellcheck=\"false\"  autocorrect=\"off\" \/>\n\t\t\t\t\t\t\t<\/div>\n\n\t\t\t\n\t\t\t\n\t\t\t\t\t<\/div>\n\t<\/div>\n<\/div>\n<div class=\"happyforms-form__part happyforms-part happyforms-part--single_line_text happyforms-part--width-half happyforms-part--label-show\" id=\"happyforms-11871_single_line_text_5-part\" data-happyforms-type=\"single_line_text\" data-happyforms-id=\"single_line_text_5\" data-happyforms-required=\"\">\n\t<div class=\"happyforms-part-wrap\">\n\t\t\n\t\t\t\t\t\t<div class=\"happyforms-part__label-container\">\n\t\t\t\t<label for=\"happyforms-11871_single_line_text_5\" class=\"happyforms-part__label\">\n\t\t\t<span class=\"label\">Nombre empresa<\/span>\n\t\t\t\t\t\t\t\t\t\t<span class=\"happyforms-required\"><\/span>\n\t\t\t\t\t\t\t\t\t\t<span class=\"happyforms-optional\">(optional)<\/span>\n\t\t\t\t\t<\/label>\n\t\t\t<\/div>\n\t\t\t\n\t\t\n\t\t<div class=\"happyforms-part__el\">\n\t\t\t\n\t\t\t\n\t\t\t<div class=\"happyforms-input\">\n\t\t\t\t\n\t\t\t\t<input id=\"happyforms-11871_single_line_text_5\" type=\"text\" name=\"11871_single_line_text_5\" value=\"\" placeholder=\"\" autocomplete=\"off\" spellcheck=\"false\"  autocorrect=\"off\" \/>\n\t\t\t\t\t\t\t<\/div>\n\n\t\t\t\n\t\t\t\n\t\t\t\t\t<\/div>\n\t<\/div>\n<\/div>\n<div class=\"happyforms-form__part happyforms-part happyforms-part--single_line_text happyforms-part--width-half happyforms-part--label-show\" id=\"happyforms-11871_single_line_text_3-part\" data-happyforms-type=\"single_line_text\" data-happyforms-id=\"single_line_text_3\" data-happyforms-required=\"\">\n\t<div class=\"happyforms-part-wrap\">\n\t\t\n\t\t\t\t\t\t<div class=\"happyforms-part__label-container\">\n\t\t\t\t<label for=\"happyforms-11871_single_line_text_3\" class=\"happyforms-part__label\">\n\t\t\t<span class=\"label\">Cargo<\/span>\n\t\t\t\t\t\t\t\t\t\t<span class=\"happyforms-required\"><\/span>\n\t\t\t\t\t\t\t\t\t\t<span class=\"happyforms-optional\">(optional)<\/span>\n\t\t\t\t\t<\/label>\n\t\t\t<\/div>\n\t\t\t\n\t\t\n\t\t<div class=\"happyforms-part__el\">\n\t\t\t\n\t\t\t\n\t\t\t<div class=\"happyforms-input\">\n\t\t\t\t\n\t\t\t\t<input id=\"happyforms-11871_single_line_text_3\" type=\"text\" name=\"11871_single_line_text_3\" value=\"\" placeholder=\"\" autocomplete=\"off\" spellcheck=\"false\"  autocorrect=\"off\" \/>\n\t\t\t\t\t\t\t<\/div>\n\n\t\t\t\n\t\t\t\n\t\t\t\t\t<\/div>\n\t<\/div>\n<\/div>\n<div class=\"happyforms-part--with-autocomplete happyforms-form__part happyforms-part happyforms-part--email happyforms-part--width-half happyforms-part--label-show\" id=\"happyforms-11871_email_4-part\" data-happyforms-type=\"email\" data-happyforms-id=\"email_4\" data-happyforms-required=\"\">\n\t\t<div class=\"happyforms-part-wrap\">\n\t\t\t\t\t\t<div class=\"happyforms-part__label-container\">\n\t\t\t\t<label for=\"happyforms-11871_email_4\" class=\"happyforms-part__label\">\n\t\t\t<span class=\"label\">Email<\/span>\n\t\t\t\t\t\t\t\t\t\t<span class=\"happyforms-required\"><\/span>\n\t\t\t\t\t\t\t\t\t\t<span class=\"happyforms-optional\">(optional)<\/span>\n\t\t\t\t\t<\/label>\n\t\t\t<\/div>\n\t\t\t\n\t\t\n\t\t<div class=\"happyforms-part__el\">\n\t\t\t\n\t\t\t\n\t\t\t<div class=\"happyforms-input\">\n\t\t\t\t<input type=\"email\" name=\"11871_email_4\" id=\"happyforms-11871_email_4\" value=\"\" placeholder=\"\" autocomplete=\"off\" spellcheck=\"false\"  autocorrect=\"off\" \/>\n\t\t\t\t\t\t\t<\/div>\n\n\t\t\t\n\t\t\t\n\t\t\t\t\t<\/div>\n\t<\/div>\n<\/div>\n<div class=\"happyforms-part--choice display-type--block happyforms-form__part happyforms-part happyforms-part--checkbox happyforms-part--width-full happyforms-part--label-show\" id=\"happyforms-11871_checkbox_6-part\" data-happyforms-type=\"checkbox\" data-happyforms-id=\"checkbox_6\" data-happyforms-required=\"\">\n\t<div class=\"happyforms-part-wrap\">\n\t\t\t<div class=\"happyforms-part__label-container\">\n\t\t\t\t<label for=\"happyforms-11871_checkbox_6\" class=\"happyforms-part__label\">\n\t\t\t<span class=\"label\"><\/span>\n\t\t\t\t\t\t\t\t\t\t<span class=\"happyforms-required\"><\/span>\n\t\t\t\t\t\t\t\t\t\t<span class=\"happyforms-optional\">(optional)<\/span>\n\t\t\t\t\t<\/label>\n\t\t\t<\/div>\n\t\n\t\t\n\t\t\n\t\t<div class=\"happyforms-part__el\">\n\t\t\t\n\t\t\t\t\t\t\t\t\t\t<div class=\"happyforms-part__option happyforms-part-option\" id=\"checkbox_6_option_1765272252862\">\n\t\t\t\t<label class=\"option-label\">\n\t\t\t\t\t<input type=\"checkbox\" class=\"happyforms-visuallyhidden happyforms-checkbox\" name=\"11871_checkbox_6[]\" value=\"0\" data-serialize  autocomplete=\"off\" spellcheck=\"false\"  >\n\t\t\t\t\t<span class=\"checkmark\"><svg xmlns=\"http:\/\/www.w3.org\/2000\/svg\" width=\"12\" height=\"12\" viewBox=\"0 0 24 24\"><path fill=\"currentColor\" d=\"M20.285 2l-11.285 11.567-5.286-5.011-3.714 3.716 9 8.728 15-15.285z\"\/><\/svg><\/span>\n\t\t\t\t\t<span class=\"label-wrap\">\n\t\t\t\t\t\t<span class=\"label\">He le\u00eddo y acepto la cl\u00e1usula de Informaci\u00f3n sobre Protecci\u00f3n de Datos.<\/span>\t\t\t\t\t<\/span>\n\t\t\t\t<\/label>\n\t\t\t\t\t\t\t\t<div class=\"happyforms-part-option__description\">Consulta aqu\u00ed www.summar.es\/informacion-basica-alta\/ la Informaci\u00f3n sobre Protecci\u00f3n de Datos.<\/div>\n\t\t\t\t\t\t\t<\/div>\n\t\t\t\n\t\t\t\n\t\t\t\t\t<\/div>\n\t<\/div>\n<\/div>\n\t\t\t\t\t\t<div class=\"happyforms-form__part happyforms-part happyforms-part--submit\">\n\t\t<button type=\"submit\" class=\"happyforms-submit happyforms-button--submit \">Enviar<\/button>\n\t<\/div>\t\t<\/div>\n\n\t\t\t<\/form>\n\n\t<\/div>\n\n<p>[\/vc_column_text][\/vc_column][\/vc_row][vc_row][vc_column][vc_empty_space height=\u00bb65px\u00bb][\/vc_column][\/vc_row][vc_column width=\u00bb1\/2&#8243; col_padding=\u00bb2&#8243; col_padding_side=\u00bbright\u00bb][\/vc_column][vc_column width=\u00bb1\/2&#8243; col_padding=\u00bb2&#8243; col_padding_side=\u00bbleft\u00bb][\/vc_column]<\/p>\n","protected":false},"excerpt":{"rendered":"<p>[vc_row][vc_column width=\u00bb1\/6&#8243; css=\u00bb.vc_custom_1617781490924{margin-top: 20px !important;}\u00bb][vc_single_image image=\u00bb9452&#8243; img_size=\u00bbmedium\u00bb][\/vc_column][vc_column width=\u00bb1\/6&#8243;][\/vc_column][vc_column width=\u00bb1\/6&#8243;][\/vc_column][vc_column width=\u00bb1\/6&#8243;][\/vc_column][vc_column width=\u00bb1\/6&#8243;][vc_empty_space height=\u00bb40px\u00bb css=\u00bb.vc_custom_1744353530015{padding-right: 20px !important;}\u00bb][\/vc_column][vc_column width=\u00bb1\/6&#8243;][vc_empty_space height=\u00bb50px\u00bb][vc_single_image image=\u00bb11559&#8243; img_size=\u00bbmedium\u00bb onclick=\u00bbcustom_link\u00bb img_link_target=\u00bb_blank\u00bb css=\u00bb.vc_custom_1765273235145{padding-left: 55px !important;}\u00bb link=\u00bbhttps:\/\/summar.es\/\u00bb][\/vc_column][\/vc_row][vc_row][vc_column][vc_empty_space height=\u00bb55px\u00bb][\/vc_column][\/vc_row][vc_row][vc_column width=\u00bb1\/2&#8243;][vc_column_text] Gesti\u00f3n Horaria Gestiona el tiempo de trabajo [\/vc_column_text][\/vc_column][vc_column width=\u00bb1\/2&#8243;][vc_empty_space height=\u00bb30px\u00bb][vc_column_text] Solicita tu demo gratis [\/vc_column_text][vc_column_text] [\/vc_column_text][\/vc_column][\/vc_row][vc_row][vc_column][vc_empty_space height=\u00bb65px\u00bb][\/vc_column][\/vc_row][vc_column width=\u00bb1\/2&#8243; col_padding=\u00bb2&#8243; col_padding_side=\u00bbright\u00bb][\/vc_column][vc_column width=\u00bb1\/2&#8243; col_padding=\u00bb2&#8243; col_padding_side=\u00bbleft\u00bb][\/vc_column]<\/p>\n","protected":false},"author":1,"featured_media":0,"parent":0,"menu_order":0,"comment_status":"closed","ping_status":"closed","template":"template-blank.php","meta":{"footnotes":""},"yoast_head":"<!-- This site is optimized with the Yoast SEO plugin v21.4 - https:\/\/yoast.com\/wordpress\/plugins\/seo\/ -->\r\n<title>Gesti\u00f3n Horaria - Solicitud de Demo - Actualidad Summar<\/title>\r\n<meta name=\"robots\" content=\"index, follow, max-snippet:-1, max-image-preview:large, max-video-preview:-1\" \/>\r\n<link rel=\"canonical\" href=\"https:\/\/www.summar.es\/actualidad\/gestion-horaria-demo\/\" \/>\r\n<meta property=\"og:locale\" content=\"es_ES\" \/>\r\n<meta property=\"og:type\" content=\"article\" \/>\r\n<meta property=\"og:title\" content=\"Gesti\u00f3n Horaria - Solicitud de Demo - Actualidad Summar\" \/>\r\n<meta property=\"og:description\" content=\"[vc_row][vc_column width=\u00bb1\/6&#8243; css=\u00bb.vc_custom_1617781490924{margin-top: 20px !important;}\u00bb][vc_single_image image=\u00bb9452&#8243; img_size=\u00bbmedium\u00bb][\/vc_column][vc_column width=\u00bb1\/6&#8243;][\/vc_column][vc_column width=\u00bb1\/6&#8243;][\/vc_column][vc_column width=\u00bb1\/6&#8243;][\/vc_column][vc_column width=\u00bb1\/6&#8243;][vc_empty_space height=\u00bb40px\u00bb css=\u00bb.vc_custom_1744353530015{padding-right: 20px !important;}\u00bb][\/vc_column][vc_column width=\u00bb1\/6&#8243;][vc_empty_space height=\u00bb50px\u00bb][vc_single_image image=\u00bb11559&#8243; img_size=\u00bbmedium\u00bb onclick=\u00bbcustom_link\u00bb img_link_target=\u00bb_blank\u00bb css=\u00bb.vc_custom_1765273235145{padding-left: 55px !important;}\u00bb link=\u00bbhttps:\/\/summar.es\/\u00bb][\/vc_column][\/vc_row][vc_row][vc_column][vc_empty_space height=\u00bb55px\u00bb][\/vc_column][\/vc_row][vc_row][vc_column width=\u00bb1\/2&#8243;][vc_column_text] Gesti\u00f3n Horaria Gestiona el tiempo de trabajo [\/vc_column_text][\/vc_column][vc_column width=\u00bb1\/2&#8243;][vc_empty_space height=\u00bb30px\u00bb][vc_column_text] Solicita tu demo gratis [\/vc_column_text][vc_column_text] [\/vc_column_text][\/vc_column][\/vc_row][vc_row][vc_column][vc_empty_space height=\u00bb65px\u00bb][\/vc_column][\/vc_row][vc_column width=\u00bb1\/2&#8243; col_padding=\u00bb2&#8243; col_padding_side=\u00bbright\u00bb][\/vc_column][vc_column width=\u00bb1\/2&#8243; col_padding=\u00bb2&#8243; col_padding_side=\u00bbleft\u00bb][\/vc_column]\" \/>\r\n<meta property=\"og:url\" content=\"https:\/\/www.summar.es\/actualidad\/gestion-horaria-demo\/\" \/>\r\n<meta property=\"og:site_name\" content=\"Actualidad Summar\" \/>\r\n<meta name=\"twitter:card\" content=\"summary_large_image\" \/>\r\n<meta name=\"twitter:label1\" content=\"Tiempo de lectura\" \/>\n\t<meta name=\"twitter:data1\" content=\"1 minuto\" \/>\r\n<script type=\"application\/ld+json\" class=\"yoast-schema-graph\">{\"@context\":\"https:\/\/schema.org\",\"@graph\":[{\"@type\":\"WebPage\",\"@id\":\"https:\/\/www.summar.es\/actualidad\/gestion-horaria-demo\/\",\"url\":\"https:\/\/www.summar.es\/actualidad\/gestion-horaria-demo\/\",\"name\":\"Gesti\u00f3n Horaria - Solicitud de Demo - Actualidad Summar\",\"isPartOf\":{\"@id\":\"https:\/\/www.summar.es\/actualidad\/#website\"},\"datePublished\":\"2025-12-16T10:37:06+00:00\",\"dateModified\":\"2025-12-16T10:37:06+00:00\",\"breadcrumb\":{\"@id\":\"https:\/\/www.summar.es\/actualidad\/gestion-horaria-demo\/#breadcrumb\"},\"inLanguage\":\"es\",\"potentialAction\":[{\"@type\":\"ReadAction\",\"target\":[\"https:\/\/www.summar.es\/actualidad\/gestion-horaria-demo\/\"]}]},{\"@type\":\"BreadcrumbList\",\"@id\":\"https:\/\/www.summar.es\/actualidad\/gestion-horaria-demo\/#breadcrumb\",\"itemListElement\":[{\"@type\":\"ListItem\",\"position\":1,\"name\":\"Portada\",\"item\":\"https:\/\/www.summar.es\/actualidad\/\"},{\"@type\":\"ListItem\",\"position\":2,\"name\":\"Gesti\u00f3n Horaria &#8211; Solicitud de Demo\"}]},{\"@type\":\"WebSite\",\"@id\":\"https:\/\/www.summar.es\/actualidad\/#website\",\"url\":\"https:\/\/www.summar.es\/actualidad\/\",\"name\":\"Actualidad Summar\",\"description\":\"Temas de actualidad\",\"potentialAction\":[{\"@type\":\"SearchAction\",\"target\":{\"@type\":\"EntryPoint\",\"urlTemplate\":\"https:\/\/www.summar.es\/actualidad\/?s={search_term_string}\"},\"query-input\":\"required name=search_term_string\"}],\"inLanguage\":\"es\"}]}<\/script>\r\n<!-- \/ Yoast SEO plugin. -->","yoast_head_json":{"title":"Gesti\u00f3n Horaria - Solicitud de Demo - Actualidad Summar","robots":{"index":"index","follow":"follow","max-snippet":"max-snippet:-1","max-image-preview":"max-image-preview:large","max-video-preview":"max-video-preview:-1"},"canonical":"https:\/\/www.summar.es\/actualidad\/gestion-horaria-demo\/","og_locale":"es_ES","og_type":"article","og_title":"Gesti\u00f3n Horaria - Solicitud de Demo - Actualidad Summar","og_description":"[vc_row][vc_column width=\u00bb1\/6&#8243; css=\u00bb.vc_custom_1617781490924{margin-top: 20px !important;}\u00bb][vc_single_image image=\u00bb9452&#8243; img_size=\u00bbmedium\u00bb][\/vc_column][vc_column width=\u00bb1\/6&#8243;][\/vc_column][vc_column width=\u00bb1\/6&#8243;][\/vc_column][vc_column width=\u00bb1\/6&#8243;][\/vc_column][vc_column width=\u00bb1\/6&#8243;][vc_empty_space height=\u00bb40px\u00bb css=\u00bb.vc_custom_1744353530015{padding-right: 20px !important;}\u00bb][\/vc_column][vc_column width=\u00bb1\/6&#8243;][vc_empty_space height=\u00bb50px\u00bb][vc_single_image image=\u00bb11559&#8243; img_size=\u00bbmedium\u00bb onclick=\u00bbcustom_link\u00bb img_link_target=\u00bb_blank\u00bb css=\u00bb.vc_custom_1765273235145{padding-left: 55px !important;}\u00bb link=\u00bbhttps:\/\/summar.es\/\u00bb][\/vc_column][\/vc_row][vc_row][vc_column][vc_empty_space height=\u00bb55px\u00bb][\/vc_column][\/vc_row][vc_row][vc_column width=\u00bb1\/2&#8243;][vc_column_text] Gesti\u00f3n Horaria Gestiona el tiempo de trabajo [\/vc_column_text][\/vc_column][vc_column width=\u00bb1\/2&#8243;][vc_empty_space height=\u00bb30px\u00bb][vc_column_text] Solicita tu demo gratis [\/vc_column_text][vc_column_text] [\/vc_column_text][\/vc_column][\/vc_row][vc_row][vc_column][vc_empty_space height=\u00bb65px\u00bb][\/vc_column][\/vc_row][vc_column width=\u00bb1\/2&#8243; col_padding=\u00bb2&#8243; col_padding_side=\u00bbright\u00bb][\/vc_column][vc_column width=\u00bb1\/2&#8243; col_padding=\u00bb2&#8243; col_padding_side=\u00bbleft\u00bb][\/vc_column]","og_url":"https:\/\/www.summar.es\/actualidad\/gestion-horaria-demo\/","og_site_name":"Actualidad Summar","twitter_card":"summary_large_image","twitter_misc":{"Tiempo de lectura":"1 minuto"},"schema":{"@context":"https:\/\/schema.org","@graph":[{"@type":"WebPage","@id":"https:\/\/www.summar.es\/actualidad\/gestion-horaria-demo\/","url":"https:\/\/www.summar.es\/actualidad\/gestion-horaria-demo\/","name":"Gesti\u00f3n Horaria - Solicitud de Demo - Actualidad Summar","isPartOf":{"@id":"https:\/\/www.summar.es\/actualidad\/#website"},"datePublished":"2025-12-16T10:37:06+00:00","dateModified":"2025-12-16T10:37:06+00:00","breadcrumb":{"@id":"https:\/\/www.summar.es\/actualidad\/gestion-horaria-demo\/#breadcrumb"},"inLanguage":"es","potentialAction":[{"@type":"ReadAction","target":["https:\/\/www.summar.es\/actualidad\/gestion-horaria-demo\/"]}]},{"@type":"BreadcrumbList","@id":"https:\/\/www.summar.es\/actualidad\/gestion-horaria-demo\/#breadcrumb","itemListElement":[{"@type":"ListItem","position":1,"name":"Portada","item":"https:\/\/www.summar.es\/actualidad\/"},{"@type":"ListItem","position":2,"name":"Gesti\u00f3n Horaria &#8211; Solicitud de Demo"}]},{"@type":"WebSite","@id":"https:\/\/www.summar.es\/actualidad\/#website","url":"https:\/\/www.summar.es\/actualidad\/","name":"Actualidad Summar","description":"Temas de actualidad","potentialAction":[{"@type":"SearchAction","target":{"@type":"EntryPoint","urlTemplate":"https:\/\/www.summar.es\/actualidad\/?s={search_term_string}"},"query-input":"required name=search_term_string"}],"inLanguage":"es"}]}},"_links":{"self":[{"href":"https:\/\/www.summar.es\/actualidad\/wp-json\/wp\/v2\/pages\/11880"}],"collection":[{"href":"https:\/\/www.summar.es\/actualidad\/wp-json\/wp\/v2\/pages"}],"about":[{"href":"https:\/\/www.summar.es\/actualidad\/wp-json\/wp\/v2\/types\/page"}],"author":[{"embeddable":true,"href":"https:\/\/www.summar.es\/actualidad\/wp-json\/wp\/v2\/users\/1"}],"replies":[{"embeddable":true,"href":"https:\/\/www.summar.es\/actualidad\/wp-json\/wp\/v2\/comments?post=11880"}],"version-history":[{"count":2,"href":"https:\/\/www.summar.es\/actualidad\/wp-json\/wp\/v2\/pages\/11880\/revisions"}],"predecessor-version":[{"id":11889,"href":"https:\/\/www.summar.es\/actualidad\/wp-json\/wp\/v2\/pages\/11880\/revisions\/11889"}],"wp:attachment":[{"href":"https:\/\/www.summar.es\/actualidad\/wp-json\/wp\/v2\/media?parent=11880"}],"curies":[{"name":"wp","href":"https:\/\/api.w.org\/{rel}","templated":true}]}}