{"id":134,"date":"2020-12-22T09:43:14","date_gmt":"2020-12-22T10:43:14","guid":{"rendered":"https:\/\/www2.summar.es\/actualidad\/?page_id=134"},"modified":"2021-03-31T10:00:53","modified_gmt":"2021-03-31T11:00:53","slug":"recursos-summar","status":"publish","type":"page","link":"https:\/\/www.summar.es\/actualidad\/recursos-summar\/","title":{"rendered":"Recursos Summar"},"content":{"rendered":"<p>[vc_row css=\u00bb.vc_custom_1499354509958{padding-top: 90px !important;padding-bottom: 30px !important;}\u00bb][vc_column][vc_row_inner css=\u00bb.vc_custom_1493381079225{padding-bottom: 30px !important;}\u00bb][vc_column_inner width=\u00bb1\/3&#8243;][vc_single_image image=\u00bb3254&#8243;][vc_column_text]<\/p>\n<h5>Aprende a delegar el control de personal en los responsables de los centros de trabajo<\/h5>\n<p>La delegaci\u00f3n de la administraci\u00f3n de personal, especialmente en aquellas empresas con multitud de centros de trabajo, es fundamental para ganar en eficacia y agilidad. En esta demo te ense\u00f1amos c\u00f3mo el portal de n\u00f3mina puede conseguirlo.[\/vc_column_text][vc_separator][\/vc_column_inner][vc_column_inner width=\u00bb1\/3&#8243;][vc_column_text]<\/p>\n<h5><a href=\"https:\/\/www2.summar.es\/actualidad\/control-vacaciones\/\">Calculadora de vacaciones<\/a><\/h5>\n<p>El control del absentismo y la gesti\u00f3n de la diferencia entre las vacaciones devengadas y las disfrutadas, con independencia de que la empresa sea m\u00e1s o menos flexible, puede ser complicado. Por ello es necesario llevar una ficha de control para cada trabajador, que \u00e9ste deber\u00e1 cumplimentar y entregar a su supervisor. Esta calculadora puede ayudarte en esta gesti\u00f3n.[\/vc_column_text][vc_single_image image=\u00bb3296&#8243;][vc_separator][\/vc_column_inner][vc_column_inner width=\u00bb1\/3&#8243;][vc_single_image image=\u00bb3363&#8243;][vc_column_text]<\/p>\n<h5><a href=\"https:\/\/summar.clientlink.es\/calendario\">Calendario Fiscal. Las fechas importantes que debes saber<\/a><\/h5>\n<p>Ipsum dolor sit amet, consectetur adipiscing elit. Phasellus ultricies nisi at scelerisque pellentesque. Nunc feugiat felis vitae aliquet consequat. Aliquam ullamcorper.[\/vc_column_text][vc_separator][\/vc_column_inner][\/vc_row_inner][\/vc_column][\/vc_row][vc_row equal_height=\u00bbyes\u00bb content_placement=\u00bbmiddle\u00bb bg_color_pre=\u00bbbg-color-1&#8243; css=\u00bb.vc_custom_1499354472324{padding-top: 90px !important;padding-bottom: 90px !important;}\u00bb][vc_column width=\u00bb1\/2&#8243; col_padding=\u00bb2&#8243; col_padding_side=\u00bbright\u00bb][vc_single_image image=\u00bbhttp:\/\/engage.veented.com\/demo-main\/wp-content\/uploads\/sites\/104\/2017\/09\/square-7-700&#215;600.jpg\u00bb img_size=\u00bb700&#215;600&#8243; css_animation=\u00bbnone\u00bb css=\u00bb.vc_custom_1505387973519{margin-bottom: 0px !important;}\u00bb][\/vc_column][vc_column width=\u00bb1\/2&#8243; col_padding=\u00bb2&#8243; col_padding_side=\u00bbleft\u00bb][vc_column_text]<\/p>\n<h3>Service Name<\/h3>\n<p>We have been operating for over 30 years and are Members of The Federation of Master Builders. We work on projects big and small from small residential extensions to full house and commercial builds and we are registered NHBC house builders.[\/vc_column_text][\/vc_column][\/vc_row][vc_row equal_height=\u00bbyes\u00bb content_placement=\u00bbmiddle\u00bb css=\u00bb.vc_custom_1493822260304{padding-top: 90px !important;padding-bottom: 90px !important;}\u00bb][vc_column width=\u00bb1\/2&#8243; col_padding=\u00bb2&#8243; col_padding_side=\u00bbright\u00bb][vc_column_text]<\/p>\n<h3>Web Optimization<\/h3>\n<p>We have been operating for over 30 years and are Members of The Federation of Master Builders. We work on projects big and small from small residential extensions to full house and commercial builds and we are registered NHBC house builders.[\/vc_column_text][\/vc_column][vc_column width=\u00bb1\/2&#8243; col_padding=\u00bb2&#8243; col_padding_side=\u00bbleft\u00bb][vc_single_image image=\u00bbhttp:\/\/engage.veented.com\/demo-main\/wp-content\/uploads\/sites\/104\/2017\/07\/full-24-800&#215;700.jpg\u00bb img_size=\u00bb800&#215;700&#8243; css_animation=\u00bbnone\u00bb css=\u00bb.vc_custom_1505387895218{margin-bottom: 0px !important;}\u00bb][\/vc_column][\/vc_row][vc_row equal_height=\u00bbyes\u00bb content_placement=\u00bbmiddle\u00bb bg_color_pre=\u00bbbg-color-1&#8243; css=\u00bb.vc_custom_1499354472324{padding-top: 90px !important;padding-bottom: 90px !important;}\u00bb][vc_column width=\u00bb1\/2&#8243; col_padding=\u00bb2&#8243; col_padding_side=\u00bbright\u00bb][vc_single_image image=\u00bbhttp:\/\/engage.veented.com\/demo-main\/wp-content\/uploads\/sites\/104\/2017\/09\/square-13-800&#215;700.jpg\u00bb img_size=\u00bb800&#215;700&#8243; css_animation=\u00bbnone\u00bb frame=\u00bb\u00bb css=\u00bb.vc_custom_1505388087799{margin-bottom: 0px !important;}\u00bb][\/vc_column][vc_column width=\u00bb1\/2&#8243; col_padding=\u00bb2&#8243; col_padding_side=\u00bbleft\u00bb][vc_column_text]<\/p>\n<h2>Service Name<\/h2>\n<p>We have been operating for over 30 years and are Members of The Federation of Master Builders. We work on projects big and small from small residential extensions to full house and commercial builds and we are registered NHBC house builders.[\/vc_column_text][\/vc_column][\/vc_row][vc_row full_width=\u00bbstretch_row_content_no_spaces\u00bb bg_color_pre=\u00bbbg-color-accent\u00bb css=\u00bb.vc_custom_1494250403646{padding-top: 0px !important;}\u00bb][vc_column][vc_column_text]<div class=\"vntd-cta cta-text-color-white bg-color-none cta-align-center\"><div class=\"container\"><div class=\"row\"><div class=\"cta-texts\"><h2 class=\"cta-heading\"><span>Feeling convinced?<\/span><\/h2><p class=\"cta-subtitle\">I am a subtitle, feel free to change me!<\/p><\/div><div class=\"cta-buttons\"><a href=\"\" class=\"btn cta-btn1 btn-outline btn-white btn-hover-white\">Button Text<\/a><\/div><\/div><\/div><\/div>[\/vc_column_text][\/vc_column][\/vc_row]<\/p>\n","protected":false},"excerpt":{"rendered":"<p>[vc_row css=\u00bb.vc_custom_1499354509958{padding-top: 90px !important;padding-bottom: 30px !important;}\u00bb][vc_column][vc_row_inner css=\u00bb.vc_custom_1493381079225{padding-bottom: 30px !important;}\u00bb][vc_column_inner width=\u00bb1\/3&#8243;][vc_single_image image=\u00bb3254&#8243;][vc_column_text] Aprende a delegar el control de personal en los responsables de los centros de trabajo La delegaci\u00f3n de la administraci\u00f3n de personal, especialmente en aquellas empresas con multitud de centros de trabajo, es fundamental para ganar en eficacia y [&hellip;]<\/p>\n","protected":false},"author":1,"featured_media":0,"parent":0,"menu_order":0,"comment_status":"closed","ping_status":"closed","template":"","meta":{"footnotes":""},"yoast_head":"<!-- This site is optimized with the Yoast SEO plugin v21.4 - https:\/\/yoast.com\/wordpress\/plugins\/seo\/ -->\r\n<title>Recursos Summar - Actualidad Summar<\/title>\r\n<meta name=\"robots\" content=\"index, follow, max-snippet:-1, max-image-preview:large, max-video-preview:-1\" \/>\r\n<link rel=\"canonical\" href=\"https:\/\/www.summar.es\/actualidad\/recursos-summar\/\" \/>\r\n<meta property=\"og:locale\" content=\"es_ES\" \/>\r\n<meta property=\"og:type\" content=\"article\" \/>\r\n<meta property=\"og:title\" content=\"Recursos Summar - Actualidad Summar\" \/>\r\n<meta property=\"og:description\" content=\"[vc_row css=\u00bb.vc_custom_1499354509958{padding-top: 90px !important;padding-bottom: 30px !important;}\u00bb][vc_column][vc_row_inner css=\u00bb.vc_custom_1493381079225{padding-bottom: 30px !important;}\u00bb][vc_column_inner width=\u00bb1\/3&#8243;][vc_single_image image=\u00bb3254&#8243;][vc_column_text] Aprende a delegar el control de personal en los responsables de los centros de trabajo La delegaci\u00f3n de la administraci\u00f3n de personal, especialmente en aquellas empresas con multitud de centros de trabajo, es fundamental para ganar en eficacia y [&hellip;]\" \/>\r\n<meta property=\"og:url\" content=\"https:\/\/www.summar.es\/actualidad\/recursos-summar\/\" \/>\r\n<meta property=\"og:site_name\" content=\"Actualidad Summar\" \/>\r\n<meta property=\"article:modified_time\" content=\"2021-03-31T11:00:53+00:00\" \/>\r\n<meta name=\"twitter:card\" content=\"summary_large_image\" \/>\r\n<meta name=\"twitter:label1\" content=\"Tiempo de lectura\" \/>\n\t<meta name=\"twitter:data1\" content=\"3 minutos\" \/>\r\n<script type=\"application\/ld+json\" class=\"yoast-schema-graph\">{\"@context\":\"https:\/\/schema.org\",\"@graph\":[{\"@type\":\"WebPage\",\"@id\":\"https:\/\/www.summar.es\/actualidad\/recursos-summar\/\",\"url\":\"https:\/\/www.summar.es\/actualidad\/recursos-summar\/\",\"name\":\"Recursos Summar - Actualidad Summar\",\"isPartOf\":{\"@id\":\"https:\/\/www.summar.es\/actualidad\/#website\"},\"datePublished\":\"2020-12-22T10:43:14+00:00\",\"dateModified\":\"2021-03-31T11:00:53+00:00\",\"breadcrumb\":{\"@id\":\"https:\/\/www.summar.es\/actualidad\/recursos-summar\/#breadcrumb\"},\"inLanguage\":\"es\",\"potentialAction\":[{\"@type\":\"ReadAction\",\"target\":[\"https:\/\/www.summar.es\/actualidad\/recursos-summar\/\"]}]},{\"@type\":\"BreadcrumbList\",\"@id\":\"https:\/\/www.summar.es\/actualidad\/recursos-summar\/#breadcrumb\",\"itemListElement\":[{\"@type\":\"ListItem\",\"position\":1,\"name\":\"Portada\",\"item\":\"https:\/\/www.summar.es\/actualidad\/\"},{\"@type\":\"ListItem\",\"position\":2,\"name\":\"Recursos Summar\"}]},{\"@type\":\"WebSite\",\"@id\":\"https:\/\/www.summar.es\/actualidad\/#website\",\"url\":\"https:\/\/www.summar.es\/actualidad\/\",\"name\":\"Actualidad Summar\",\"description\":\"Temas de actualidad\",\"potentialAction\":[{\"@type\":\"SearchAction\",\"target\":{\"@type\":\"EntryPoint\",\"urlTemplate\":\"https:\/\/www.summar.es\/actualidad\/?s={search_term_string}\"},\"query-input\":\"required name=search_term_string\"}],\"inLanguage\":\"es\"}]}<\/script>\r\n<!-- \/ Yoast SEO plugin. -->","yoast_head_json":{"title":"Recursos Summar - Actualidad Summar","robots":{"index":"index","follow":"follow","max-snippet":"max-snippet:-1","max-image-preview":"max-image-preview:large","max-video-preview":"max-video-preview:-1"},"canonical":"https:\/\/www.summar.es\/actualidad\/recursos-summar\/","og_locale":"es_ES","og_type":"article","og_title":"Recursos Summar - Actualidad Summar","og_description":"[vc_row css=\u00bb.vc_custom_1499354509958{padding-top: 90px !important;padding-bottom: 30px !important;}\u00bb][vc_column][vc_row_inner css=\u00bb.vc_custom_1493381079225{padding-bottom: 30px !important;}\u00bb][vc_column_inner width=\u00bb1\/3&#8243;][vc_single_image image=\u00bb3254&#8243;][vc_column_text] Aprende a delegar el control de personal en los responsables de los centros de trabajo La delegaci\u00f3n de la administraci\u00f3n de personal, especialmente en aquellas empresas con multitud de centros de trabajo, es fundamental para ganar en eficacia y [&hellip;]","og_url":"https:\/\/www.summar.es\/actualidad\/recursos-summar\/","og_site_name":"Actualidad Summar","article_modified_time":"2021-03-31T11:00:53+00:00","twitter_card":"summary_large_image","twitter_misc":{"Tiempo de lectura":"3 minutos"},"schema":{"@context":"https:\/\/schema.org","@graph":[{"@type":"WebPage","@id":"https:\/\/www.summar.es\/actualidad\/recursos-summar\/","url":"https:\/\/www.summar.es\/actualidad\/recursos-summar\/","name":"Recursos Summar - Actualidad Summar","isPartOf":{"@id":"https:\/\/www.summar.es\/actualidad\/#website"},"datePublished":"2020-12-22T10:43:14+00:00","dateModified":"2021-03-31T11:00:53+00:00","breadcrumb":{"@id":"https:\/\/www.summar.es\/actualidad\/recursos-summar\/#breadcrumb"},"inLanguage":"es","potentialAction":[{"@type":"ReadAction","target":["https:\/\/www.summar.es\/actualidad\/recursos-summar\/"]}]},{"@type":"BreadcrumbList","@id":"https:\/\/www.summar.es\/actualidad\/recursos-summar\/#breadcrumb","itemListElement":[{"@type":"ListItem","position":1,"name":"Portada","item":"https:\/\/www.summar.es\/actualidad\/"},{"@type":"ListItem","position":2,"name":"Recursos Summar"}]},{"@type":"WebSite","@id":"https:\/\/www.summar.es\/actualidad\/#website","url":"https:\/\/www.summar.es\/actualidad\/","name":"Actualidad Summar","description":"Temas de actualidad","potentialAction":[{"@type":"SearchAction","target":{"@type":"EntryPoint","urlTemplate":"https:\/\/www.summar.es\/actualidad\/?s={search_term_string}"},"query-input":"required name=search_term_string"}],"inLanguage":"es"}]}},"_links":{"self":[{"href":"https:\/\/www.summar.es\/actualidad\/wp-json\/wp\/v2\/pages\/134"}],"collection":[{"href":"https:\/\/www.summar.es\/actualidad\/wp-json\/wp\/v2\/pages"}],"about":[{"href":"https:\/\/www.summar.es\/actualidad\/wp-json\/wp\/v2\/types\/page"}],"author":[{"embeddable":true,"href":"https:\/\/www.summar.es\/actualidad\/wp-json\/wp\/v2\/users\/1"}],"replies":[{"embeddable":true,"href":"https:\/\/www.summar.es\/actualidad\/wp-json\/wp\/v2\/comments?post=134"}],"version-history":[{"count":9,"href":"https:\/\/www.summar.es\/actualidad\/wp-json\/wp\/v2\/pages\/134\/revisions"}],"predecessor-version":[{"id":11340,"href":"https:\/\/www.summar.es\/actualidad\/wp-json\/wp\/v2\/pages\/134\/revisions\/11340"}],"wp:attachment":[{"href":"https:\/\/www.summar.es\/actualidad\/wp-json\/wp\/v2\/media?parent=134"}],"curies":[{"name":"wp","href":"https:\/\/api.w.org\/{rel}","templated":true}]}}