{"id":4270,"date":"2022-02-15T07:06:43","date_gmt":"2022-02-15T08:06:43","guid":{"rendered":"https:\/\/www.summar.es\/actualidad\/?page_id=4270"},"modified":"2022-03-10T13:17:56","modified_gmt":"2022-03-10T14:17:56","slug":"kit-digital-software-fiscal-taxor","status":"publish","type":"page","link":"https:\/\/www.summar.es\/actualidad\/kit-digital-software-fiscal-taxor\/","title":{"rendered":"Kit &#8211; Taxor"},"content":{"rendered":"<p>[vc_row equal_height=\u00bbyes\u00bb content_placement=\u00bbmiddle\u00bb][vc_column width=\u00bb1\/4&#8243; col_padding=\u00bb2&#8243; col_padding_side=\u00bbright\u00bb][vc_single_image image=\u00bb3185&#8243; onclick=\u00bbcustom_link\u00bb css_animation=\u00bbnone\u00bb css=\u00bb.vc_custom_1646311887034{margin-bottom: 0px !important;}\u00bb link=\u00bbhttps:\/\/www.summar.es\/actualidad\/kit-digital\/\u00bb][\/vc_column][vc_column width=\u00bb3\/4&#8243;][\/vc_column][\/vc_row][vc_row equal_height=\u00bbyes\u00bb content_placement=\u00bbmiddle\u00bb css=\u00bb.vc_custom_1645100283715{padding-top: 50px !important;}\u00bb][vc_column width=\u00bb1\/2&#8243; col_padding=\u00bb2&#8243; col_padding_side=\u00bbright\u00bb][vc_column_text font_size=\u00bbmedium\u00bb]<\/p>\n<h1><strong><span style=\"color: #1d63a0;\">Taxor. Software Fiscal SaaS<\/span><\/strong><\/h1>\n<p><strong>Categor\u00eda<\/strong>: Gesti\u00f3n de Procesos<\/p>\n<p><strong>Segmento I, II y III<\/strong>: Empresas de 0 a 2 trabajadores, de 3 a 10 y de 10 a 49 trabajadores de todos los sectores y de todo el territorio nacional.<\/p>\n<p>Taxor Cloud es un software en la nube desarrollado en la tecnolog\u00eda Microsoft Business Central que resuelve la necesidad de las Empresas de elaborar y presentar de forma automatizada los impuestos y declaraciones, la elaboraci\u00f3n de ratios e informes de gesti\u00f3n y la gesti\u00f3n de la informaci\u00f3n fiscal y jur\u00eddica, aprovechando para ello la informaci\u00f3n contable de Business Central.<\/p>\n<p>La soluci\u00f3n permite la digitalizaci\u00f3n y\/o automatizaci\u00f3n de procesos y flujos de trabajo de los impuestos y declaraciones m\u00e1s habituales, ratios e informes de gesti\u00f3n, a partir de la informaci\u00f3n contable de Dynamics 365 BC \/ NAV as\u00ed como la gesti\u00f3n de la informaci\u00f3n de \u00edndole fiscal y jur\u00eddica de la empresa.<\/p>\n<ul>\n<li>Est\u00e1 integrado con diversas plataformas.<\/li>\n<li>Se actualiza de forma peri\u00f3dica consecuencia de mejoras tecnol\u00f3gicas, funcionales, legales, de mantenimiento.<\/li>\n<li>Es una soluci\u00f3n que se adapta al crecimiento de la empresa.<\/li>\n<li>Informes: Toda la informaci\u00f3n puede ser explotada para su an\u00e1lisis, mediante herramientas propias o externas.<\/li>\n<\/ul>\n<p><em>*El contenido de esta p\u00e1gina atiende a los requisitos establecidos en la regulaci\u00f3n del Programa Kit Digital de Acelera Pyme, para informaci\u00f3n m\u00e1s detallada consulta la web de Taxor.<\/em>[\/vc_column_text][\/vc_column][vc_column width=\u00bb1\/2&#8243; col_padding=\u00bb2&#8243; col_padding_side=\u00bbleft\u00bb][vc_single_image image=\u00bb4409&#8243;][\/vc_column][\/vc_row][vc_row equal_height=\u00bbyes\u00bb content_placement=\u00bbmiddle\u00bb css=\u00bb.vc_custom_1646310178901{border-top-width: 50px !important;border-bottom-width: 50px !important;padding-top: 90px !important;padding-bottom: 90px !important;background-color: #f8f8f8 !important;}\u00bb][vc_column][vc_column_text]<\/p>\n<h2 style=\"text-align: center;\">Automatiza la gesti\u00f3n de tus impuestos<\/h2>\n<p>[\/vc_column_text][vc_column_text font_size=\u00bbmedium\u00bb]<\/p>\n<p style=\"text-align: center;\"><strong><em>Precio desde 3.500 a 20.500 euros*<\/em><\/strong><\/p>\n<p style=\"text-align: center;\"><strong><em>Subvenci\u00f3n hasta 6.000 euros<\/em><\/strong><\/p>\n<p style=\"text-align: center;\">*El precio variar\u00e1 en funci\u00f3n del n\u00famero de usuarios y seg\u00fan los servicios de parametrizaci\u00f3n y migraci\u00f3n de datos requeridos.<\/p>\n<p>[\/vc_column_text][\/vc_column][\/vc_row][vc_row full_width=\u00bbstretch_row_content_no_spaces\u00bb bg_color_pre=\u00bbbg-color-accent\u00bb css=\u00bb.vc_custom_1494250403646{padding-top: 0px !important;}\u00bb][vc_column][vc_column_text]<\/p>\n<h2 style=\"text-align: center;\"><span style=\"color: #ffffff;\">\u00bfNecesitas m\u00e1s detalles?<\/span><\/h2>\n<p>[\/vc_column_text][vc_column_text][\/vc_column_text][vc_btn title=\u00bbM\u00c1S INFORMACI\u00d3N EN LA WEB DE TAXOR\u00bb style=\u00bboutline\u00bb shape=\u00bbsquare\u00bb color=\u00bbwhite\u00bb align=\u00bbcenter\u00bb link=\u00bburl:https%3A%2F%2Fwww.summar.es%2Fsoftware-fiscal-taxor%2F|target:_blank\u00bb][vc_column_text][\/vc_column_text][\/vc_column][\/vc_row][vc_row][vc_column width=\u00bb1\/4&#8243;][\/vc_column][vc_column width=\u00bb1\/2&#8243;][vc_single_image image=\u00bb4071&#8243;][\/vc_column][vc_column width=\u00bb1\/4&#8243;][\/vc_column][\/vc_row]<\/p>\n","protected":false},"excerpt":{"rendered":"<p>[vc_row equal_height=\u00bbyes\u00bb content_placement=\u00bbmiddle\u00bb][vc_column width=\u00bb1\/4&#8243; col_padding=\u00bb2&#8243; col_padding_side=\u00bbright\u00bb][vc_single_image image=\u00bb3185&#8243; onclick=\u00bbcustom_link\u00bb css_animation=\u00bbnone\u00bb css=\u00bb.vc_custom_1646311887034{margin-bottom: 0px !important;}\u00bb link=\u00bbhttps:\/\/www.summar.es\/actualidad\/kit-digital\/\u00bb][\/vc_column][vc_column width=\u00bb3\/4&#8243;][\/vc_column][\/vc_row][vc_row equal_height=\u00bbyes\u00bb content_placement=\u00bbmiddle\u00bb css=\u00bb.vc_custom_1645100283715{padding-top: 50px !important;}\u00bb][vc_column width=\u00bb1\/2&#8243; col_padding=\u00bb2&#8243; col_padding_side=\u00bbright\u00bb][vc_column_text font_size=\u00bbmedium\u00bb] Taxor. Software Fiscal SaaS Categor\u00eda: Gesti\u00f3n de Procesos Segmento I, II y III: Empresas de 0 a 2 trabajadores, de 3 a 10 y de 10 a [&hellip;]<\/p>\n","protected":false},"author":1,"featured_media":0,"parent":0,"menu_order":0,"comment_status":"closed","ping_status":"closed","template":"template-blank.php","meta":{"footnotes":""},"yoast_head":"<!-- This site is optimized with the Yoast SEO plugin v21.4 - https:\/\/yoast.com\/wordpress\/plugins\/seo\/ -->\r\n<title>Kit - Taxor - Actualidad Summar<\/title>\r\n<meta name=\"robots\" content=\"index, follow, max-snippet:-1, max-image-preview:large, max-video-preview:-1\" \/>\r\n<link rel=\"canonical\" href=\"https:\/\/www.summar.es\/actualidad\/kit-digital-software-fiscal-taxor\/\" \/>\r\n<meta property=\"og:locale\" content=\"es_ES\" \/>\r\n<meta property=\"og:type\" content=\"article\" \/>\r\n<meta property=\"og:title\" content=\"Kit - Taxor - Actualidad Summar\" \/>\r\n<meta property=\"og:description\" content=\"[vc_row equal_height=\u00bbyes\u00bb content_placement=\u00bbmiddle\u00bb][vc_column width=\u00bb1\/4&#8243; col_padding=\u00bb2&#8243; col_padding_side=\u00bbright\u00bb][vc_single_image image=\u00bb3185&#8243; onclick=\u00bbcustom_link\u00bb css_animation=\u00bbnone\u00bb css=\u00bb.vc_custom_1646311887034{margin-bottom: 0px !important;}\u00bb link=\u00bbhttps:\/\/www.summar.es\/actualidad\/kit-digital\/\u00bb][\/vc_column][vc_column width=\u00bb3\/4&#8243;][\/vc_column][\/vc_row][vc_row equal_height=\u00bbyes\u00bb content_placement=\u00bbmiddle\u00bb css=\u00bb.vc_custom_1645100283715{padding-top: 50px !important;}\u00bb][vc_column width=\u00bb1\/2&#8243; col_padding=\u00bb2&#8243; col_padding_side=\u00bbright\u00bb][vc_column_text font_size=\u00bbmedium\u00bb] Taxor. Software Fiscal SaaS Categor\u00eda: Gesti\u00f3n de Procesos Segmento I, II y III: Empresas de 0 a 2 trabajadores, de 3 a 10 y de 10 a [&hellip;]\" \/>\r\n<meta property=\"og:url\" content=\"https:\/\/www.summar.es\/actualidad\/kit-digital-software-fiscal-taxor\/\" \/>\r\n<meta property=\"og:site_name\" content=\"Actualidad Summar\" \/>\r\n<meta property=\"article:modified_time\" content=\"2022-03-10T14:17:56+00:00\" \/>\r\n<meta name=\"twitter:card\" content=\"summary_large_image\" \/>\r\n<meta name=\"twitter:label1\" content=\"Tiempo de lectura\" \/>\n\t<meta name=\"twitter:data1\" content=\"2 minutos\" \/>\r\n<script type=\"application\/ld+json\" class=\"yoast-schema-graph\">{\"@context\":\"https:\/\/schema.org\",\"@graph\":[{\"@type\":\"WebPage\",\"@id\":\"https:\/\/www.summar.es\/actualidad\/kit-digital-software-fiscal-taxor\/\",\"url\":\"https:\/\/www.summar.es\/actualidad\/kit-digital-software-fiscal-taxor\/\",\"name\":\"Kit - Taxor - Actualidad Summar\",\"isPartOf\":{\"@id\":\"https:\/\/www.summar.es\/actualidad\/#website\"},\"datePublished\":\"2022-02-15T08:06:43+00:00\",\"dateModified\":\"2022-03-10T14:17:56+00:00\",\"breadcrumb\":{\"@id\":\"https:\/\/www.summar.es\/actualidad\/kit-digital-software-fiscal-taxor\/#breadcrumb\"},\"inLanguage\":\"es\",\"potentialAction\":[{\"@type\":\"ReadAction\",\"target\":[\"https:\/\/www.summar.es\/actualidad\/kit-digital-software-fiscal-taxor\/\"]}]},{\"@type\":\"BreadcrumbList\",\"@id\":\"https:\/\/www.summar.es\/actualidad\/kit-digital-software-fiscal-taxor\/#breadcrumb\",\"itemListElement\":[{\"@type\":\"ListItem\",\"position\":1,\"name\":\"Portada\",\"item\":\"https:\/\/www.summar.es\/actualidad\/\"},{\"@type\":\"ListItem\",\"position\":2,\"name\":\"Kit &#8211; Taxor\"}]},{\"@type\":\"WebSite\",\"@id\":\"https:\/\/www.summar.es\/actualidad\/#website\",\"url\":\"https:\/\/www.summar.es\/actualidad\/\",\"name\":\"Actualidad Summar\",\"description\":\"Temas de actualidad\",\"potentialAction\":[{\"@type\":\"SearchAction\",\"target\":{\"@type\":\"EntryPoint\",\"urlTemplate\":\"https:\/\/www.summar.es\/actualidad\/?s={search_term_string}\"},\"query-input\":\"required name=search_term_string\"}],\"inLanguage\":\"es\"}]}<\/script>\r\n<!-- \/ Yoast SEO plugin. -->","yoast_head_json":{"title":"Kit - Taxor - Actualidad Summar","robots":{"index":"index","follow":"follow","max-snippet":"max-snippet:-1","max-image-preview":"max-image-preview:large","max-video-preview":"max-video-preview:-1"},"canonical":"https:\/\/www.summar.es\/actualidad\/kit-digital-software-fiscal-taxor\/","og_locale":"es_ES","og_type":"article","og_title":"Kit - Taxor - Actualidad Summar","og_description":"[vc_row equal_height=\u00bbyes\u00bb content_placement=\u00bbmiddle\u00bb][vc_column width=\u00bb1\/4&#8243; col_padding=\u00bb2&#8243; col_padding_side=\u00bbright\u00bb][vc_single_image image=\u00bb3185&#8243; onclick=\u00bbcustom_link\u00bb css_animation=\u00bbnone\u00bb css=\u00bb.vc_custom_1646311887034{margin-bottom: 0px !important;}\u00bb link=\u00bbhttps:\/\/www.summar.es\/actualidad\/kit-digital\/\u00bb][\/vc_column][vc_column width=\u00bb3\/4&#8243;][\/vc_column][\/vc_row][vc_row equal_height=\u00bbyes\u00bb content_placement=\u00bbmiddle\u00bb css=\u00bb.vc_custom_1645100283715{padding-top: 50px !important;}\u00bb][vc_column width=\u00bb1\/2&#8243; col_padding=\u00bb2&#8243; col_padding_side=\u00bbright\u00bb][vc_column_text font_size=\u00bbmedium\u00bb] Taxor. Software Fiscal SaaS Categor\u00eda: Gesti\u00f3n de Procesos Segmento I, II y III: Empresas de 0 a 2 trabajadores, de 3 a 10 y de 10 a [&hellip;]","og_url":"https:\/\/www.summar.es\/actualidad\/kit-digital-software-fiscal-taxor\/","og_site_name":"Actualidad Summar","article_modified_time":"2022-03-10T14:17:56+00:00","twitter_card":"summary_large_image","twitter_misc":{"Tiempo de lectura":"2 minutos"},"schema":{"@context":"https:\/\/schema.org","@graph":[{"@type":"WebPage","@id":"https:\/\/www.summar.es\/actualidad\/kit-digital-software-fiscal-taxor\/","url":"https:\/\/www.summar.es\/actualidad\/kit-digital-software-fiscal-taxor\/","name":"Kit - Taxor - Actualidad Summar","isPartOf":{"@id":"https:\/\/www.summar.es\/actualidad\/#website"},"datePublished":"2022-02-15T08:06:43+00:00","dateModified":"2022-03-10T14:17:56+00:00","breadcrumb":{"@id":"https:\/\/www.summar.es\/actualidad\/kit-digital-software-fiscal-taxor\/#breadcrumb"},"inLanguage":"es","potentialAction":[{"@type":"ReadAction","target":["https:\/\/www.summar.es\/actualidad\/kit-digital-software-fiscal-taxor\/"]}]},{"@type":"BreadcrumbList","@id":"https:\/\/www.summar.es\/actualidad\/kit-digital-software-fiscal-taxor\/#breadcrumb","itemListElement":[{"@type":"ListItem","position":1,"name":"Portada","item":"https:\/\/www.summar.es\/actualidad\/"},{"@type":"ListItem","position":2,"name":"Kit &#8211; Taxor"}]},{"@type":"WebSite","@id":"https:\/\/www.summar.es\/actualidad\/#website","url":"https:\/\/www.summar.es\/actualidad\/","name":"Actualidad Summar","description":"Temas de actualidad","potentialAction":[{"@type":"SearchAction","target":{"@type":"EntryPoint","urlTemplate":"https:\/\/www.summar.es\/actualidad\/?s={search_term_string}"},"query-input":"required name=search_term_string"}],"inLanguage":"es"}]}},"_links":{"self":[{"href":"https:\/\/www.summar.es\/actualidad\/wp-json\/wp\/v2\/pages\/4270"}],"collection":[{"href":"https:\/\/www.summar.es\/actualidad\/wp-json\/wp\/v2\/pages"}],"about":[{"href":"https:\/\/www.summar.es\/actualidad\/wp-json\/wp\/v2\/types\/page"}],"author":[{"embeddable":true,"href":"https:\/\/www.summar.es\/actualidad\/wp-json\/wp\/v2\/users\/1"}],"replies":[{"embeddable":true,"href":"https:\/\/www.summar.es\/actualidad\/wp-json\/wp\/v2\/comments?post=4270"}],"version-history":[{"count":30,"href":"https:\/\/www.summar.es\/actualidad\/wp-json\/wp\/v2\/pages\/4270\/revisions"}],"predecessor-version":[{"id":4622,"href":"https:\/\/www.summar.es\/actualidad\/wp-json\/wp\/v2\/pages\/4270\/revisions\/4622"}],"wp:attachment":[{"href":"https:\/\/www.summar.es\/actualidad\/wp-json\/wp\/v2\/media?parent=4270"}],"curies":[{"name":"wp","href":"https:\/\/api.w.org\/{rel}","templated":true}]}}