{"id":5147,"date":"2022-09-16T06:40:18","date_gmt":"2022-09-16T07:40:18","guid":{"rendered":"https:\/\/www.summar.es\/actualidad\/?page_id=5147"},"modified":"2024-10-17T12:34:04","modified_gmt":"2024-10-17T13:34:04","slug":"conciliacion-bancaria-n43","status":"publish","type":"page","link":"https:\/\/www.summar.es\/actualidad\/conciliacion-bancaria-n43\/","title":{"rendered":"conciliaci\u00f3n bancaria N43"},"content":{"rendered":"<p>[vc_row][vc_column width=\u00bb1\/4&#8243; css=\u00bb.vc_custom_1617781490924{margin-top: 20px !important;}\u00bb][vc_single_image image=\u00bb3185&#8243; onclick=\u00bbcustom_link\u00bb img_link_target=\u00bb_blank\u00bb link=\u00bbhttps:\/\/www.summar.es\/software-asesorias\/\u00bb][\/vc_column][vc_column width=\u00bb3\/4&#8243;][\/vc_column][\/vc_row][vc_row equal_height=\u00bbyes\u00bb content_placement=\u00bbmiddle\u00bb][vc_column width=\u00bb2\/3&#8243; col_padding=\u00bb2&#8243; col_padding_side=\u00bbright\u00bb][vc_column_text font_size=\u00bbmedium\u00bb]<\/p>\n<h1><strong><span style=\"color: #1d63a0;\">Conciliaci\u00f3n autom\u00e1tica y masiva<\/span><\/strong><\/h1>\n<p style=\"text-align: left;\">El conector de Suasor con la soluci\u00f3n de descarga de N43 de CBI te permitir\u00e1 importar masivamente las transacciones bancarias a los diarios de conciliaciones de Suasor.<\/p>\n<p style=\"text-align: left;\">Adem\u00e1s, mediante un panel de control, podr\u00e1s\u00a0acceder directamente a los diarios\u00a0de todas tus empresas contables para revisar o editar las conciliaciones propuestas por Suasor, as\u00ed como configurar nuevas cuentas o liquidaciones.<\/p>\n<p>[\/vc_column_text][\/vc_column][vc_column width=\u00bb1\/3&#8243; col_padding=\u00bb2&#8243; col_padding_side=\u00bbleft\u00bb][vc_single_image image=\u00bb4672&#8243; img_size=\u00bbmedium\u00bb alignment=\u00bbcenter\u00bb onclick=\u00bbcustom_link\u00bb img_link_target=\u00bb_blank\u00bb css_animation=\u00bbnone\u00bb css=\u00bb.vc_custom_1729172036494{margin-bottom: 0px !important;}\u00bb link=\u00bbhttps:\/\/vimeo.com\/751149598\/d5cb062837&#8243;][\/vc_column][\/vc_row][vc_row css=\u00bb.vc_custom_1661423431935{padding-top: 85px !important;padding-bottom: 45px !important;}\u00bb][vc_column width=\u00bb1\/3&#8243;][vc_single_image image=\u00bb4520&#8243; img_size=\u00bbmedium\u00bb alignment=\u00bbcenter\u00bb][vc_column_text]<\/p>\n<h3 style=\"text-align: center;\">Importaci\u00f3n masiva<\/h3>\n<p style=\"text-align: center;\">Sincroniza de forma peri\u00f3dica, de forma desatendida y masiva los ficheros de la Norma 43 de cada banco y de todos los clientes<\/p>\n<p>[\/vc_column_text][\/vc_column][vc_column width=\u00bb1\/3&#8243;][vc_single_image image=\u00bb4527&#8243; img_size=\u00bbmedium\u00bb alignment=\u00bbcenter\u00bb onclick=\u00bbcustom_link\u00bb][vc_column_text]<\/p>\n<h3 style=\"text-align: center;\">Nuevo Panel de Control<\/h3>\n<p style=\"text-align: center;\">Visualiza, accede y opera sobre la conciliaci\u00f3n<br \/>\nde los pagos de cada empresa contable.<\/p>\n<p>[\/vc_column_text][\/vc_column][vc_column width=\u00bb1\/3&#8243;][vc_single_image image=\u00bb4189&#8243; img_size=\u00bbmedium\u00bb alignment=\u00bbcenter\u00bb][vc_column_text]<\/p>\n<h3 style=\"text-align: center;\">Amplia oferta<\/h3>\n<p style=\"text-align: center;\">Conexi\u00f3n con el 100% de los bancos<br \/>\nque operan en Espa\u00f1a<\/p>\n<p>[\/vc_column_text][\/vc_column][\/vc_row][vc_row equal_height=\u00bbyes\u00bb content_placement=\u00bbmiddle\u00bb bg_color_pre=\u00bbbg-color-1&#8243;][vc_column col_padding=\u00bb2&#8243; col_padding_side=\u00bbright\u00bb][vc_column_text font_size=\u00bbmedium\u00bb css=\u00bb.vc_custom_1669890936781{padding-top: 20px !important;}\u00bb]<\/p>\n<h2 style=\"text-align: left;\"><strong><span style=\"color: #1d63a0;\">Con la conciliaci\u00f3n bancaria de Suasor podr\u00e1s<\/span><\/strong><\/h2>\n<p>[\/vc_column_text][\/vc_column][vc_column width=\u00bb1\/2&#8243;][vc_column_text]<\/p>\n<p style=\"text-align: left;\"><div class=\"vntd-icon-list icon-list-simple icon-list-basic icon-list-color-accent-3\"><ul class=\"icon-list\"><li><i class=\"far fa-check-circle color-accent-3\"><\/i>Ahorrar tiempo en la importaci\u00f3n de las transacciones bancarias<\/li><li><i class=\"far fa-check-circle color-accent-3\"><\/i>Evitar errores propios de la introducci\u00f3n de datos manualmente<\/li><li><i class=\"far fa-check-circle color-accent-3\"><\/i>Revisar la propuesta de conciliaci\u00f3n bancaria y modificarla si quieres<\/li><\/ul><\/div>\n<p>[\/vc_column_text][\/vc_column][vc_column width=\u00bb1\/2&#8243;][vc_single_image image=\u00bb5152&#8243; img_size=\u00bbmedium\u00bb alignment=\u00bbcenter\u00bb css_animation=\u00bbnone\u00bb css=\u00bb.vc_custom_1663314005417{margin-bottom: 0px !important;}\u00bb][\/vc_column][\/vc_row][vc_row css=\u00bb.vc_custom_1661423450454{padding-top: 85px !important;padding-bottom: 45px !important;}\u00bb][vc_column][vc_column_text font_size=\u00bbmedium\u00bb]<\/p>\n<h2 id=\"categorias\" style=\"text-align: center;\">Empieza a usar el nuevo conector de Conciliaci\u00f3n bancaria y aprovecha las ventajas<\/h2>\n<p>[\/vc_column_text][vc_column_text]<\/p>\n<p style=\"text-align: center;\">Disponible en suscripci\u00f3n mensual sin compromiso de permanencia.<\/p>\n<p>[\/vc_column_text][\/vc_column][vc_column width=\u00bb1\/3&#8243;][\/vc_column][vc_column width=\u00bb1\/3&#8243;][vc_btn title=\u00bbCONTACTAR AHORA\u00bb shape=\u00bbsquare\u00bb color=\u00bbwarning\u00bb size=\u00bblg\u00bb align=\u00bbcenter\u00bb link=\u00bburl:mailto%3Ainfolabor%40summar.es|target:_blank|rel:nofollow\u00bb][\/vc_column][vc_column width=\u00bb1\/3&#8243;][\/vc_column][\/vc_row][vc_row equal_height=\u00bbyes\u00bb content_placement=\u00bbmiddle\u00bb bg_color_pre=\u00bbbg-color-2&#8243; css=\u00bb.vc_custom_1667469045419{padding-top: 90px !important;padding-bottom: 90px !important;}\u00bb][vc_column css_animation=\u00bbleft-to-right\u00bb width=\u00bb1\/2&#8243; col_padding=\u00bb2&#8243; col_padding_side=\u00bbright\u00bb css=\u00bb.vc_custom_1626679915418{margin-top: 0px !important;border-top-width: 0px !important;padding-top: 0px !important;}\u00bb][vc_column_text font_size=\u00bbmedium\u00bb css=\u00bb.vc_custom_1667471121466{margin-top: 0px !important;border-top-width: 0px !important;padding-top: 0px !important;}\u00bb]<\/p>\n<h1>\u00bfYa tienes activo el conector?<br \/>\nSu uso es muy f\u00e1cil<\/h1>\n<p>La conciliaci\u00f3n bancaria a trav\u00e9s del conector de la Norma 43 de BankinPlay permite la descarga masiva y autom\u00e1tica de los asientos contables de todas las empresas que tengas configuradas. Aqu\u00ed encontrar\u00e1s un <strong>v\u00eddeo<\/strong> y una <strong>gu\u00eda de uso<\/strong> para que saques el m\u00e1ximo provecho de esta herramienta.[\/vc_column_text][\/vc_column][vc_column width=\u00bb1\/2&#8243; col_padding=\u00bb2&#8243; col_padding_side=\u00bbleft\u00bb css=\u00bb.vc_custom_1623230689617{margin-top: 0px !important;border-top-width: 0px !important;padding-top: 0px !important;}\u00bb][vc_single_image image=\u00bb4672&#8243; img_size=\u00bbmedium\u00bb alignment=\u00bbcenter\u00bb onclick=\u00bbcustom_link\u00bb img_link_target=\u00bb_blank\u00bb css_animation=\u00bbright-to-left\u00bb css=\u00bb.vc_custom_1729171745734{margin-bottom: 0px !important;}\u00bb link=\u00bbhttps:\/\/vimeo.com\/summar\/conciliacion-bancaria-n43?share=copy\u00bb][vc_row_inner][vc_column_inner][vc_column_text]<\/p>\n<p style=\"text-align: center;\"><a style=\"color: #ff9900;\" href=\"https:\/\/summartec.sharepoint.com\/:b:\/s\/descargas\/Ef2cOl10iYdAguvB1vW5eoQBJjHHShQngZ4Ldt7eRP-WDw?e=djlU4y\" target=\"_blank\" rel=\"noopener\">GU\u00cdA Conciliaci\u00f3n Bancaria Norma 43<\/a><\/p>\n<p>[\/vc_column_text][\/vc_column_inner][\/vc_row_inner][\/vc_column][\/vc_row][vc_row bg_color_pre=\u00bbbg-color-1&#8243; css=\u00bb.vc_custom_1667468926267{padding-top: 85px !important;padding-bottom: 45px !important;}\u00bb][vc_column][vc_column_text font_size=\u00bbmedium\u00bb]<\/p>\n<h2 id=\"categorias\" style=\"text-align: center;\"><strong><span style=\"color: #1d63a0;\">Nos integramos con<\/span><\/strong><\/h2>\n<p>[\/vc_column_text][\/vc_column][vc_column width=\u00bb1\/3&#8243;][\/vc_column][vc_column width=\u00bb1\/3&#8243;][vc_single_image image=\u00bb5149&#8243; img_size=\u00bbmedium\u00bb alignment=\u00bbcenter\u00bb][\/vc_column][vc_column width=\u00bb1\/3&#8243;][\/vc_column][\/vc_row]<\/p>\n","protected":false},"excerpt":{"rendered":"<p>[vc_row][vc_column width=\u00bb1\/4&#8243; css=\u00bb.vc_custom_1617781490924{margin-top: 20px !important;}\u00bb][vc_single_image image=\u00bb3185&#8243; onclick=\u00bbcustom_link\u00bb img_link_target=\u00bb_blank\u00bb link=\u00bbhttps:\/\/www.summar.es\/software-asesorias\/\u00bb][\/vc_column][vc_column width=\u00bb3\/4&#8243;][\/vc_column][\/vc_row][vc_row equal_height=\u00bbyes\u00bb content_placement=\u00bbmiddle\u00bb][vc_column width=\u00bb2\/3&#8243; col_padding=\u00bb2&#8243; col_padding_side=\u00bbright\u00bb][vc_column_text font_size=\u00bbmedium\u00bb] Conciliaci\u00f3n autom\u00e1tica y masiva El conector de Suasor con la soluci\u00f3n de descarga de N43 de CBI te permitir\u00e1 importar masivamente las transacciones bancarias a los diarios de conciliaciones de Suasor. Adem\u00e1s, mediante un [&hellip;]<\/p>\n","protected":false},"author":1,"featured_media":0,"parent":0,"menu_order":0,"comment_status":"closed","ping_status":"closed","template":"template-blank.php","meta":{"footnotes":""},"yoast_head":"<!-- This site is optimized with the Yoast SEO plugin v21.4 - https:\/\/yoast.com\/wordpress\/plugins\/seo\/ -->\r\n<title>conciliaci\u00f3n bancaria N43 - Actualidad Summar<\/title>\r\n<meta name=\"robots\" content=\"index, follow, max-snippet:-1, max-image-preview:large, max-video-preview:-1\" \/>\r\n<link rel=\"canonical\" href=\"https:\/\/www.summar.es\/actualidad\/conciliacion-bancaria-n43\/\" \/>\r\n<meta property=\"og:locale\" content=\"es_ES\" \/>\r\n<meta property=\"og:type\" content=\"article\" \/>\r\n<meta property=\"og:title\" content=\"conciliaci\u00f3n bancaria N43 - Actualidad Summar\" \/>\r\n<meta property=\"og:description\" content=\"[vc_row][vc_column width=\u00bb1\/4&#8243; css=\u00bb.vc_custom_1617781490924{margin-top: 20px !important;}\u00bb][vc_single_image image=\u00bb3185&#8243; onclick=\u00bbcustom_link\u00bb img_link_target=\u00bb_blank\u00bb link=\u00bbhttps:\/\/www.summar.es\/software-asesorias\/\u00bb][\/vc_column][vc_column width=\u00bb3\/4&#8243;][\/vc_column][\/vc_row][vc_row equal_height=\u00bbyes\u00bb content_placement=\u00bbmiddle\u00bb][vc_column width=\u00bb2\/3&#8243; col_padding=\u00bb2&#8243; col_padding_side=\u00bbright\u00bb][vc_column_text font_size=\u00bbmedium\u00bb] Conciliaci\u00f3n autom\u00e1tica y masiva El conector de Suasor con la soluci\u00f3n de descarga de N43 de CBI te permitir\u00e1 importar masivamente las transacciones bancarias a los diarios de conciliaciones de Suasor. Adem\u00e1s, mediante un [&hellip;]\" \/>\r\n<meta property=\"og:url\" content=\"https:\/\/www.summar.es\/actualidad\/conciliacion-bancaria-n43\/\" \/>\r\n<meta property=\"og:site_name\" content=\"Actualidad Summar\" \/>\r\n<meta property=\"article:modified_time\" content=\"2024-10-17T13:34:04+00:00\" \/>\r\n<meta name=\"twitter:card\" content=\"summary_large_image\" \/>\r\n<meta name=\"twitter:label1\" content=\"Tiempo de lectura\" \/>\n\t<meta name=\"twitter:data1\" content=\"2 minutos\" \/>\r\n<script type=\"application\/ld+json\" class=\"yoast-schema-graph\">{\"@context\":\"https:\/\/schema.org\",\"@graph\":[{\"@type\":\"WebPage\",\"@id\":\"https:\/\/www.summar.es\/actualidad\/conciliacion-bancaria-n43\/\",\"url\":\"https:\/\/www.summar.es\/actualidad\/conciliacion-bancaria-n43\/\",\"name\":\"conciliaci\u00f3n bancaria N43 - Actualidad Summar\",\"isPartOf\":{\"@id\":\"https:\/\/www.summar.es\/actualidad\/#website\"},\"datePublished\":\"2022-09-16T07:40:18+00:00\",\"dateModified\":\"2024-10-17T13:34:04+00:00\",\"breadcrumb\":{\"@id\":\"https:\/\/www.summar.es\/actualidad\/conciliacion-bancaria-n43\/#breadcrumb\"},\"inLanguage\":\"es\",\"potentialAction\":[{\"@type\":\"ReadAction\",\"target\":[\"https:\/\/www.summar.es\/actualidad\/conciliacion-bancaria-n43\/\"]}]},{\"@type\":\"BreadcrumbList\",\"@id\":\"https:\/\/www.summar.es\/actualidad\/conciliacion-bancaria-n43\/#breadcrumb\",\"itemListElement\":[{\"@type\":\"ListItem\",\"position\":1,\"name\":\"Portada\",\"item\":\"https:\/\/www.summar.es\/actualidad\/\"},{\"@type\":\"ListItem\",\"position\":2,\"name\":\"conciliaci\u00f3n bancaria N43\"}]},{\"@type\":\"WebSite\",\"@id\":\"https:\/\/www.summar.es\/actualidad\/#website\",\"url\":\"https:\/\/www.summar.es\/actualidad\/\",\"name\":\"Actualidad Summar\",\"description\":\"Temas de actualidad\",\"potentialAction\":[{\"@type\":\"SearchAction\",\"target\":{\"@type\":\"EntryPoint\",\"urlTemplate\":\"https:\/\/www.summar.es\/actualidad\/?s={search_term_string}\"},\"query-input\":\"required name=search_term_string\"}],\"inLanguage\":\"es\"}]}<\/script>\r\n<!-- \/ Yoast SEO plugin. -->","yoast_head_json":{"title":"conciliaci\u00f3n bancaria N43 - Actualidad Summar","robots":{"index":"index","follow":"follow","max-snippet":"max-snippet:-1","max-image-preview":"max-image-preview:large","max-video-preview":"max-video-preview:-1"},"canonical":"https:\/\/www.summar.es\/actualidad\/conciliacion-bancaria-n43\/","og_locale":"es_ES","og_type":"article","og_title":"conciliaci\u00f3n bancaria N43 - Actualidad Summar","og_description":"[vc_row][vc_column width=\u00bb1\/4&#8243; css=\u00bb.vc_custom_1617781490924{margin-top: 20px !important;}\u00bb][vc_single_image image=\u00bb3185&#8243; onclick=\u00bbcustom_link\u00bb img_link_target=\u00bb_blank\u00bb link=\u00bbhttps:\/\/www.summar.es\/software-asesorias\/\u00bb][\/vc_column][vc_column width=\u00bb3\/4&#8243;][\/vc_column][\/vc_row][vc_row equal_height=\u00bbyes\u00bb content_placement=\u00bbmiddle\u00bb][vc_column width=\u00bb2\/3&#8243; col_padding=\u00bb2&#8243; col_padding_side=\u00bbright\u00bb][vc_column_text font_size=\u00bbmedium\u00bb] Conciliaci\u00f3n autom\u00e1tica y masiva El conector de Suasor con la soluci\u00f3n de descarga de N43 de CBI te permitir\u00e1 importar masivamente las transacciones bancarias a los diarios de conciliaciones de Suasor. Adem\u00e1s, mediante un [&hellip;]","og_url":"https:\/\/www.summar.es\/actualidad\/conciliacion-bancaria-n43\/","og_site_name":"Actualidad Summar","article_modified_time":"2024-10-17T13:34:04+00:00","twitter_card":"summary_large_image","twitter_misc":{"Tiempo de lectura":"2 minutos"},"schema":{"@context":"https:\/\/schema.org","@graph":[{"@type":"WebPage","@id":"https:\/\/www.summar.es\/actualidad\/conciliacion-bancaria-n43\/","url":"https:\/\/www.summar.es\/actualidad\/conciliacion-bancaria-n43\/","name":"conciliaci\u00f3n bancaria N43 - Actualidad Summar","isPartOf":{"@id":"https:\/\/www.summar.es\/actualidad\/#website"},"datePublished":"2022-09-16T07:40:18+00:00","dateModified":"2024-10-17T13:34:04+00:00","breadcrumb":{"@id":"https:\/\/www.summar.es\/actualidad\/conciliacion-bancaria-n43\/#breadcrumb"},"inLanguage":"es","potentialAction":[{"@type":"ReadAction","target":["https:\/\/www.summar.es\/actualidad\/conciliacion-bancaria-n43\/"]}]},{"@type":"BreadcrumbList","@id":"https:\/\/www.summar.es\/actualidad\/conciliacion-bancaria-n43\/#breadcrumb","itemListElement":[{"@type":"ListItem","position":1,"name":"Portada","item":"https:\/\/www.summar.es\/actualidad\/"},{"@type":"ListItem","position":2,"name":"conciliaci\u00f3n bancaria N43"}]},{"@type":"WebSite","@id":"https:\/\/www.summar.es\/actualidad\/#website","url":"https:\/\/www.summar.es\/actualidad\/","name":"Actualidad Summar","description":"Temas de actualidad","potentialAction":[{"@type":"SearchAction","target":{"@type":"EntryPoint","urlTemplate":"https:\/\/www.summar.es\/actualidad\/?s={search_term_string}"},"query-input":"required name=search_term_string"}],"inLanguage":"es"}]}},"_links":{"self":[{"href":"https:\/\/www.summar.es\/actualidad\/wp-json\/wp\/v2\/pages\/5147"}],"collection":[{"href":"https:\/\/www.summar.es\/actualidad\/wp-json\/wp\/v2\/pages"}],"about":[{"href":"https:\/\/www.summar.es\/actualidad\/wp-json\/wp\/v2\/types\/page"}],"author":[{"embeddable":true,"href":"https:\/\/www.summar.es\/actualidad\/wp-json\/wp\/v2\/users\/1"}],"replies":[{"embeddable":true,"href":"https:\/\/www.summar.es\/actualidad\/wp-json\/wp\/v2\/comments?post=5147"}],"version-history":[{"count":52,"href":"https:\/\/www.summar.es\/actualidad\/wp-json\/wp\/v2\/pages\/5147\/revisions"}],"predecessor-version":[{"id":12264,"href":"https:\/\/www.summar.es\/actualidad\/wp-json\/wp\/v2\/pages\/5147\/revisions\/12264"}],"wp:attachment":[{"href":"https:\/\/www.summar.es\/actualidad\/wp-json\/wp\/v2\/media?parent=5147"}],"curies":[{"name":"wp","href":"https:\/\/api.w.org\/{rel}","templated":true}]}}