{"id":5171,"date":"2022-09-20T09:34:22","date_gmt":"2022-09-20T10:34:22","guid":{"rendered":"https:\/\/www.summar.es\/actualidad\/?page_id=5171"},"modified":"2023-11-14T14:14:55","modified_gmt":"2023-11-14T15:14:55","slug":"registra-entrada","status":"publish","type":"page","link":"https:\/\/www.summar.es\/actualidad\/registra-entrada\/","title":{"rendered":"Registra entrada"},"content":{"rendered":"<p>[vc_row][vc_column width=\u00bb1\/4&#8243; css=\u00bb.vc_custom_1617781490924{margin-top: 20px !important;}\u00bb][vc_single_image image=\u00bb3185&#8243;][\/vc_column][vc_column width=\u00bb3\/4&#8243;][\/vc_column][\/vc_row][vc_row equal_height=\u00bbyes\u00bb content_placement=\u00bbmiddle\u00bb][vc_column width=\u00bb2\/3&#8243; col_padding=\u00bb2&#8243; col_padding_side=\u00bbright\u00bb][vc_column_text font_size=\u00bbmedium\u00bb]<\/p>\n<h1><strong><span style=\"color: #1d63a0;\">Registro de entrada para tus clientes<\/span><\/strong><\/h1>\n<p style=\"text-align: left;\">Fideliza a tus Clientes y facil\u00edtales el cumplimiento del registro de jornada con la aplicaci\u00f3n web RegistraEntrada que se conecta con los datos de trabajadores y absentismo de Labor.<\/p>\n<p>[\/vc_column_text][vc_btn title=\u00bbCONTACTAR AHORA\u00bb shape=\u00bbsquare\u00bb color=\u00bbwarning\u00bb link=\u00bburl:mailto%3Aoperaciones%40summar.es%3FSubject%3DMe%20interesa%20la%20conexi%C3%B3n%20con%20Registra%20Entrada|target:_blank\u00bb css=\u00bb.vc_custom_1699867479403{padding-bottom: 80px !important;}\u00bb][\/vc_column][vc_column width=\u00bb1\/3&#8243;][vc_single_image image=\u00bb4670&#8243; img_size=\u00bblarge\u00bb onclick=\u00bbcustom_link\u00bb img_link_target=\u00bb_blank\u00bb link=\u00bbhttps:\/\/vimeo.com\/724855249\/425438627d\u00bb][\/vc_column][\/vc_row][vc_row bg_color_pre=\u00bbbg-color-1&#8243; css=\u00bb.vc_custom_1699963401127{padding-top: 85px !important;padding-bottom: 45px !important;}\u00bb][vc_column width=\u00bb1\/3&#8243;][vc_single_image image=\u00bb5193&#8243; img_size=\u00bb146&#215;100&#8243; alignment=\u00bbcenter\u00bb][vc_column_text]<\/p>\n<h3 style=\"text-align: center;\">Entradas y vacaciones<\/h3>\n<p style=\"text-align: center;\">Sincroniza con Labor los datos del registro de entrada y la gesti\u00f3n de las vacaciones de forma bidireccional.<\/p>\n<p>[\/vc_column_text][\/vc_column][vc_column width=\u00bb1\/3&#8243;][vc_single_image image=\u00bb4527&#8243; img_size=\u00bbmedium\u00bb alignment=\u00bbcenter\u00bb onclick=\u00bbcustom_link\u00bb][vc_column_text]<\/p>\n<h3 style=\"text-align: center;\">Panel de control<\/h3>\n<p style=\"text-align: center;\">Comparte datos y accede al panel de control para managers: informes, aprobaciones&#8230;<\/p>\n<p>[\/vc_column_text][\/vc_column][vc_column width=\u00bb1\/3&#8243;][vc_single_image image=\u00bb4516&#8243; img_size=\u00bbmedium\u00bb alignment=\u00bbcenter\u00bb][vc_column_text]<\/p>\n<h3 style=\"text-align: center;\">Repositorio de datos de trabajadores<\/h3>\n<p style=\"text-align: center;\">Mant\u00e9n actualizado tu matriz de trabajadores gracias a la integraci\u00f3n de las bases de datos<\/p>\n<p>[\/vc_column_text][\/vc_column][\/vc_row][vc_row equal_height=\u00bbyes\u00bb content_placement=\u00bbmiddle\u00bb][vc_column col_padding=\u00bb2&#8243; col_padding_side=\u00bbright\u00bb][vc_column_text font_size=\u00bbmedium\u00bb]<\/p>\n<h2><strong><span style=\"color: #1d63a0;\">El conector de Vunkers RegistraEntrada con el m\u00f3dulo laboral de Suasor te permite<\/span><\/strong><\/h2>\n<p>[\/vc_column_text][\/vc_column][vc_column width=\u00bb1\/2&#8243;]<div class=\"vntd-icon-list icon-list-simple icon-list-basic icon-list-color-accent-3\"><ul class=\"icon-list\"><li><i class=\"far fa-check-circle color-accent-3\"><\/i>Mantener unificado el repositorio de datos de trabajadores<\/li><li><i class=\"far fa-check-circle color-accent-3\"><\/i>Automatizar la gesti\u00f3n de vacaciones y permisos<\/li><li><i class=\"far fa-check-circle color-accent-3\"><\/i>Configurar en un \u00fanico espacio tipos de jornadas \/ IT \/ permisos \/ calendarios...<\/li><\/ul><\/div>[vc_column_text]<strong><span style=\"color: #ff9900;\"><span style=\"color: #ff6600;\">Descubre las novedades!!<\/span><\/span><\/strong>[\/vc_column_text]<div class=\"vntd-icon-list icon-list-simple icon-list-basic icon-list-color-accent-3\"><ul class=\"icon-list\"><li><i class=\"far fa-check-circle color-accent-3\"><\/i>Nueva App con todas las funcionalidades<\/li><li><i class=\"far fa-check-circle color-accent-3\"><\/i>Opci\u00f3n de que el trabajador fiche en diferentes centros de trabajo<\/li><li><i class=\"far fa-check-circle color-accent-3\"><\/i>Nuevos informes a\u00f1adidos a los de ausencias y puntualidad<\/li><li><i class=\"far fa-check-circle color-accent-3\"><\/i>Mejora de seguridad con acceso por doble factor de autenticaci\u00f3n<\/li><\/ul><\/div>[\/vc_column][vc_column width=\u00bb1\/2&#8243;][vc_single_image image=\u00bb5184&#8243; img_size=\u00bbmedium\u00bb alignment=\u00bbcenter\u00bb css_animation=\u00bbnone\u00bb css=\u00bb.vc_custom_1663673001097{margin-bottom: 0px !important;}\u00bb][\/vc_column][\/vc_row][vc_row bg_color_pre=\u00bbbg-color-1&#8243; css=\u00bb.vc_custom_1699963847094{padding-top: 30px !important;padding-bottom: 30px !important;}\u00bb][vc_column][vc_column_text font_size=\u00bbmedium\u00bb]<\/p>\n<h2 style=\"text-align: center;\"><strong><span style=\"color: #1d63a0;\">Empieza a usar el nuevo conector de RegistraEntrada y aprovecha las ventajas<\/span><\/strong><\/h2>\n<p style=\"text-align: center;\">Disponible en suscripci\u00f3n mensual sin compromiso de permanencia.<\/p>\n<p>[\/vc_column_text][vc_btn title=\u00bbCONTACTAR AHORA\u00bb shape=\u00bbsquare\u00bb color=\u00bbwarning\u00bb align=\u00bbcenter\u00bb link=\u00bburl:mailto%3Aoperaciones%40summar.es%3FSubject%3DMe%20interesa%20la%20conexi%C3%B3n%20con%20Registra%20Entrada|target:_blank\u00bb css=\u00bb.vc_custom_1699963888021{padding-bottom: px !important;}\u00bb][\/vc_column][\/vc_row][vc_row equal_height=\u00bbyes\u00bb content_placement=\u00bbmiddle\u00bb][vc_column col_padding=\u00bb2&#8243; col_padding_side=\u00bbright\u00bb][vc_column_text font_size=\u00bbmedium\u00bb]<\/p>\n<h2 style=\"text-align: center;\"><strong><span style=\"color: #1d63a0;\">Material de apoyo para compartir con tus clientes<\/span><\/strong><\/h2>\n<p>[\/vc_column_text][vc_row_inner][vc_column_inner width=\u00bb1\/4&#8243;][vc_single_image image=\u00bb6697&#8243; img_size=\u00bb60&#215;60&#8243; alignment=\u00bbright\u00bb][vc_single_image image=\u00bb6697&#8243; img_size=\u00bb60&#215;60&#8243; alignment=\u00bbright\u00bb][\/vc_column_inner][vc_column_inner width=\u00bb3\/4&#8243;][vc_column_text]Administradores de la soluci\u00f3n<\/p>\n<p><a href=\"https:\/\/www.youtube.com\/playlist?list=PL7CUgfba-_y0_QnLzHkyCsH0r_-WMHfVX\" target=\"_blank\" rel=\"noopener\">Tutoriales para el uso y configuraci\u00f3n de la aplicaci\u00f3n RegistraEntrada de tus clientes<\/a>[\/vc_column_text][vc_column_text]Usuarios de la soluci\u00f3n<\/p>\n<p><a href=\"https:\/\/www.youtube.com\/playlist?list=PL7CUgfba-_y2V3rk5C_AkPpmwhYlpAjzx\" target=\"_blank\" rel=\"noopener\">Descubre las acciones que podr\u00e1n informar los trabajadores en la aplicaci\u00f3n y que se informar\u00e1n autom\u00e1ticamente en Labor.<\/a>[\/vc_column_text][\/vc_column_inner][\/vc_row_inner][\/vc_column][\/vc_row]<\/p>\n","protected":false},"excerpt":{"rendered":"<p>[vc_row][vc_column width=\u00bb1\/4&#8243; css=\u00bb.vc_custom_1617781490924{margin-top: 20px !important;}\u00bb][vc_single_image image=\u00bb3185&#8243;][\/vc_column][vc_column width=\u00bb3\/4&#8243;][\/vc_column][\/vc_row][vc_row equal_height=\u00bbyes\u00bb content_placement=\u00bbmiddle\u00bb][vc_column width=\u00bb2\/3&#8243; col_padding=\u00bb2&#8243; col_padding_side=\u00bbright\u00bb][vc_column_text font_size=\u00bbmedium\u00bb] Registro de entrada para tus clientes Fideliza a tus Clientes y facil\u00edtales el cumplimiento del registro de jornada con la aplicaci\u00f3n web RegistraEntrada que se conecta con los datos de trabajadores y absentismo de Labor. [\/vc_column_text][vc_btn title=\u00bbCONTACTAR [&hellip;]<\/p>\n","protected":false},"author":1,"featured_media":0,"parent":0,"menu_order":0,"comment_status":"closed","ping_status":"closed","template":"template-blank.php","meta":{"footnotes":""},"yoast_head":"<!-- This site is optimized with the Yoast SEO plugin v21.4 - https:\/\/yoast.com\/wordpress\/plugins\/seo\/ -->\r\n<title>Registra entrada - Actualidad Summar<\/title>\r\n<meta name=\"robots\" content=\"index, follow, max-snippet:-1, max-image-preview:large, max-video-preview:-1\" \/>\r\n<link rel=\"canonical\" href=\"https:\/\/www.summar.es\/actualidad\/registra-entrada\/\" \/>\r\n<meta property=\"og:locale\" content=\"es_ES\" \/>\r\n<meta property=\"og:type\" content=\"article\" \/>\r\n<meta property=\"og:title\" content=\"Registra entrada - Actualidad Summar\" \/>\r\n<meta property=\"og:description\" content=\"[vc_row][vc_column width=\u00bb1\/4&#8243; css=\u00bb.vc_custom_1617781490924{margin-top: 20px !important;}\u00bb][vc_single_image image=\u00bb3185&#8243;][\/vc_column][vc_column width=\u00bb3\/4&#8243;][\/vc_column][\/vc_row][vc_row equal_height=\u00bbyes\u00bb content_placement=\u00bbmiddle\u00bb][vc_column width=\u00bb2\/3&#8243; col_padding=\u00bb2&#8243; col_padding_side=\u00bbright\u00bb][vc_column_text font_size=\u00bbmedium\u00bb] Registro de entrada para tus clientes Fideliza a tus Clientes y facil\u00edtales el cumplimiento del registro de jornada con la aplicaci\u00f3n web RegistraEntrada que se conecta con los datos de trabajadores y absentismo de Labor. [\/vc_column_text][vc_btn title=\u00bbCONTACTAR [&hellip;]\" \/>\r\n<meta property=\"og:url\" content=\"https:\/\/www.summar.es\/actualidad\/registra-entrada\/\" \/>\r\n<meta property=\"og:site_name\" content=\"Actualidad Summar\" \/>\r\n<meta property=\"article:modified_time\" content=\"2023-11-14T15:14:55+00:00\" \/>\r\n<meta name=\"twitter:card\" content=\"summary_large_image\" \/>\r\n<meta name=\"twitter:label1\" content=\"Tiempo de lectura\" \/>\n\t<meta name=\"twitter:data1\" content=\"2 minutos\" \/>\r\n<script type=\"application\/ld+json\" class=\"yoast-schema-graph\">{\"@context\":\"https:\/\/schema.org\",\"@graph\":[{\"@type\":\"WebPage\",\"@id\":\"https:\/\/www.summar.es\/actualidad\/registra-entrada\/\",\"url\":\"https:\/\/www.summar.es\/actualidad\/registra-entrada\/\",\"name\":\"Registra entrada - Actualidad Summar\",\"isPartOf\":{\"@id\":\"https:\/\/www.summar.es\/actualidad\/#website\"},\"datePublished\":\"2022-09-20T10:34:22+00:00\",\"dateModified\":\"2023-11-14T15:14:55+00:00\",\"breadcrumb\":{\"@id\":\"https:\/\/www.summar.es\/actualidad\/registra-entrada\/#breadcrumb\"},\"inLanguage\":\"es\",\"potentialAction\":[{\"@type\":\"ReadAction\",\"target\":[\"https:\/\/www.summar.es\/actualidad\/registra-entrada\/\"]}]},{\"@type\":\"BreadcrumbList\",\"@id\":\"https:\/\/www.summar.es\/actualidad\/registra-entrada\/#breadcrumb\",\"itemListElement\":[{\"@type\":\"ListItem\",\"position\":1,\"name\":\"Portada\",\"item\":\"https:\/\/www.summar.es\/actualidad\/\"},{\"@type\":\"ListItem\",\"position\":2,\"name\":\"Registra entrada\"}]},{\"@type\":\"WebSite\",\"@id\":\"https:\/\/www.summar.es\/actualidad\/#website\",\"url\":\"https:\/\/www.summar.es\/actualidad\/\",\"name\":\"Actualidad Summar\",\"description\":\"Temas de actualidad\",\"potentialAction\":[{\"@type\":\"SearchAction\",\"target\":{\"@type\":\"EntryPoint\",\"urlTemplate\":\"https:\/\/www.summar.es\/actualidad\/?s={search_term_string}\"},\"query-input\":\"required name=search_term_string\"}],\"inLanguage\":\"es\"}]}<\/script>\r\n<!-- \/ Yoast SEO plugin. -->","yoast_head_json":{"title":"Registra entrada - Actualidad Summar","robots":{"index":"index","follow":"follow","max-snippet":"max-snippet:-1","max-image-preview":"max-image-preview:large","max-video-preview":"max-video-preview:-1"},"canonical":"https:\/\/www.summar.es\/actualidad\/registra-entrada\/","og_locale":"es_ES","og_type":"article","og_title":"Registra entrada - Actualidad Summar","og_description":"[vc_row][vc_column width=\u00bb1\/4&#8243; css=\u00bb.vc_custom_1617781490924{margin-top: 20px !important;}\u00bb][vc_single_image image=\u00bb3185&#8243;][\/vc_column][vc_column width=\u00bb3\/4&#8243;][\/vc_column][\/vc_row][vc_row equal_height=\u00bbyes\u00bb content_placement=\u00bbmiddle\u00bb][vc_column width=\u00bb2\/3&#8243; col_padding=\u00bb2&#8243; col_padding_side=\u00bbright\u00bb][vc_column_text font_size=\u00bbmedium\u00bb] Registro de entrada para tus clientes Fideliza a tus Clientes y facil\u00edtales el cumplimiento del registro de jornada con la aplicaci\u00f3n web RegistraEntrada que se conecta con los datos de trabajadores y absentismo de Labor. [\/vc_column_text][vc_btn title=\u00bbCONTACTAR [&hellip;]","og_url":"https:\/\/www.summar.es\/actualidad\/registra-entrada\/","og_site_name":"Actualidad Summar","article_modified_time":"2023-11-14T15:14:55+00:00","twitter_card":"summary_large_image","twitter_misc":{"Tiempo de lectura":"2 minutos"},"schema":{"@context":"https:\/\/schema.org","@graph":[{"@type":"WebPage","@id":"https:\/\/www.summar.es\/actualidad\/registra-entrada\/","url":"https:\/\/www.summar.es\/actualidad\/registra-entrada\/","name":"Registra entrada - Actualidad Summar","isPartOf":{"@id":"https:\/\/www.summar.es\/actualidad\/#website"},"datePublished":"2022-09-20T10:34:22+00:00","dateModified":"2023-11-14T15:14:55+00:00","breadcrumb":{"@id":"https:\/\/www.summar.es\/actualidad\/registra-entrada\/#breadcrumb"},"inLanguage":"es","potentialAction":[{"@type":"ReadAction","target":["https:\/\/www.summar.es\/actualidad\/registra-entrada\/"]}]},{"@type":"BreadcrumbList","@id":"https:\/\/www.summar.es\/actualidad\/registra-entrada\/#breadcrumb","itemListElement":[{"@type":"ListItem","position":1,"name":"Portada","item":"https:\/\/www.summar.es\/actualidad\/"},{"@type":"ListItem","position":2,"name":"Registra entrada"}]},{"@type":"WebSite","@id":"https:\/\/www.summar.es\/actualidad\/#website","url":"https:\/\/www.summar.es\/actualidad\/","name":"Actualidad Summar","description":"Temas de actualidad","potentialAction":[{"@type":"SearchAction","target":{"@type":"EntryPoint","urlTemplate":"https:\/\/www.summar.es\/actualidad\/?s={search_term_string}"},"query-input":"required name=search_term_string"}],"inLanguage":"es"}]}},"_links":{"self":[{"href":"https:\/\/www.summar.es\/actualidad\/wp-json\/wp\/v2\/pages\/5171"}],"collection":[{"href":"https:\/\/www.summar.es\/actualidad\/wp-json\/wp\/v2\/pages"}],"about":[{"href":"https:\/\/www.summar.es\/actualidad\/wp-json\/wp\/v2\/types\/page"}],"author":[{"embeddable":true,"href":"https:\/\/www.summar.es\/actualidad\/wp-json\/wp\/v2\/users\/1"}],"replies":[{"embeddable":true,"href":"https:\/\/www.summar.es\/actualidad\/wp-json\/wp\/v2\/comments?post=5171"}],"version-history":[{"count":62,"href":"https:\/\/www.summar.es\/actualidad\/wp-json\/wp\/v2\/pages\/5171\/revisions"}],"predecessor-version":[{"id":5180,"href":"https:\/\/www.summar.es\/actualidad\/wp-json\/wp\/v2\/pages\/5171\/revisions\/5180"}],"wp:attachment":[{"href":"https:\/\/www.summar.es\/actualidad\/wp-json\/wp\/v2\/media?parent=5171"}],"curies":[{"name":"wp","href":"https:\/\/api.w.org\/{rel}","templated":true}]}}