{"id":5271,"date":"2022-10-20T09:51:10","date_gmt":"2022-10-20T10:51:10","guid":{"rendered":"https:\/\/www.summar.es\/actualidad\/?page_id=5271"},"modified":"2023-03-09T14:23:06","modified_gmt":"2023-03-09T15:23:06","slug":"conectores-suasor","status":"publish","type":"page","link":"https:\/\/www.summar.es\/actualidad\/conectores-suasor\/","title":{"rendered":"conectores suasor"},"content":{"rendered":"<p>[vc_row equal_height=\u00bbyes\u00bb content_placement=\u00bbmiddle\u00bb css=\u00bb.vc_custom_1623222198683{padding-top: 0px !important;}\u00bb][vc_column width=\u00bb1\/4&#8243; col_padding=\u00bb2&#8243; col_padding_side=\u00bbright\u00bb][vc_single_image image=\u00bb3185&#8243; css=\u00bb.vc_custom_1623225929109{margin-top: 0px !important;margin-bottom: 0px !important;border-top-width: 0px !important;border-bottom-width: 0px !important;padding-top: 0px !important;padding-bottom: 0px !important;}\u00bb][\/vc_column][vc_column width=\u00bb1\/4&#8243; col_padding=\u00bb2&#8243; col_padding_side=\u00bbleft\u00bb][\/vc_column][vc_column width=\u00bb1\/4&#8243;][\/vc_column][vc_column width=\u00bb1\/4&#8243;][\/vc_column][\/vc_row][vc_row equal_height=\u00bbyes\u00bb content_placement=\u00bbmiddle\u00bb css=\u00bb.vc_custom_1666101302026{border-bottom-width: 45px !important;padding-top: 0px !important;padding-bottom: 45px !important;}\u00bb][vc_column width=\u00bb2\/3&#8243; col_padding_side=\u00bbright\u00bb][vc_column_text font_size=\u00bbmedium\u00bb css=\u00bb.vc_custom_1666101198073{margin-top: 20px !important;border-top-width: 0px !important;padding-top: 20px !important;}\u00bb]<\/p>\n<h1 style=\"text-align: left;\"><span style=\"color: #1d69ad;\">Plataforma de Conectores para extender tu ERP de Gesti\u00f3n de Despachos<\/span><\/h1>\n<h2>El software de Summar dispone de capacidad est\u00e1ndar para integrarse con cualquier aplicaci\u00f3n especializada, complementaria a los procesos principales de la Gesti\u00f3n de Despachos<\/h2>\n<p>[\/vc_column_text][\/vc_column][vc_column width=\u00bb1\/3&#8243;][vc_single_image image=\u00bb5274&#8243; img_size=\u00bb150&#215;150&#8243; alignment=\u00bbcenter\u00bb onclick=\u00bbcustom_link\u00bb img_link_target=\u00bb_blank\u00bb][\/vc_column][\/vc_row][vc_row bg_color_pre=\u00bbbg-color-1&#8243; css=\u00bb.vc_custom_1499957447268{padding-top: 85px !important;padding-bottom: 45px !important;}\u00bb][vc_column width=\u00bb1\/3&#8243;][vc_single_image image=\u00bb5283&#8243; img_size=\u00bb75&#215;75&#8243; alignment=\u00bbcenter\u00bb onclick=\u00bbcustom_link\u00bb css=\u00bb.vc_custom_1678374661351{margin-bottom: 0px !important;border-bottom-width: 0px !important;padding-bottom: 0px !important;}\u00bb link=\u00bbhttps:\/\/www.summar.es\/actualidad\/conciliacion-bancaria-n43\/\u00bb][vc_column_text]<\/p>\n<h5><\/h5>\n<h3 style=\"text-align: center;\"><a href=\"https:\/\/www.summar.es\/actualidad\/conciliacion-bancaria-n43\/\" target=\"_blank\" rel=\"noopener\"><span style=\"color: #333333;\"><strong>Norma 43 Conciliaci\u00f3n Bancaria<\/strong><\/span><\/a><\/h3>\n<p style=\"text-align: center;\">Conecta con la soluci\u00f3n de descarga de N43 de CBI para importar masivamente las transacciones bancarias a los diarios de conciliaciones de Suasor.<\/p>\n<p>[\/vc_column_text][\/vc_column][vc_column width=\u00bb1\/3&#8243;][vc_single_image image=\u00bb5282&#8243; img_size=\u00bb75&#215;75&#8243; alignment=\u00bbcenter\u00bb onclick=\u00bbcustom_link\u00bb css=\u00bb.vc_custom_1678374730822{margin-bottom: 0px !important;border-bottom-width: 0px !important;padding-bottom: 0px !important;}\u00bb link=\u00bbhttps:\/\/www.summar.es\/actualidad\/registra-entrada\/\u00bb][vc_column_text]<\/p>\n<h5><\/h5>\n<h3 style=\"text-align: center;\"><a href=\"https:\/\/www.summar.es\/actualidad\/registra-entrada\/\"><span style=\"color: #333333;\"><strong>Registro de Entrada<\/strong><\/span><\/a><\/h3>\n<p style=\"text-align: center;\">El conector de Vunkers RegistraEntrada con el m\u00f3dulo laboral de Suasor facilitar\u00e1 a tus clientes la gesti\u00f3n de vacaciones y permisos<\/p>\n<p>[\/vc_column_text][\/vc_column][vc_column width=\u00bb1\/3&#8243;][vc_single_image image=\u00bb5291&#8243; img_size=\u00bb80&#215;80&#8243; alignment=\u00bbcenter\u00bb onclick=\u00bbcustom_link\u00bb css=\u00bb.vc_custom_1678374839599{margin-bottom: 0px !important;border-bottom-width: 0px !important;padding-bottom: 0px !important;}\u00bb link=\u00bbhttps:\/\/www.summar.es\/actualidad\/firma-electronica\/\u00bb][vc_column_text]<\/p>\n<h5><\/h5>\n<h3 style=\"text-align: center;\"><a href=\"https:\/\/www.summar.es\/actualidad\/firma-electronica\/\"><span style=\"color: #333333;\">Firma electr\u00f3nica<\/span><\/a><\/h3>\n<p style=\"text-align: center;\">Crea, env\u00eda, gestiona y controla todos los documentos que requieran de firma electr\u00f3nica. Con cualquier proveedor y configurando los requisitos y flujos que necesites.<\/p>\n<p>[\/vc_column_text][\/vc_column][\/vc_row][vc_row bg_color_pre=\u00bbbg-color-1&#8243; css=\u00bb.vc_custom_1499957447268{padding-top: 85px !important;padding-bottom: 45px !important;}\u00bb][vc_column width=\u00bb1\/3&#8243;][vc_single_image image=\u00bb5723&#8243; img_size=\u00bb75&#215;75&#8243; alignment=\u00bbcenter\u00bb onclick=\u00bbcustom_link\u00bb css=\u00bb.vc_custom_1678375213246{margin-bottom: 0px !important;border-bottom-width: 0px !important;padding-bottom: 0px !important;}\u00bb link=\u00bbhttps:\/\/www.summar.es\/actualidad\/reconocimiento-facturas-ocr\/\u00bb][vc_column_text]<\/p>\n<h5><\/h5>\n<h3 style=\"text-align: center;\"><a href=\"https:\/\/www.summar.es\/actualidad\/reconocimiento-facturas-ocr\/\"><span style=\"color: #333333;\"><strong>Reconocimiento autom\u00e1tico de facturas<\/strong><\/span><\/a><\/h3>\n<p style=\"text-align: center;\">Conecta con Emprendedor, el software de facturaci\u00f3n en la nube para empresas y aut\u00f3nomos que tributan por EDS\/EO, e integra, de forma autom\u00e1tica, la informaci\u00f3n y datos de sus ingresos y gastos con Suasor.<\/p>\n<p>[\/vc_column_text][\/vc_column][vc_column width=\u00bb1\/3&#8243;][vc_single_image image=\u00bb5726&#8243; img_size=\u00bb75&#215;75&#8243; alignment=\u00bbcenter\u00bb onclick=\u00bbcustom_link\u00bb css=\u00bb.vc_custom_1678375384184{margin-bottom: 0px !important;border-bottom-width: 0px !important;padding-bottom: 0px !important;}\u00bb link=\u00bbhttps:\/\/www.summar.es\/actualidad\/software-facturacion-autonomos\/\u00bb][vc_column_text]<\/p>\n<h5><\/h5>\n<h3 style=\"text-align: center;\"><a href=\"https:\/\/www.summar.es\/actualidad\/software-facturacion-autonomos\/\"><span style=\"color: #333333;\"><strong>Facturaci\u00f3n online para aut\u00f3nomos<\/strong><\/span><\/a><\/h3>\n<p style=\"text-align: center;\">Conecta con Emprendedor, el software de facturaci\u00f3n en la nube para empresas y aut\u00f3nomos que tributan por EDS\/EO, e integra, de forma autom\u00e1tica, la informaci\u00f3n y datos de sus ingresos y gastos con Suasor.<\/p>\n<p>[\/vc_column_text][\/vc_column][vc_column width=\u00bb1\/3&#8243;][\/vc_column][\/vc_row][vc_row css=\u00bb.vc_custom_1666104649246{padding-top: 85px !important;}\u00bb][vc_column][vc_column_text]<\/p>\n<h2 style=\"text-align: center;\"><span style=\"color: #1d63a0;\">Ya nos conectamos con&#8230;<\/span><\/h2>\n<p>[\/vc_column_text][\/vc_column][\/vc_row][vc_row][vc_column]<div class=\"vntd-client-logos-holder vntd-carousel-holder\"><div class=\"vntd-client-logos client-logos-carousel vntd-carousel owl-carousel logos-height-regular\" data-cols=\"4\" data-dots=\"true\" data-cols-tablet=\"3\" data-cols-mobile=\"2\" data-autoplay=\" true\" data-autoplay-timeout=\" 7000\">\t\t\t<div class=\"client-logo\">\n\t\t\t\t<!-- Logo Link -->\n\t\t\t\t<a >\n\t\t\t\t\t<!-- Logo Image SRC -->\n\t\t\t\t\t<img src=\"https:\/\/www.summar.es\/actualidad\/wp-content\/uploads\/2022\/10\/Logo-3Gsign.jpg\" alt>\n\t\t\t\t<\/a>\n\t\t\t<\/div>\n\t\t\t\t\t\t<div class=\"client-logo\">\n\t\t\t\t<!-- Logo Link -->\n\t\t\t\t<a >\n\t\t\t\t\t<!-- Logo Image SRC -->\n\t\t\t\t\t<img src=\"https:\/\/www.summar.es\/actualidad\/wp-content\/uploads\/2022\/10\/Logo-docuten.jpg\" alt>\n\t\t\t\t<\/a>\n\t\t\t<\/div>\n\t\t\t\t\t\t<div class=\"client-logo\">\n\t\t\t\t<!-- Logo Link -->\n\t\t\t\t<a >\n\t\t\t\t\t<!-- Logo Image SRC -->\n\t\t\t\t\t<img src=\"https:\/\/www.summar.es\/actualidad\/wp-content\/uploads\/2022\/10\/Logo-Evicertia.jpg\" alt>\n\t\t\t\t<\/a>\n\t\t\t<\/div>\n\t\t\t\t\t\t<div class=\"client-logo\">\n\t\t\t\t<!-- Logo Link -->\n\t\t\t\t<a >\n\t\t\t\t\t<!-- Logo Image SRC -->\n\t\t\t\t\t<img src=\"https:\/\/www.summar.es\/actualidad\/wp-content\/uploads\/2022\/10\/Logo-Konfirma.jpg\" alt>\n\t\t\t\t<\/a>\n\t\t\t<\/div>\n\t\t\t\t\t\t<div class=\"client-logo\">\n\t\t\t\t<!-- Logo Link -->\n\t\t\t\t<a >\n\t\t\t\t\t<!-- Logo Image SRC -->\n\t\t\t\t\t<img src=\"https:\/\/www.summar.es\/actualidad\/wp-content\/uploads\/2022\/10\/Logo-Lleida.net_.jpg\" alt>\n\t\t\t\t<\/a>\n\t\t\t<\/div>\n\t\t\t\t\t\t<div class=\"client-logo\">\n\t\t\t\t<!-- Logo Link -->\n\t\t\t\t<a >\n\t\t\t\t\t<!-- Logo Image SRC -->\n\t\t\t\t\t<img src=\"https:\/\/www.summar.es\/actualidad\/wp-content\/uploads\/2022\/10\/Logo-Logalty.jpg\" alt>\n\t\t\t\t<\/a>\n\t\t\t<\/div>\n\t\t\t\t\t\t<div class=\"client-logo\">\n\t\t\t\t<!-- Logo Link -->\n\t\t\t\t<a >\n\t\t\t\t\t<!-- Logo Image SRC -->\n\t\t\t\t\t<img src=\"https:\/\/www.summar.es\/actualidad\/wp-content\/uploads\/2022\/10\/Logo-Signaturit.jpg\" alt>\n\t\t\t\t<\/a>\n\t\t\t<\/div>\n\t\t\t\t\t\t<div class=\"client-logo\">\n\t\t\t\t<!-- Logo Link -->\n\t\t\t\t<a >\n\t\t\t\t\t<!-- Logo Image SRC -->\n\t\t\t\t\t<img src=\"https:\/\/www.summar.es\/actualidad\/wp-content\/uploads\/2022\/10\/Logo-Validate-ID.jpg\" alt>\n\t\t\t\t<\/a>\n\t\t\t<\/div>\n\t\t\t\t\t\t<div class=\"client-logo\">\n\t\t\t\t<!-- Logo Link -->\n\t\t\t\t<a >\n\t\t\t\t\t<!-- Logo Image SRC -->\n\t\t\t\t\t<img src=\"https:\/\/www.summar.es\/actualidad\/wp-content\/uploads\/2022\/10\/Logo-Viafirma.jpg\" alt>\n\t\t\t\t<\/a>\n\t\t\t<\/div>\n\t\t\t\t\t\t<div class=\"client-logo\">\n\t\t\t\t<!-- Logo Link -->\n\t\t\t\t<a >\n\t\t\t\t\t<!-- Logo Image SRC -->\n\t\t\t\t\t<img src=\"https:\/\/www.summar.es\/actualidad\/wp-content\/uploads\/2022\/10\/cbi-saasbanking-e1666791589620.png\" alt>\n\t\t\t\t<\/a>\n\t\t\t<\/div>\n\t\t\t\t\t\t<div class=\"client-logo\">\n\t\t\t\t<!-- Logo Link -->\n\t\t\t\t<a >\n\t\t\t\t\t<!-- Logo Image SRC -->\n\t\t\t\t\t<img src=\"https:\/\/www.summar.es\/actualidad\/wp-content\/uploads\/2022\/10\/Logo-registra-entrada.jpg\" alt>\n\t\t\t\t<\/a>\n\t\t\t<\/div>\n\t\t\t<\/div><\/div>[\/vc_column][\/vc_row]<\/p>\n","protected":false},"excerpt":{"rendered":"<p>[vc_row equal_height=\u00bbyes\u00bb content_placement=\u00bbmiddle\u00bb css=\u00bb.vc_custom_1623222198683{padding-top: 0px !important;}\u00bb][vc_column width=\u00bb1\/4&#8243; col_padding=\u00bb2&#8243; col_padding_side=\u00bbright\u00bb][vc_single_image image=\u00bb3185&#8243; css=\u00bb.vc_custom_1623225929109{margin-top: 0px !important;margin-bottom: 0px !important;border-top-width: 0px !important;border-bottom-width: 0px !important;padding-top: 0px !important;padding-bottom: 0px !important;}\u00bb][\/vc_column][vc_column width=\u00bb1\/4&#8243; col_padding=\u00bb2&#8243; col_padding_side=\u00bbleft\u00bb][\/vc_column][vc_column width=\u00bb1\/4&#8243;][\/vc_column][vc_column width=\u00bb1\/4&#8243;][\/vc_column][\/vc_row][vc_row equal_height=\u00bbyes\u00bb content_placement=\u00bbmiddle\u00bb css=\u00bb.vc_custom_1666101302026{border-bottom-width: 45px !important;padding-top: 0px !important;padding-bottom: 45px !important;}\u00bb][vc_column width=\u00bb2\/3&#8243; col_padding_side=\u00bbright\u00bb][vc_column_text font_size=\u00bbmedium\u00bb css=\u00bb.vc_custom_1666101198073{margin-top: 20px !important;border-top-width: 0px !important;padding-top: 20px !important;}\u00bb] Plataforma de Conectores [&hellip;]<\/p>\n","protected":false},"author":1,"featured_media":0,"parent":0,"menu_order":0,"comment_status":"closed","ping_status":"closed","template":"template-blank.php","meta":{"footnotes":""},"yoast_head":"<!-- This site is optimized with the Yoast SEO plugin v21.4 - https:\/\/yoast.com\/wordpress\/plugins\/seo\/ -->\r\n<title>conectores suasor - Actualidad Summar<\/title>\r\n<meta name=\"robots\" content=\"index, follow, max-snippet:-1, max-image-preview:large, max-video-preview:-1\" \/>\r\n<link rel=\"canonical\" href=\"https:\/\/www.summar.es\/actualidad\/conectores-suasor\/\" \/>\r\n<meta property=\"og:locale\" content=\"es_ES\" \/>\r\n<meta property=\"og:type\" content=\"article\" \/>\r\n<meta property=\"og:title\" content=\"conectores suasor - Actualidad Summar\" \/>\r\n<meta property=\"og:description\" content=\"[vc_row equal_height=\u00bbyes\u00bb content_placement=\u00bbmiddle\u00bb css=\u00bb.vc_custom_1623222198683{padding-top: 0px !important;}\u00bb][vc_column width=\u00bb1\/4&#8243; col_padding=\u00bb2&#8243; col_padding_side=\u00bbright\u00bb][vc_single_image image=\u00bb3185&#8243; css=\u00bb.vc_custom_1623225929109{margin-top: 0px !important;margin-bottom: 0px !important;border-top-width: 0px !important;border-bottom-width: 0px !important;padding-top: 0px !important;padding-bottom: 0px !important;}\u00bb][\/vc_column][vc_column width=\u00bb1\/4&#8243; col_padding=\u00bb2&#8243; col_padding_side=\u00bbleft\u00bb][\/vc_column][vc_column width=\u00bb1\/4&#8243;][\/vc_column][vc_column width=\u00bb1\/4&#8243;][\/vc_column][\/vc_row][vc_row equal_height=\u00bbyes\u00bb content_placement=\u00bbmiddle\u00bb css=\u00bb.vc_custom_1666101302026{border-bottom-width: 45px !important;padding-top: 0px !important;padding-bottom: 45px !important;}\u00bb][vc_column width=\u00bb2\/3&#8243; col_padding_side=\u00bbright\u00bb][vc_column_text font_size=\u00bbmedium\u00bb css=\u00bb.vc_custom_1666101198073{margin-top: 20px !important;border-top-width: 0px !important;padding-top: 20px !important;}\u00bb] Plataforma de Conectores [&hellip;]\" \/>\r\n<meta property=\"og:url\" content=\"https:\/\/www.summar.es\/actualidad\/conectores-suasor\/\" \/>\r\n<meta property=\"og:site_name\" content=\"Actualidad Summar\" \/>\r\n<meta property=\"article:modified_time\" content=\"2023-03-09T15:23:06+00:00\" \/>\r\n<meta name=\"twitter:card\" content=\"summary_large_image\" \/>\r\n<meta name=\"twitter:label1\" content=\"Tiempo de lectura\" \/>\n\t<meta name=\"twitter:data1\" content=\"2 minutos\" \/>\r\n<script type=\"application\/ld+json\" class=\"yoast-schema-graph\">{\"@context\":\"https:\/\/schema.org\",\"@graph\":[{\"@type\":\"WebPage\",\"@id\":\"https:\/\/www.summar.es\/actualidad\/conectores-suasor\/\",\"url\":\"https:\/\/www.summar.es\/actualidad\/conectores-suasor\/\",\"name\":\"conectores suasor - Actualidad Summar\",\"isPartOf\":{\"@id\":\"https:\/\/www.summar.es\/actualidad\/#website\"},\"datePublished\":\"2022-10-20T10:51:10+00:00\",\"dateModified\":\"2023-03-09T15:23:06+00:00\",\"breadcrumb\":{\"@id\":\"https:\/\/www.summar.es\/actualidad\/conectores-suasor\/#breadcrumb\"},\"inLanguage\":\"es\",\"potentialAction\":[{\"@type\":\"ReadAction\",\"target\":[\"https:\/\/www.summar.es\/actualidad\/conectores-suasor\/\"]}]},{\"@type\":\"BreadcrumbList\",\"@id\":\"https:\/\/www.summar.es\/actualidad\/conectores-suasor\/#breadcrumb\",\"itemListElement\":[{\"@type\":\"ListItem\",\"position\":1,\"name\":\"Portada\",\"item\":\"https:\/\/www.summar.es\/actualidad\/\"},{\"@type\":\"ListItem\",\"position\":2,\"name\":\"conectores suasor\"}]},{\"@type\":\"WebSite\",\"@id\":\"https:\/\/www.summar.es\/actualidad\/#website\",\"url\":\"https:\/\/www.summar.es\/actualidad\/\",\"name\":\"Actualidad Summar\",\"description\":\"Temas de actualidad\",\"potentialAction\":[{\"@type\":\"SearchAction\",\"target\":{\"@type\":\"EntryPoint\",\"urlTemplate\":\"https:\/\/www.summar.es\/actualidad\/?s={search_term_string}\"},\"query-input\":\"required name=search_term_string\"}],\"inLanguage\":\"es\"}]}<\/script>\r\n<!-- \/ Yoast SEO plugin. -->","yoast_head_json":{"title":"conectores suasor - Actualidad Summar","robots":{"index":"index","follow":"follow","max-snippet":"max-snippet:-1","max-image-preview":"max-image-preview:large","max-video-preview":"max-video-preview:-1"},"canonical":"https:\/\/www.summar.es\/actualidad\/conectores-suasor\/","og_locale":"es_ES","og_type":"article","og_title":"conectores suasor - Actualidad Summar","og_description":"[vc_row equal_height=\u00bbyes\u00bb content_placement=\u00bbmiddle\u00bb css=\u00bb.vc_custom_1623222198683{padding-top: 0px !important;}\u00bb][vc_column width=\u00bb1\/4&#8243; col_padding=\u00bb2&#8243; col_padding_side=\u00bbright\u00bb][vc_single_image image=\u00bb3185&#8243; css=\u00bb.vc_custom_1623225929109{margin-top: 0px !important;margin-bottom: 0px !important;border-top-width: 0px !important;border-bottom-width: 0px !important;padding-top: 0px !important;padding-bottom: 0px !important;}\u00bb][\/vc_column][vc_column width=\u00bb1\/4&#8243; col_padding=\u00bb2&#8243; col_padding_side=\u00bbleft\u00bb][\/vc_column][vc_column width=\u00bb1\/4&#8243;][\/vc_column][vc_column width=\u00bb1\/4&#8243;][\/vc_column][\/vc_row][vc_row equal_height=\u00bbyes\u00bb content_placement=\u00bbmiddle\u00bb css=\u00bb.vc_custom_1666101302026{border-bottom-width: 45px !important;padding-top: 0px !important;padding-bottom: 45px !important;}\u00bb][vc_column width=\u00bb2\/3&#8243; col_padding_side=\u00bbright\u00bb][vc_column_text font_size=\u00bbmedium\u00bb css=\u00bb.vc_custom_1666101198073{margin-top: 20px !important;border-top-width: 0px !important;padding-top: 20px !important;}\u00bb] Plataforma de Conectores [&hellip;]","og_url":"https:\/\/www.summar.es\/actualidad\/conectores-suasor\/","og_site_name":"Actualidad Summar","article_modified_time":"2023-03-09T15:23:06+00:00","twitter_card":"summary_large_image","twitter_misc":{"Tiempo de lectura":"2 minutos"},"schema":{"@context":"https:\/\/schema.org","@graph":[{"@type":"WebPage","@id":"https:\/\/www.summar.es\/actualidad\/conectores-suasor\/","url":"https:\/\/www.summar.es\/actualidad\/conectores-suasor\/","name":"conectores suasor - Actualidad Summar","isPartOf":{"@id":"https:\/\/www.summar.es\/actualidad\/#website"},"datePublished":"2022-10-20T10:51:10+00:00","dateModified":"2023-03-09T15:23:06+00:00","breadcrumb":{"@id":"https:\/\/www.summar.es\/actualidad\/conectores-suasor\/#breadcrumb"},"inLanguage":"es","potentialAction":[{"@type":"ReadAction","target":["https:\/\/www.summar.es\/actualidad\/conectores-suasor\/"]}]},{"@type":"BreadcrumbList","@id":"https:\/\/www.summar.es\/actualidad\/conectores-suasor\/#breadcrumb","itemListElement":[{"@type":"ListItem","position":1,"name":"Portada","item":"https:\/\/www.summar.es\/actualidad\/"},{"@type":"ListItem","position":2,"name":"conectores suasor"}]},{"@type":"WebSite","@id":"https:\/\/www.summar.es\/actualidad\/#website","url":"https:\/\/www.summar.es\/actualidad\/","name":"Actualidad Summar","description":"Temas de actualidad","potentialAction":[{"@type":"SearchAction","target":{"@type":"EntryPoint","urlTemplate":"https:\/\/www.summar.es\/actualidad\/?s={search_term_string}"},"query-input":"required name=search_term_string"}],"inLanguage":"es"}]}},"_links":{"self":[{"href":"https:\/\/www.summar.es\/actualidad\/wp-json\/wp\/v2\/pages\/5271"}],"collection":[{"href":"https:\/\/www.summar.es\/actualidad\/wp-json\/wp\/v2\/pages"}],"about":[{"href":"https:\/\/www.summar.es\/actualidad\/wp-json\/wp\/v2\/types\/page"}],"author":[{"embeddable":true,"href":"https:\/\/www.summar.es\/actualidad\/wp-json\/wp\/v2\/users\/1"}],"replies":[{"embeddable":true,"href":"https:\/\/www.summar.es\/actualidad\/wp-json\/wp\/v2\/comments?post=5271"}],"version-history":[{"count":35,"href":"https:\/\/www.summar.es\/actualidad\/wp-json\/wp\/v2\/pages\/5271\/revisions"}],"predecessor-version":[{"id":12265,"href":"https:\/\/www.summar.es\/actualidad\/wp-json\/wp\/v2\/pages\/5271\/revisions\/12265"}],"wp:attachment":[{"href":"https:\/\/www.summar.es\/actualidad\/wp-json\/wp\/v2\/media?parent=5271"}],"curies":[{"name":"wp","href":"https:\/\/api.w.org\/{rel}","templated":true}]}}