{"id":5473,"date":"2022-12-29T14:47:26","date_gmt":"2022-12-29T15:47:26","guid":{"rendered":"https:\/\/www.summar.es\/actualidad\/?page_id=5473"},"modified":"2024-01-12T10:48:37","modified_gmt":"2024-01-12T11:48:37","slug":"software-facturacion-autonomos","status":"publish","type":"page","link":"https:\/\/www.summar.es\/actualidad\/software-facturacion-autonomos\/","title":{"rendered":"software-facturaci\u00f3n-autonomos"},"content":{"rendered":"<p>[vc_row][vc_column width=\u00bb1\/4&#8243; css=\u00bb.vc_custom_1617781490924{margin-top: 20px !important;}\u00bb][vc_single_image image=\u00bb3185&#8243;][\/vc_column][vc_column width=\u00bb3\/4&#8243;][\/vc_column][\/vc_row][vc_row equal_height=\u00bbyes\u00bb content_placement=\u00bbmiddle\u00bb][vc_column width=\u00bb1\/2&#8243; col_padding=\u00bb2&#8243; col_padding_side=\u00bbright\u00bb][vc_column_text font_size=\u00bbmedium\u00bb]<\/p>\n<h1><strong><span style=\"color: #1d63a0;\">T3 | Nueva versi\u00f3n de Emprendedor. El software de facturaci\u00f3n en la nube que se conecta con Suasor<\/span><\/strong><\/h1>\n<h2 style=\"text-align: left;\">Ofrece a los Clientes del Despacho la soluci\u00f3n ERP en la nube para aut\u00f3nomos o pymes<\/h2>\n<h2 style=\"text-align: left;\">Facilita a tus clientes con tributaci\u00f3n por EDS\/EO la gesti\u00f3n de su facturaci\u00f3n, conectada con Suasor<\/h2>\n<p>[\/vc_column_text][vc_column_text font_size=\u00bbmedium\u00bb]<\/p>\n<p style=\"text-align: left;\"><strong>La nueva plataforma tambi\u00e9n incluye:<\/strong><\/p>\n<p>[\/vc_column_text]<div class=\"vntd-icon-list icon-list-simple icon-list-basic icon-list-color-accent-3\"><ul class=\"icon-list\"><li><i class=\"fas fa-plus color-accent-3\"><\/i>T3 Facturaci\u00f3n: ingresos y gastos | cobros y pagos | archivo digital de facturas<\/li><li><i class=\"fas fa-plus color-accent-3\"><\/i>T3 Ventas: Ofertas comerciales y pedidos<\/li><li><i class=\"fas fa-plus color-accent-3\"><\/i>T3 Bancos: Remesas de cobro SEPA<\/li><li><i class=\"fas fa-plus color-accent-3\"><\/i>T3 CRM: Oportunidades y Contactos<\/li><li><i class=\"fas fa-plus color-accent-3\"><\/i>T3 Order: Proyectos y Servicios<\/li><\/ul><\/div>[vc_btn title=\u00bbCONTACTA\u00bb shape=\u00bbsquare\u00bb color=\u00bbwarning\u00bb link=\u00bburl:mailto%3Aoperaciones%40summar.es|target:_blank\u00bb][\/vc_column][vc_column width=\u00bb1\/2&#8243; col_padding=\u00bb2&#8243; col_padding_side=\u00bbleft\u00bb][vc_single_image image=\u00bb4672&#8243; img_size=\u00bblarge\u00bb alignment=\u00bbcenter\u00bb onclick=\u00bbcustom_link\u00bb img_link_target=\u00bb_blank\u00bb link=\u00bbhttps:\/\/www.youtube.com\/watch?v=QoV0WdYqj80&#8243;][\/vc_column][\/vc_row][vc_row css=\u00bb.vc_custom_1672325563699{padding-top: 85px !important;padding-bottom: 45px !important;}\u00bb][vc_column width=\u00bb1\/3&#8243; css=\u00bb.vc_custom_1672399999779{padding-right: 15px !important;padding-left: 25px !important;}\u00bb][vc_single_image image=\u00bb5530&#8243; img_size=\u00bb120&#215;120&#8243; alignment=\u00bbcenter\u00bb][vc_column_text]<\/p>\n<h3 style=\"text-align: center;\">Multidispositivo<\/h3>\n<p style=\"text-align: center;\">Acceso desde cualquier dispositivo y en tiempo real a toda su facturaci\u00f3n<\/p>\n<p>[\/vc_column_text][\/vc_column][vc_column width=\u00bb1\/3&#8243; css=\u00bb.vc_custom_1672328821287{padding-right: 15px !important;padding-left: 15px !important;}\u00bb][vc_single_image image=\u00bb5529&#8243; img_size=\u00bb120&#215;120&#8243; alignment=\u00bbcenter\u00bb][vc_column_text]<\/p>\n<h3 style=\"text-align: center;\">Gesti\u00f3n Facturas de venta<\/h3>\n<p style=\"text-align: center;\">Parametrizaci\u00f3n de conceptos de venta, diferentes plantilla de impresos,replica facturas recurrentes,\u2026<\/p>\n<p>[\/vc_column_text][\/vc_column][vc_column width=\u00bb1\/3&#8243; css=\u00bb.vc_custom_1672400024562{padding-right: 25px !important;padding-left: 15px !important;}\u00bb][vc_single_image image=\u00bb5528&#8243; img_size=\u00bb120&#215;120&#8243; alignment=\u00bbcenter\u00bb onclick=\u00bbcustom_link\u00bb][vc_column_text]<\/p>\n<h3 style=\"text-align: center;\">Env\u00edo de facturas<\/h3>\n<p style=\"text-align: center;\">Env\u00edo por email de facturas emitidas sin salir<br \/>\nde la aplicaci\u00f3n<\/p>\n<p>[\/vc_column_text][\/vc_column][\/vc_row][vc_row css=\u00bb.vc_custom_1672325563699{padding-top: 85px !important;padding-bottom: 45px !important;}\u00bb][vc_column width=\u00bb1\/3&#8243; css=\u00bb.vc_custom_1672399999779{padding-right: 15px !important;padding-left: 25px !important;}\u00bb][vc_single_image image=\u00bb5532&#8243; img_size=\u00bb120&#215;120&#8243; alignment=\u00bbcenter\u00bb][vc_column_text]<\/p>\n<h3 style=\"text-align: center;\">Gesti\u00f3n Facturas de gastos<\/h3>\n<p style=\"text-align: center;\">Env\u00edo en cualquier formato a un repositorio para<br \/>\nsu posterior registro<\/p>\n<p>[\/vc_column_text][\/vc_column][vc_column width=\u00bb1\/3&#8243; css=\u00bb.vc_custom_1672328821287{padding-right: 15px !important;padding-left: 15px !important;}\u00bb][vc_single_image image=\u00bb5527&#8243; img_size=\u00bb120&#215;120&#8243; alignment=\u00bbcenter\u00bb][vc_column_text]<\/p>\n<h3 style=\"text-align: center;\">Control estado de facturas<\/h3>\n<p style=\"text-align: center;\">Control de facturas pagadas y cobradas, devueltas, pendientes de cobro\/pago<\/p>\n<p>[\/vc_column_text][\/vc_column][vc_column width=\u00bb1\/3&#8243; css=\u00bb.vc_custom_1672400024562{padding-right: 25px !important;padding-left: 15px !important;}\u00bb][vc_single_image image=\u00bb5531&#8243; img_size=\u00bb120&#215;120&#8243; alignment=\u00bbcenter\u00bb onclick=\u00bbcustom_link\u00bb][vc_column_text]<\/p>\n<h3 style=\"text-align: center;\">Informes y m\u00e9tricas<\/h3>\n<p style=\"text-align: center;\">Resumen de IVA trimestrales o mensuales, extractos de bases, cuenta de resultados, clientes destacados, rentabilidad<\/p>\n<p>[\/vc_column_text][\/vc_column][\/vc_row][vc_row content_placement=\u00bbmiddle\u00bb bg_color_pre=\u00bbbg-color-1&#8243; css=\u00bb.vc_custom_1673278298110{margin-left: 100px !important;border-left-width: 100px !important;padding-left: 50px !important;}\u00bb][vc_column css=\u00bb.vc_custom_1705059588725{padding-left: 100px !important;}\u00bb][vc_column_text font_size=\u00bbmedium\u00bb css=\u00bb.vc_custom_1705059833847{padding-top: 30px !important;padding-bottom: 40px !important;}\u00bb]<\/p>\n<h2 style=\"text-align: center;\"><strong><span style=\"color: #1d63a0;\">La integraci\u00f3n con Emprendedor te facilitar\u00e1<\/span><\/strong><\/h2>\n<p>[\/vc_column_text][\/vc_column][vc_column width=\u00bb1\/6&#8243;][\/vc_column][vc_column width=\u00bb2\/6&#8243;]<div class=\"vntd-icon-list icon-list-simple icon-list-basic icon-list-color-accent-3\"><ul class=\"icon-list\"><li><i class=\"far fa-check-circle color-accent-3\"><\/i>Cumplir con la Ley Antifraude<\/li><li><i class=\"far fa-check-circle color-accent-3\"><\/i>Ahorrar tiempo con la importaci\u00f3n de datos a Suasor<\/li><li><i class=\"far fa-check-circle color-accent-3\"><\/i>Aumentar la fiabilidad y el control de los procesos<\/li><li><i class=\"far fa-check-circle color-accent-3\"><\/i>R\u00e1pido acceso a los documentos de tus clientes<\/li><li><i class=\"far fa-check-circle color-accent-3\"><\/i>Adi\u00f3s al Excel y al papel<\/li><li><i class=\"far fa-check-circle color-accent-3\"><\/i>Fidelizar a tus clientes<\/li><\/ul><\/div>[\/vc_column][vc_column width=\u00bb2\/6&#8243;][vc_single_image image=\u00bb7067&#8243; img_size=\u00bblarge\u00bb alignment=\u00bbright\u00bb css_animation=\u00bbnone\u00bb][\/vc_column][vc_column width=\u00bb1\/6&#8243;][\/vc_column][vc_column][vc_btn title=\u00bbME INTERESA\u00bb shape=\u00bbsquare\u00bb color=\u00bbwarning\u00bb align=\u00bbcenter\u00bb link=\u00bburl:mailto%3Aoperaciones%40summar.es|target:_blank\u00bb css=\u00bb.vc_custom_1705060070182{padding-bottom: 40px !important;}\u00bb][\/vc_column][\/vc_row]<\/p>\n","protected":false},"excerpt":{"rendered":"<p>[vc_row][vc_column width=\u00bb1\/4&#8243; css=\u00bb.vc_custom_1617781490924{margin-top: 20px !important;}\u00bb][vc_single_image image=\u00bb3185&#8243;][\/vc_column][vc_column width=\u00bb3\/4&#8243;][\/vc_column][\/vc_row][vc_row equal_height=\u00bbyes\u00bb content_placement=\u00bbmiddle\u00bb][vc_column width=\u00bb1\/2&#8243; col_padding=\u00bb2&#8243; col_padding_side=\u00bbright\u00bb][vc_column_text font_size=\u00bbmedium\u00bb] T3 | Nueva versi\u00f3n de Emprendedor. El software de facturaci\u00f3n en la nube que se conecta con Suasor Ofrece a los Clientes del Despacho la soluci\u00f3n ERP en la nube para aut\u00f3nomos o pymes Facilita a tus [&hellip;]<\/p>\n","protected":false},"author":1,"featured_media":0,"parent":0,"menu_order":0,"comment_status":"closed","ping_status":"closed","template":"template-blank.php","meta":{"footnotes":""},"yoast_head":"<!-- This site is optimized with the Yoast SEO plugin v21.4 - https:\/\/yoast.com\/wordpress\/plugins\/seo\/ -->\r\n<title>software-facturaci\u00f3n-autonomos - Actualidad Summar<\/title>\r\n<meta name=\"robots\" content=\"index, follow, max-snippet:-1, max-image-preview:large, max-video-preview:-1\" \/>\r\n<link rel=\"canonical\" href=\"https:\/\/www.summar.es\/actualidad\/software-facturacion-autonomos\/\" \/>\r\n<meta property=\"og:locale\" content=\"es_ES\" \/>\r\n<meta property=\"og:type\" content=\"article\" \/>\r\n<meta property=\"og:title\" content=\"software-facturaci\u00f3n-autonomos - Actualidad Summar\" \/>\r\n<meta property=\"og:description\" content=\"[vc_row][vc_column width=\u00bb1\/4&#8243; css=\u00bb.vc_custom_1617781490924{margin-top: 20px !important;}\u00bb][vc_single_image image=\u00bb3185&#8243;][\/vc_column][vc_column width=\u00bb3\/4&#8243;][\/vc_column][\/vc_row][vc_row equal_height=\u00bbyes\u00bb content_placement=\u00bbmiddle\u00bb][vc_column width=\u00bb1\/2&#8243; col_padding=\u00bb2&#8243; col_padding_side=\u00bbright\u00bb][vc_column_text font_size=\u00bbmedium\u00bb] T3 | Nueva versi\u00f3n de Emprendedor. El software de facturaci\u00f3n en la nube que se conecta con Suasor Ofrece a los Clientes del Despacho la soluci\u00f3n ERP en la nube para aut\u00f3nomos o pymes Facilita a tus [&hellip;]\" \/>\r\n<meta property=\"og:url\" content=\"https:\/\/www.summar.es\/actualidad\/software-facturacion-autonomos\/\" \/>\r\n<meta property=\"og:site_name\" content=\"Actualidad Summar\" \/>\r\n<meta property=\"article:modified_time\" content=\"2024-01-12T11:48:37+00:00\" \/>\r\n<meta name=\"twitter:card\" content=\"summary_large_image\" \/>\r\n<meta name=\"twitter:label1\" content=\"Tiempo de lectura\" \/>\n\t<meta name=\"twitter:data1\" content=\"2 minutos\" \/>\r\n<script type=\"application\/ld+json\" class=\"yoast-schema-graph\">{\"@context\":\"https:\/\/schema.org\",\"@graph\":[{\"@type\":\"WebPage\",\"@id\":\"https:\/\/www.summar.es\/actualidad\/software-facturacion-autonomos\/\",\"url\":\"https:\/\/www.summar.es\/actualidad\/software-facturacion-autonomos\/\",\"name\":\"software-facturaci\u00f3n-autonomos - Actualidad Summar\",\"isPartOf\":{\"@id\":\"https:\/\/www.summar.es\/actualidad\/#website\"},\"datePublished\":\"2022-12-29T15:47:26+00:00\",\"dateModified\":\"2024-01-12T11:48:37+00:00\",\"breadcrumb\":{\"@id\":\"https:\/\/www.summar.es\/actualidad\/software-facturacion-autonomos\/#breadcrumb\"},\"inLanguage\":\"es\",\"potentialAction\":[{\"@type\":\"ReadAction\",\"target\":[\"https:\/\/www.summar.es\/actualidad\/software-facturacion-autonomos\/\"]}]},{\"@type\":\"BreadcrumbList\",\"@id\":\"https:\/\/www.summar.es\/actualidad\/software-facturacion-autonomos\/#breadcrumb\",\"itemListElement\":[{\"@type\":\"ListItem\",\"position\":1,\"name\":\"Portada\",\"item\":\"https:\/\/www.summar.es\/actualidad\/\"},{\"@type\":\"ListItem\",\"position\":2,\"name\":\"software-facturaci\u00f3n-autonomos\"}]},{\"@type\":\"WebSite\",\"@id\":\"https:\/\/www.summar.es\/actualidad\/#website\",\"url\":\"https:\/\/www.summar.es\/actualidad\/\",\"name\":\"Actualidad Summar\",\"description\":\"Temas de actualidad\",\"potentialAction\":[{\"@type\":\"SearchAction\",\"target\":{\"@type\":\"EntryPoint\",\"urlTemplate\":\"https:\/\/www.summar.es\/actualidad\/?s={search_term_string}\"},\"query-input\":\"required name=search_term_string\"}],\"inLanguage\":\"es\"}]}<\/script>\r\n<!-- \/ Yoast SEO plugin. -->","yoast_head_json":{"title":"software-facturaci\u00f3n-autonomos - Actualidad Summar","robots":{"index":"index","follow":"follow","max-snippet":"max-snippet:-1","max-image-preview":"max-image-preview:large","max-video-preview":"max-video-preview:-1"},"canonical":"https:\/\/www.summar.es\/actualidad\/software-facturacion-autonomos\/","og_locale":"es_ES","og_type":"article","og_title":"software-facturaci\u00f3n-autonomos - Actualidad Summar","og_description":"[vc_row][vc_column width=\u00bb1\/4&#8243; css=\u00bb.vc_custom_1617781490924{margin-top: 20px !important;}\u00bb][vc_single_image image=\u00bb3185&#8243;][\/vc_column][vc_column width=\u00bb3\/4&#8243;][\/vc_column][\/vc_row][vc_row equal_height=\u00bbyes\u00bb content_placement=\u00bbmiddle\u00bb][vc_column width=\u00bb1\/2&#8243; col_padding=\u00bb2&#8243; col_padding_side=\u00bbright\u00bb][vc_column_text font_size=\u00bbmedium\u00bb] T3 | Nueva versi\u00f3n de Emprendedor. El software de facturaci\u00f3n en la nube que se conecta con Suasor Ofrece a los Clientes del Despacho la soluci\u00f3n ERP en la nube para aut\u00f3nomos o pymes Facilita a tus [&hellip;]","og_url":"https:\/\/www.summar.es\/actualidad\/software-facturacion-autonomos\/","og_site_name":"Actualidad Summar","article_modified_time":"2024-01-12T11:48:37+00:00","twitter_card":"summary_large_image","twitter_misc":{"Tiempo de lectura":"2 minutos"},"schema":{"@context":"https:\/\/schema.org","@graph":[{"@type":"WebPage","@id":"https:\/\/www.summar.es\/actualidad\/software-facturacion-autonomos\/","url":"https:\/\/www.summar.es\/actualidad\/software-facturacion-autonomos\/","name":"software-facturaci\u00f3n-autonomos - Actualidad Summar","isPartOf":{"@id":"https:\/\/www.summar.es\/actualidad\/#website"},"datePublished":"2022-12-29T15:47:26+00:00","dateModified":"2024-01-12T11:48:37+00:00","breadcrumb":{"@id":"https:\/\/www.summar.es\/actualidad\/software-facturacion-autonomos\/#breadcrumb"},"inLanguage":"es","potentialAction":[{"@type":"ReadAction","target":["https:\/\/www.summar.es\/actualidad\/software-facturacion-autonomos\/"]}]},{"@type":"BreadcrumbList","@id":"https:\/\/www.summar.es\/actualidad\/software-facturacion-autonomos\/#breadcrumb","itemListElement":[{"@type":"ListItem","position":1,"name":"Portada","item":"https:\/\/www.summar.es\/actualidad\/"},{"@type":"ListItem","position":2,"name":"software-facturaci\u00f3n-autonomos"}]},{"@type":"WebSite","@id":"https:\/\/www.summar.es\/actualidad\/#website","url":"https:\/\/www.summar.es\/actualidad\/","name":"Actualidad Summar","description":"Temas de actualidad","potentialAction":[{"@type":"SearchAction","target":{"@type":"EntryPoint","urlTemplate":"https:\/\/www.summar.es\/actualidad\/?s={search_term_string}"},"query-input":"required name=search_term_string"}],"inLanguage":"es"}]}},"_links":{"self":[{"href":"https:\/\/www.summar.es\/actualidad\/wp-json\/wp\/v2\/pages\/5473"}],"collection":[{"href":"https:\/\/www.summar.es\/actualidad\/wp-json\/wp\/v2\/pages"}],"about":[{"href":"https:\/\/www.summar.es\/actualidad\/wp-json\/wp\/v2\/types\/page"}],"author":[{"embeddable":true,"href":"https:\/\/www.summar.es\/actualidad\/wp-json\/wp\/v2\/users\/1"}],"replies":[{"embeddable":true,"href":"https:\/\/www.summar.es\/actualidad\/wp-json\/wp\/v2\/comments?post=5473"}],"version-history":[{"count":83,"href":"https:\/\/www.summar.es\/actualidad\/wp-json\/wp\/v2\/pages\/5473\/revisions"}],"predecessor-version":[{"id":7076,"href":"https:\/\/www.summar.es\/actualidad\/wp-json\/wp\/v2\/pages\/5473\/revisions\/7076"}],"wp:attachment":[{"href":"https:\/\/www.summar.es\/actualidad\/wp-json\/wp\/v2\/media?parent=5473"}],"curies":[{"name":"wp","href":"https:\/\/api.w.org\/{rel}","templated":true}]}}