{"id":6888,"date":"2026-01-20T08:52:56","date_gmt":"2026-01-20T09:52:56","guid":{"rendered":"https:\/\/www.summar.es\/actualidad\/?page_id=6888"},"modified":"2026-01-20T10:33:44","modified_gmt":"2026-01-20T11:33:44","slug":"portal-del-empleado","status":"publish","type":"page","link":"https:\/\/www.summar.es\/actualidad\/portal-del-empleado\/","title":{"rendered":"Portal del Empleado"},"content":{"rendered":"<p>[vc_row][vc_column width=\u00bb5\/6&#8243; css=\u00bb.vc_custom_1617781490924{margin-top: 20px !important;}\u00bb][\/vc_column][vc_column width=\u00bb1\/6&#8243;][vc_single_image image=\u00bb11939&#8243;][\/vc_column][\/vc_row][vc_row equal_height=\u00bbyes\u00bb content_placement=\u00bbmiddle\u00bb css=\u00bb.vc_custom_1705056254448{padding-bottom: 20px !important;}\u00bb][vc_column width=\u00bb1\/2&#8243; col_padding=\u00bb2&#8243; col_padding_side=\u00bbright\u00bb][vc_column_text font_size=\u00bbmedium\u00bb]<\/p>\n<h1><strong><span style=\"color: #1d63a0;\">El Portal del Empleado. Facilita la gesti\u00f3n de empleados y managers<\/span><\/strong><\/h1>\n<p style=\"text-align: left;\">Una herramienta a la que acceder desde el ordenador y el m\u00f3vil para facilitar la gesti\u00f3n documental, firma de de documentos, formaci\u00f3n y evaluaci\u00f3n, comunicaci\u00f3n corporativa y registro de jornada.<\/p>\n<p>La informaci\u00f3n m\u00e1s importante de los empleados en una \u00fanica pantalla para que monitorices toda la gesti\u00f3n de personas.[\/vc_column_text][vc_btn title=\u00bbConsulta con nosotros\u00bb shape=\u00bbsquare\u00bb color=\u00bbwarning\u00bb link=\u00bburl:mailto%3Aoperaciones%40summar.es%3FSubject%3DMe%20interesa%20el%20Portal%20del%20Empleado|target:_blank\u00bb][\/vc_column][vc_column width=\u00bb1\/2&#8243; col_padding=\u00bb2&#8243; col_padding_side=\u00bbleft\u00bb][vc_single_image image=\u00bb3932&#8243; alignment=\u00bbcenter\u00bb onclick=\u00bbcustom_link\u00bb img_link_target=\u00bb_blank\u00bb css_animation=\u00bbnone\u00bb css=\u00bb.vc_custom_1692784296757{margin-bottom: 0px !important;}\u00bb link=\u00bbhttps:\/\/vimeo.com\/379774501\/8b9b8c9a00?share=copy\u00bb][\/vc_column][\/vc_row][vc_row bg_color_pre=\u00bbbg-color-1&#8243; css=\u00bb.vc_custom_1705056262903{padding-top: 85px !important;padding-bottom: 45px !important;}\u00bb][vc_column width=\u00bb1\/3&#8243;][vc_single_image image=\u00bb6903&#8243; img_size=\u00bb85&#215;85&#8243; alignment=\u00bbcenter\u00bb][vc_column_text]<\/p>\n<h4 style=\"text-align: center;\"><strong><span style=\"color: #1d69ad;\">Publicaci\u00f3n de comunicados y encuestas<\/span><\/strong><\/h4>\n<p>[\/vc_column_text][vc_single_image image=\u00bb6907&#8243; img_size=\u00bb85&#215;85&#8243; alignment=\u00bbcenter\u00bb][vc_column_text]<\/p>\n<h4 style=\"text-align: center;\"><strong><span style=\"color: #1d69ad;\">Gesti\u00f3n de Evaluaci\u00f3n del desempe\u00f1o y Formaci\u00f3n<\/span><\/strong><\/h4>\n<p>[\/vc_column_text][\/vc_column][vc_column width=\u00bb1\/3&#8243;][vc_single_image image=\u00bb6902&#8243; img_size=\u00bb85&#215;85&#8243; alignment=\u00bbcenter\u00bb][vc_column_text]<\/p>\n<h4 style=\"text-align: center;\"><strong><span style=\"color: #1d69ad;\">Env\u00edo y modificaci\u00f3n de documentos<\/span><\/strong><\/h4>\n<p>[\/vc_column_text][vc_single_image image=\u00bb6905&#8243; img_size=\u00bb85&#215;85&#8243; alignment=\u00bbcenter\u00bb][vc_column_text]<\/p>\n<h4 style=\"text-align: center;\"><strong><span style=\"color: #1d69ad;\">Gesti\u00f3n documental<\/span><\/strong><\/h4>\n<p>[\/vc_column_text][\/vc_column][vc_column width=\u00bb1\/3&#8243;][vc_single_image image=\u00bb6901&#8243; img_size=\u00bb85&#215;85&#8243; alignment=\u00bbcenter\u00bb onclick=\u00bbcustom_link\u00bb][vc_column_text]<\/p>\n<h4 style=\"text-align: center;\"><strong><span style=\"color: #1d69ad;\">Gesti\u00f3n de vacaciones<\/span><\/strong><\/h4>\n<p>[\/vc_column_text][vc_single_image image=\u00bb6908&#8243; img_size=\u00bb85&#215;85&#8243; alignment=\u00bbcenter\u00bb onclick=\u00bbcustom_link\u00bb][vc_column_text]<\/p>\n<h4 style=\"text-align: center;\"><strong><span style=\"color: #1d69ad;\">Visi\u00f3n global de datos de empleados<\/span><\/strong><\/h4>\n<p>[\/vc_column_text][\/vc_column][\/vc_row][vc_row equal_height=\u00bbyes\u00bb content_placement=\u00bbmiddle\u00bb css=\u00bb.vc_custom_1705056273007{margin-bottom: 40px !important;padding-top: 40px !important;padding-bottom: 20px !important;}\u00bb][vc_column width=\u00bb1\/2&#8243; col_padding=\u00bb2&#8243; col_padding_side=\u00bbright\u00bb][vc_single_image image=\u00bb6946&#8243; img_size=\u00bblarge\u00bb alignment=\u00bbright\u00bb style=\u00bbvc_box_shadow\u00bb onclick=\u00bbcustom_link\u00bb img_link_target=\u00bb_blank\u00bb link=\u00bbhttps:\/\/vimeo.com\/summar\/portal-empleado-colaboracion?share=copy\u00bb][\/vc_column][vc_column width=\u00bb1\/2&#8243;][vc_single_image image=\u00bb6947&#8243; img_size=\u00bblarge\u00bb style=\u00bbvc_box_shadow\u00bb onclick=\u00bbcustom_link\u00bb img_link_target=\u00bb_blank\u00bb link=\u00bbhttps:\/\/vimeo.com\/287437641?share=copy\u00bb][\/vc_column][\/vc_row][vc_row equal_height=\u00bbyes\u00bb content_placement=\u00bbmiddle\u00bb bg_color_pre=\u00bbbg-color-1&#8243; css=\u00bb.vc_custom_1705056281351{margin-bottom: 40px !important;padding-top: 40px !important;padding-bottom: 20px !important;}\u00bb][vc_column width=\u00bb1\/2&#8243; col_padding=\u00bb2&#8243; col_padding_side=\u00bbright\u00bb][vc_column_text font_size=\u00bbmedium\u00bb]<\/p>\n<h2><strong><span style=\"color: #1d63a0;\">Firma electr\u00f3nica simplificada<\/span><\/strong><\/h2>\n<p>[\/vc_column_text][vc_column_text]Activa la automatizaci\u00f3n del env\u00edo de documentos para aceptaci\u00f3n o firma por SMS o PIN, desde el Portal del Empleado, tanto para managers como empleados.[\/vc_column_text][\/vc_column][vc_column width=\u00bb1\/2&#8243;][vc_single_image image=\u00bb4029&#8243; img_size=\u00bbmedium\u00bb alignment=\u00bbcenter\u00bb onclick=\u00bbcustom_link\u00bb img_link_target=\u00bb_blank\u00bb link=\u00bbhttps:\/\/vimeo.com\/647658529?share=copy\u00bb][\/vc_column][\/vc_row][vc_row equal_height=\u00bbyes\u00bb content_placement=\u00bbmiddle\u00bb css=\u00bb.vc_custom_1705056314007{padding-top: 20px !important;padding-bottom: 20px !important;}\u00bb][vc_column col_padding=\u00bb2&#8243; col_padding_side=\u00bbright\u00bb][vc_column_text font_size=\u00bbmedium\u00bb]<\/p>\n<h2 style=\"text-align: center;\"><strong><span style=\"color: #1d63a0;\">Y ahora, con app para llevar el portal del empleado a cualquier lugar<\/span><\/strong><\/h2>\n<p>[\/vc_column_text][\/vc_column][vc_column width=\u00bb1\/5&#8243;][\/vc_column][vc_column width=\u00bb3\/5&#8243;][vc_single_image image=\u00bb6876&#8243;][\/vc_column][vc_column width=\u00bb1\/5&#8243;][\/vc_column][\/vc_row][vc_row equal_height=\u00bbyes\u00bb content_placement=\u00bbmiddle\u00bb bg_color_pre=\u00bbbg-color-1&#8243; css=\u00bb.vc_custom_1705056366144{padding-top: 40px !important;padding-bottom: 20px !important;}\u00bb][vc_column col_padding=\u00bb2&#8243; col_padding_side=\u00bbright\u00bb][vc_column_text font_size=\u00bbmedium\u00bb]<\/p>\n<h2 style=\"text-align: center;\"><strong><span style=\"color: #1d63a0;\">\u00bfQuieres m\u00e1s informaci\u00f3n sobre el Portal del Empleado?<\/span><\/strong><\/h2>\n<p>[\/vc_column_text][\/vc_column][vc_column width=\u00bb1\/5&#8243;][\/vc_column][vc_column width=\u00bb3\/5&#8243;][vc_btn title=\u00bbConsulta con nosotros\u00bb shape=\u00bbsquare\u00bb color=\u00bbwarning\u00bb align=\u00bbcenter\u00bb link=\u00bburl:mailto%3Aoperaciones%40summar.es%3FSubject%3DMe%20interesa%20el%20Portal%20del%20Empleado|target:_blank\u00bb][\/vc_column][vc_column width=\u00bb1\/5&#8243;][\/vc_column][\/vc_row]<\/p>\n","protected":false},"excerpt":{"rendered":"<p>[vc_row][vc_column width=\u00bb5\/6&#8243; css=\u00bb.vc_custom_1617781490924{margin-top: 20px !important;}\u00bb][\/vc_column][vc_column width=\u00bb1\/6&#8243;][vc_single_image image=\u00bb11939&#8243;][\/vc_column][\/vc_row][vc_row equal_height=\u00bbyes\u00bb content_placement=\u00bbmiddle\u00bb css=\u00bb.vc_custom_1705056254448{padding-bottom: 20px !important;}\u00bb][vc_column width=\u00bb1\/2&#8243; col_padding=\u00bb2&#8243; col_padding_side=\u00bbright\u00bb][vc_column_text font_size=\u00bbmedium\u00bb] El Portal del Empleado. Facilita la gesti\u00f3n de empleados y managers Una herramienta a la que acceder desde el ordenador y el m\u00f3vil para facilitar la gesti\u00f3n documental, firma de de documentos, formaci\u00f3n y [&hellip;]<\/p>\n","protected":false},"author":1,"featured_media":0,"parent":0,"menu_order":0,"comment_status":"closed","ping_status":"closed","template":"template-blank.php","meta":{"footnotes":""},"yoast_head":"<!-- This site is optimized with the Yoast SEO plugin v21.4 - https:\/\/yoast.com\/wordpress\/plugins\/seo\/ -->\r\n<title>Portal del Empleado - Actualidad Summar<\/title>\r\n<meta name=\"robots\" content=\"index, follow, max-snippet:-1, max-image-preview:large, max-video-preview:-1\" \/>\r\n<link rel=\"canonical\" href=\"https:\/\/www.summar.es\/actualidad\/portal-del-empleado\/\" \/>\r\n<meta property=\"og:locale\" content=\"es_ES\" \/>\r\n<meta property=\"og:type\" content=\"article\" \/>\r\n<meta property=\"og:title\" content=\"Portal del Empleado - Actualidad Summar\" \/>\r\n<meta property=\"og:description\" content=\"[vc_row][vc_column width=\u00bb5\/6&#8243; css=\u00bb.vc_custom_1617781490924{margin-top: 20px !important;}\u00bb][\/vc_column][vc_column width=\u00bb1\/6&#8243;][vc_single_image image=\u00bb11939&#8243;][\/vc_column][\/vc_row][vc_row equal_height=\u00bbyes\u00bb content_placement=\u00bbmiddle\u00bb css=\u00bb.vc_custom_1705056254448{padding-bottom: 20px !important;}\u00bb][vc_column width=\u00bb1\/2&#8243; col_padding=\u00bb2&#8243; col_padding_side=\u00bbright\u00bb][vc_column_text font_size=\u00bbmedium\u00bb] El Portal del Empleado. Facilita la gesti\u00f3n de empleados y managers Una herramienta a la que acceder desde el ordenador y el m\u00f3vil para facilitar la gesti\u00f3n documental, firma de de documentos, formaci\u00f3n y [&hellip;]\" \/>\r\n<meta property=\"og:url\" content=\"https:\/\/www.summar.es\/actualidad\/portal-del-empleado\/\" \/>\r\n<meta property=\"og:site_name\" content=\"Actualidad Summar\" \/>\r\n<meta property=\"article:modified_time\" content=\"2026-01-20T11:33:44+00:00\" \/>\r\n<meta name=\"twitter:card\" content=\"summary_large_image\" \/>\r\n<meta name=\"twitter:label1\" content=\"Tiempo de lectura\" \/>\n\t<meta name=\"twitter:data1\" content=\"2 minutos\" \/>\r\n<script type=\"application\/ld+json\" class=\"yoast-schema-graph\">{\"@context\":\"https:\/\/schema.org\",\"@graph\":[{\"@type\":\"WebPage\",\"@id\":\"https:\/\/www.summar.es\/actualidad\/portal-del-empleado\/\",\"url\":\"https:\/\/www.summar.es\/actualidad\/portal-del-empleado\/\",\"name\":\"Portal del Empleado - Actualidad Summar\",\"isPartOf\":{\"@id\":\"https:\/\/www.summar.es\/actualidad\/#website\"},\"datePublished\":\"2026-01-20T09:52:56+00:00\",\"dateModified\":\"2026-01-20T11:33:44+00:00\",\"breadcrumb\":{\"@id\":\"https:\/\/www.summar.es\/actualidad\/portal-del-empleado\/#breadcrumb\"},\"inLanguage\":\"es\",\"potentialAction\":[{\"@type\":\"ReadAction\",\"target\":[\"https:\/\/www.summar.es\/actualidad\/portal-del-empleado\/\"]}]},{\"@type\":\"BreadcrumbList\",\"@id\":\"https:\/\/www.summar.es\/actualidad\/portal-del-empleado\/#breadcrumb\",\"itemListElement\":[{\"@type\":\"ListItem\",\"position\":1,\"name\":\"Portada\",\"item\":\"https:\/\/www.summar.es\/actualidad\/\"},{\"@type\":\"ListItem\",\"position\":2,\"name\":\"Portal del Empleado\"}]},{\"@type\":\"WebSite\",\"@id\":\"https:\/\/www.summar.es\/actualidad\/#website\",\"url\":\"https:\/\/www.summar.es\/actualidad\/\",\"name\":\"Actualidad Summar\",\"description\":\"Temas de actualidad\",\"potentialAction\":[{\"@type\":\"SearchAction\",\"target\":{\"@type\":\"EntryPoint\",\"urlTemplate\":\"https:\/\/www.summar.es\/actualidad\/?s={search_term_string}\"},\"query-input\":\"required name=search_term_string\"}],\"inLanguage\":\"es\"}]}<\/script>\r\n<!-- \/ Yoast SEO plugin. -->","yoast_head_json":{"title":"Portal del Empleado - Actualidad Summar","robots":{"index":"index","follow":"follow","max-snippet":"max-snippet:-1","max-image-preview":"max-image-preview:large","max-video-preview":"max-video-preview:-1"},"canonical":"https:\/\/www.summar.es\/actualidad\/portal-del-empleado\/","og_locale":"es_ES","og_type":"article","og_title":"Portal del Empleado - Actualidad Summar","og_description":"[vc_row][vc_column width=\u00bb5\/6&#8243; css=\u00bb.vc_custom_1617781490924{margin-top: 20px !important;}\u00bb][\/vc_column][vc_column width=\u00bb1\/6&#8243;][vc_single_image image=\u00bb11939&#8243;][\/vc_column][\/vc_row][vc_row equal_height=\u00bbyes\u00bb content_placement=\u00bbmiddle\u00bb css=\u00bb.vc_custom_1705056254448{padding-bottom: 20px !important;}\u00bb][vc_column width=\u00bb1\/2&#8243; col_padding=\u00bb2&#8243; col_padding_side=\u00bbright\u00bb][vc_column_text font_size=\u00bbmedium\u00bb] El Portal del Empleado. Facilita la gesti\u00f3n de empleados y managers Una herramienta a la que acceder desde el ordenador y el m\u00f3vil para facilitar la gesti\u00f3n documental, firma de de documentos, formaci\u00f3n y [&hellip;]","og_url":"https:\/\/www.summar.es\/actualidad\/portal-del-empleado\/","og_site_name":"Actualidad Summar","article_modified_time":"2026-01-20T11:33:44+00:00","twitter_card":"summary_large_image","twitter_misc":{"Tiempo de lectura":"2 minutos"},"schema":{"@context":"https:\/\/schema.org","@graph":[{"@type":"WebPage","@id":"https:\/\/www.summar.es\/actualidad\/portal-del-empleado\/","url":"https:\/\/www.summar.es\/actualidad\/portal-del-empleado\/","name":"Portal del Empleado - Actualidad Summar","isPartOf":{"@id":"https:\/\/www.summar.es\/actualidad\/#website"},"datePublished":"2026-01-20T09:52:56+00:00","dateModified":"2026-01-20T11:33:44+00:00","breadcrumb":{"@id":"https:\/\/www.summar.es\/actualidad\/portal-del-empleado\/#breadcrumb"},"inLanguage":"es","potentialAction":[{"@type":"ReadAction","target":["https:\/\/www.summar.es\/actualidad\/portal-del-empleado\/"]}]},{"@type":"BreadcrumbList","@id":"https:\/\/www.summar.es\/actualidad\/portal-del-empleado\/#breadcrumb","itemListElement":[{"@type":"ListItem","position":1,"name":"Portada","item":"https:\/\/www.summar.es\/actualidad\/"},{"@type":"ListItem","position":2,"name":"Portal del Empleado"}]},{"@type":"WebSite","@id":"https:\/\/www.summar.es\/actualidad\/#website","url":"https:\/\/www.summar.es\/actualidad\/","name":"Actualidad Summar","description":"Temas de actualidad","potentialAction":[{"@type":"SearchAction","target":{"@type":"EntryPoint","urlTemplate":"https:\/\/www.summar.es\/actualidad\/?s={search_term_string}"},"query-input":"required name=search_term_string"}],"inLanguage":"es"}]}},"_links":{"self":[{"href":"https:\/\/www.summar.es\/actualidad\/wp-json\/wp\/v2\/pages\/6888"}],"collection":[{"href":"https:\/\/www.summar.es\/actualidad\/wp-json\/wp\/v2\/pages"}],"about":[{"href":"https:\/\/www.summar.es\/actualidad\/wp-json\/wp\/v2\/types\/page"}],"author":[{"embeddable":true,"href":"https:\/\/www.summar.es\/actualidad\/wp-json\/wp\/v2\/users\/1"}],"replies":[{"embeddable":true,"href":"https:\/\/www.summar.es\/actualidad\/wp-json\/wp\/v2\/comments?post=6888"}],"version-history":[{"count":28,"href":"https:\/\/www.summar.es\/actualidad\/wp-json\/wp\/v2\/pages\/6888\/revisions"}],"predecessor-version":[{"id":11968,"href":"https:\/\/www.summar.es\/actualidad\/wp-json\/wp\/v2\/pages\/6888\/revisions\/11968"}],"wp:attachment":[{"href":"https:\/\/www.summar.es\/actualidad\/wp-json\/wp\/v2\/media?parent=6888"}],"curies":[{"name":"wp","href":"https:\/\/api.w.org\/{rel}","templated":true}]}}