{"id":7648,"date":"2025-01-07T12:32:55","date_gmt":"2025-01-07T13:32:55","guid":{"rendered":"https:\/\/www.summar.es\/actualidad\/?page_id=7648"},"modified":"2025-02-28T06:54:38","modified_gmt":"2025-02-28T07:54:38","slug":"taxor-canal-soporte","status":"publish","type":"page","link":"https:\/\/www.summar.es\/actualidad\/taxor-canal-soporte\/","title":{"rendered":"taxor-canal-soporte"},"content":{"rendered":"<p>[vc_row][vc_column width=\u00bb1\/4&#8243; css=\u00bb.vc_custom_1617781490924{margin-top: 20px !important;}\u00bb][vc_single_image image=\u00bb7668&#8243;][\/vc_column][vc_column width=\u00bb3\/4&#8243;][\/vc_column][\/vc_row][vc_row content_placement=\u00bbtop\u00bb css=\u00bb.vc_custom_1690190708645{padding-top: 10px !important;padding-bottom: 20px !important;}\u00bb][vc_column width=\u00bb1\/2&#8243;][vc_column_text font_size=\u00bbmedium\u00bb]<\/p>\n<h1 style=\"text-align: left;\"><strong><span style=\"color: #00204d;\">Soporte | P\u00edldoras formativas<\/span><\/strong><\/h1>\n<h4 style=\"text-align: left; line-height: 1.8;\"><strong>No te pierdas estos videos para sacar el m\u00e1ximo provecho del Soporte de Taxor.<\/strong><\/h4>\n<h4 style=\"margin-bottom: 5px; text-align: left; line-height: 1.8;\"><strong><span style=\"color: #1d69ad;\">1. Abre casos, controla su estado y revisa el hist\u00f3rico<\/span><\/strong><\/h4>\n<h4 style=\"margin-top: 5px; text-align: left; line-height: 1.8;\"><strong><span style=\"color: #1d69ad;\">2. Accede a la documentaci\u00f3n de actualizaciones legales y funcionales<\/span><\/strong><\/h4>\n<p>[\/vc_column_text][\/vc_column][vc_column width=\u00bb1\/2&#8243;][vc_single_image image=\u00bb7819&#8243; img_size=\u00bb400&#215;267&#8243; alignment=\u00bbcenter\u00bb onclick=\u00bbcustom_link\u00bb img_link_target=\u00bb_blank\u00bb title=\u00bbVer presentaci\u00f3n general\u00bb link=\u00bbhttps:\/\/vimeo.com\/summar\/soporte-taxor?share=copy\u00bb][\/vc_column][\/vc_row][vc_row][vc_column width=\u00bb1\/3&#8243;][vc_column_text]<\/p>\n<div style=\"display: flex; align-items: center; justify-content: center; margin-bottom: 0;\">\n<h2 style=\"margin: 0; line-height: 1; color: #00204d;\"><a style=\"color: #00204d; text-decoration: none;\" href=\"https:\/\/vimeo.com\/summar\/taxor-abrir-caso?share=copy\" target=\"_blank\" rel=\"noopener\"><br \/>\n<strong><br \/>\n<img decoding=\"async\" loading=\"lazy\" class=\"alignnone wp-image-7686\" src=\"https:\/\/www.summar.es\/actualidad\/wp-content\/uploads\/2025\/01\/punt-vertical.png\" alt=\"\" width=\"33\" height=\"47\" \/><\/strong><\/a> <strong><a style=\"color: #00204d; text-decoration: none;\" href=\"https:\/\/vimeo.com\/summar\/taxor-abrir-caso?share=copy\" target=\"_blank\" rel=\"noopener\">Abrir un caso<\/a><br \/>\n<\/strong><\/h2>\n<\/div>\n<p>[\/vc_column_text][vc_single_image image=\u00bb7659&#8243; img_size=\u00bb400&#215;259&#8243; alignment=\u00bbcenter\u00bb onclick=\u00bbcustom_link\u00bb img_link_target=\u00bb_blank\u00bb link=\u00bbhttps:\/\/vimeo.com\/summar\/taxor-abrir-caso?share=copy\u00bb css=\u00bb.vc_custom_1740496311031{margin-top: -20px !important;border-top-width: -20px !important;}\u00bb][vc_column_text]<\/p>\n<div style=\"display: flex; align-items: center; justify-content: center; margin-bottom: 0;\">\n<h2 style=\"margin: 0; line-height: 1; color: #00204d;\"><a style=\"color: #00204d; text-decoration: none;\" href=\"https:\/\/vimeo.com\/summar\/taxor-abrir-caso?share=copy\" target=\"_blank\" rel=\"noopener\"><br \/>\n<strong><br \/>\n<img decoding=\"async\" loading=\"lazy\" class=\"alignnone wp-image-7686\" src=\"https:\/\/www.summar.es\/actualidad\/wp-content\/uploads\/2025\/01\/punt-vertical.png\" alt=\"\" width=\"33\" height=\"47\" \/><\/strong><\/a> <strong><a style=\"color: #00204d; text-decoration: none;\" href=\"https:\/\/vimeo.com\/summar\/taxor-cambiar-responsable?share=copy\" target=\"_blank\" rel=\"noopener\">Cambiar responsable del caso<\/a><br \/>\n<\/strong><\/h2>\n<\/div>\n<p>[\/vc_column_text][vc_single_image image=\u00bb7707&#8243; img_size=\u00bb400&#215;259&#8243; alignment=\u00bbcenter\u00bb onclick=\u00bbcustom_link\u00bb img_link_target=\u00bb_blank\u00bb link=\u00bbhttps:\/\/vimeo.com\/summar\/taxor-cambiar-responsable?share=copy\u00bb css=\u00bb.vc_custom_1736264657807{margin-top: -20px !important;border-top-width: -20px !important;}\u00bb][\/vc_column][vc_column width=\u00bb1\/3&#8243;][vc_column_text]<\/p>\n<div style=\"display: flex; align-items: center; justify-content: center; margin-bottom: 0;\">\n<h2 style=\"margin: 0; line-height: 1; color: #00204d;\"><a style=\"color: #00204d; text-decoration: none;\" href=\"https:\/\/vimeo.com\/summar\/taxor-abrir-caso?share=copy\" target=\"_blank\" rel=\"noopener\"><br \/>\n<strong><br \/>\n<img decoding=\"async\" loading=\"lazy\" class=\"alignnone wp-image-7686\" src=\"https:\/\/www.summar.es\/actualidad\/wp-content\/uploads\/2025\/01\/punt-vertical.png\" alt=\"\" width=\"33\" height=\"47\" \/><\/strong><\/a> <strong><a style=\"color: #00204d; text-decoration: none;\" href=\"https:\/\/vimeo.com\/summar\/ver-respuesta?share=copy\" target=\"_blank\" rel=\"noopener\">Ver la respuesta del caso<\/a><br \/>\n<\/strong><\/h2>\n<\/div>\n<p>[\/vc_column_text][vc_single_image image=\u00bb7701&#8243; img_size=\u00bb400&#215;259&#8243; alignment=\u00bbcenter\u00bb onclick=\u00bbcustom_link\u00bb img_link_target=\u00bb_blank\u00bb link=\u00bbhttps:\/\/vimeo.com\/summar\/ver-respuesta?share=copy\u00bb css=\u00bb.vc_custom_1740496047137{margin-top: -20px !important;border-top-width: -20px !important;}\u00bb][vc_column_text]<\/p>\n<div style=\"display: flex; align-items: center; justify-content: center; margin-bottom: 0;\">\n<h2 style=\"margin: 0; line-height: 1; color: #00204d;\"><a style=\"color: #00204d; text-decoration: none;\" href=\"https:\/\/vimeo.com\/summar\/taxor-abrir-caso?share=copy\" target=\"_blank\" rel=\"noopener\"><br \/>\n<strong><br \/>\n<img decoding=\"async\" loading=\"lazy\" class=\"alignnone wp-image-7686\" src=\"https:\/\/www.summar.es\/actualidad\/wp-content\/uploads\/2025\/01\/punt-vertical.png\" alt=\"\" width=\"33\" height=\"47\" \/><\/strong><\/a> <strong><a style=\"color: #00204d; text-decoration: none;\" href=\"https:\/\/vimeo.com\/summar\/taxor-reabrir-caso?share=copy\" target=\"_blank\" rel=\"noopener\">Reabrir un caso resuelto<\/a><br \/>\n<\/strong><\/h2>\n<\/div>\n<p>[\/vc_column_text][vc_single_image image=\u00bb7707&#8243; img_size=\u00bb400&#215;259&#8243; alignment=\u00bbcenter\u00bb onclick=\u00bbcustom_link\u00bb img_link_target=\u00bb_blank\u00bb link=\u00bbhttps:\/\/vimeo.com\/summar\/taxor-reabrir-caso?share=copy\u00bb css=\u00bb.vc_custom_1736264753076{margin-top: -20px !important;border-top-width: -20px !important;}\u00bb][\/vc_column][vc_column width=\u00bb1\/3&#8243;][vc_column_text]<\/p>\n<div style=\"display: flex; align-items: center; justify-content: center; margin-bottom: 0;\">\n<h2 style=\"margin: 0; line-height: 1; color: #00204d;\"><a style=\"color: #00204d; text-decoration: none;\" href=\"https:\/\/vimeo.com\/summar\/taxor-abrir-caso?share=copy\" target=\"_blank\" rel=\"noopener\"><br \/>\n<strong><br \/>\n<img decoding=\"async\" loading=\"lazy\" class=\"alignnone wp-image-7686\" src=\"https:\/\/www.summar.es\/actualidad\/wp-content\/uploads\/2025\/01\/punt-vertical.png\" alt=\"\" width=\"33\" height=\"47\" \/><\/strong><\/a> <strong><a style=\"color: #00204d; text-decoration: none;\" href=\"https:\/\/vimeo.com\/summar\/taxor-seguimiento-caso?share=copy\" target=\"_blank\" rel=\"noopener\">Continuar la conversaci\u00f3n<\/a><br \/>\n<\/strong><\/h2>\n<\/div>\n<p>[\/vc_column_text][vc_single_image image=\u00bb7702&#8243; img_size=\u00bb400&#215;259&#8243; alignment=\u00bbcenter\u00bb onclick=\u00bbcustom_link\u00bb img_link_target=\u00bb_blank\u00bb link=\u00bbhttps:\/\/vimeo.com\/summar\/taxor-seguimiento-caso?share=copy\u00bb css=\u00bb.vc_custom_1740496138238{margin-top: -20px !important;border-top-width: -20px !important;}\u00bb][vc_column_text]<\/p>\n<div style=\"display: flex; align-items: center; justify-content: center; margin-bottom: 0;\">\n<h2 style=\"margin: 0; line-height: 1; color: #00204d;\"><a style=\"color: #00204d; text-decoration: none;\" href=\"https:\/\/vimeo.com\/summar\/taxor-abrir-caso?share=copy\" target=\"_blank\" rel=\"noopener\"><br \/>\n<strong><br \/>\n<img decoding=\"async\" loading=\"lazy\" class=\"alignnone wp-image-7686\" src=\"https:\/\/www.summar.es\/actualidad\/wp-content\/uploads\/2025\/01\/punt-vertical.png\" alt=\"\" width=\"33\" height=\"47\" \/><\/strong><\/a> <strong><a style=\"color: #00204d; text-decoration: none;\" href=\"https:\/\/vimeo.com\/summar\/taxor-historico-caso?share=copy\" target=\"_blank\" rel=\"noopener\">Consultar el hist\u00f3rico<\/a><br \/>\n<\/strong><\/h2>\n<\/div>\n<p>[\/vc_column_text][vc_single_image image=\u00bb7707&#8243; img_size=\u00bb400&#215;259&#8243; alignment=\u00bbcenter\u00bb onclick=\u00bbcustom_link\u00bb img_link_target=\u00bb_blank\u00bb link=\u00bbhttps:\/\/vimeo.com\/summar\/taxor-historico-caso?share=copy\u00bb css=\u00bb.vc_custom_1736264894797{margin-top: -20px !important;border-top-width: -20px !important;}\u00bb][\/vc_column][\/vc_row][vc_row][vc_column][vc_row_inner][vc_column_inner][vc_separator color=\u00bbwhite\u00bb border_width=\u00bb10&#8243;][\/vc_column_inner][\/vc_row_inner][vc_row_inner][vc_column_inner][vc_separator color=\u00bbwhite\u00bb border_width=\u00bb10&#8243;][\/vc_column_inner][\/vc_row_inner][vc_row_inner][vc_column_inner][vc_separator color=\u00bbwhite\u00bb border_width=\u00bb10&#8243;][\/vc_column_inner][\/vc_row_inner][vc_row_inner][vc_column_inner][vc_separator color=\u00bbwhite\u00bb border_width=\u00bb10&#8243;][\/vc_column_inner][\/vc_row_inner][vc_row_inner][vc_column_inner][vc_separator color=\u00bbwhite\u00bb border_width=\u00bb10&#8243;][\/vc_column_inner][\/vc_row_inner][vc_row_inner][vc_column_inner][vc_separator color=\u00bbwhite\u00bb border_width=\u00bb10&#8243;][\/vc_column_inner][\/vc_row_inner][\/vc_column][\/vc_row]<\/p>\n","protected":false},"excerpt":{"rendered":"<p>[vc_row][vc_column width=\u00bb1\/4&#8243; css=\u00bb.vc_custom_1617781490924{margin-top: 20px !important;}\u00bb][vc_single_image image=\u00bb7668&#8243;][\/vc_column][vc_column width=\u00bb3\/4&#8243;][\/vc_column][\/vc_row][vc_row content_placement=\u00bbtop\u00bb css=\u00bb.vc_custom_1690190708645{padding-top: 10px !important;padding-bottom: 20px !important;}\u00bb][vc_column width=\u00bb1\/2&#8243;][vc_column_text font_size=\u00bbmedium\u00bb] Soporte | P\u00edldoras formativas No te pierdas estos videos para sacar el m\u00e1ximo provecho del Soporte de Taxor. 1. Abre casos, controla su estado y revisa el hist\u00f3rico 2. Accede a la documentaci\u00f3n de actualizaciones [&hellip;]<\/p>\n","protected":false},"author":1,"featured_media":0,"parent":0,"menu_order":0,"comment_status":"closed","ping_status":"closed","template":"template-blank.php","meta":{"footnotes":""},"yoast_head":"<!-- This site is optimized with the Yoast SEO plugin v21.4 - https:\/\/yoast.com\/wordpress\/plugins\/seo\/ -->\r\n<title>taxor-canal-soporte - Actualidad Summar<\/title>\r\n<meta name=\"robots\" content=\"index, follow, max-snippet:-1, max-image-preview:large, max-video-preview:-1\" \/>\r\n<link rel=\"canonical\" href=\"https:\/\/www.summar.es\/actualidad\/taxor-canal-soporte\/\" \/>\r\n<meta property=\"og:locale\" content=\"es_ES\" \/>\r\n<meta property=\"og:type\" content=\"article\" \/>\r\n<meta property=\"og:title\" content=\"taxor-canal-soporte - Actualidad Summar\" \/>\r\n<meta property=\"og:description\" content=\"[vc_row][vc_column width=\u00bb1\/4&#8243; css=\u00bb.vc_custom_1617781490924{margin-top: 20px !important;}\u00bb][vc_single_image image=\u00bb7668&#8243;][\/vc_column][vc_column width=\u00bb3\/4&#8243;][\/vc_column][\/vc_row][vc_row content_placement=\u00bbtop\u00bb css=\u00bb.vc_custom_1690190708645{padding-top: 10px !important;padding-bottom: 20px !important;}\u00bb][vc_column width=\u00bb1\/2&#8243;][vc_column_text font_size=\u00bbmedium\u00bb] Soporte | P\u00edldoras formativas No te pierdas estos videos para sacar el m\u00e1ximo provecho del Soporte de Taxor. 1. Abre casos, controla su estado y revisa el hist\u00f3rico 2. Accede a la documentaci\u00f3n de actualizaciones [&hellip;]\" \/>\r\n<meta property=\"og:url\" content=\"https:\/\/www.summar.es\/actualidad\/taxor-canal-soporte\/\" \/>\r\n<meta property=\"og:site_name\" content=\"Actualidad Summar\" \/>\r\n<meta property=\"article:modified_time\" content=\"2025-02-28T07:54:38+00:00\" \/>\r\n<meta property=\"og:image\" content=\"https:\/\/www.summar.es\/actualidad\/wp-content\/uploads\/2025\/01\/punt-vertical.png\" \/>\r\n<meta name=\"twitter:card\" content=\"summary_large_image\" \/>\r\n<meta name=\"twitter:label1\" content=\"Tiempo de lectura\" \/>\n\t<meta name=\"twitter:data1\" content=\"3 minutos\" \/>\r\n<script type=\"application\/ld+json\" class=\"yoast-schema-graph\">{\"@context\":\"https:\/\/schema.org\",\"@graph\":[{\"@type\":\"WebPage\",\"@id\":\"https:\/\/www.summar.es\/actualidad\/taxor-canal-soporte\/\",\"url\":\"https:\/\/www.summar.es\/actualidad\/taxor-canal-soporte\/\",\"name\":\"taxor-canal-soporte - Actualidad Summar\",\"isPartOf\":{\"@id\":\"https:\/\/www.summar.es\/actualidad\/#website\"},\"datePublished\":\"2025-01-07T13:32:55+00:00\",\"dateModified\":\"2025-02-28T07:54:38+00:00\",\"breadcrumb\":{\"@id\":\"https:\/\/www.summar.es\/actualidad\/taxor-canal-soporte\/#breadcrumb\"},\"inLanguage\":\"es\",\"potentialAction\":[{\"@type\":\"ReadAction\",\"target\":[\"https:\/\/www.summar.es\/actualidad\/taxor-canal-soporte\/\"]}]},{\"@type\":\"BreadcrumbList\",\"@id\":\"https:\/\/www.summar.es\/actualidad\/taxor-canal-soporte\/#breadcrumb\",\"itemListElement\":[{\"@type\":\"ListItem\",\"position\":1,\"name\":\"Portada\",\"item\":\"https:\/\/www.summar.es\/actualidad\/\"},{\"@type\":\"ListItem\",\"position\":2,\"name\":\"taxor-canal-soporte\"}]},{\"@type\":\"WebSite\",\"@id\":\"https:\/\/www.summar.es\/actualidad\/#website\",\"url\":\"https:\/\/www.summar.es\/actualidad\/\",\"name\":\"Actualidad Summar\",\"description\":\"Temas de actualidad\",\"potentialAction\":[{\"@type\":\"SearchAction\",\"target\":{\"@type\":\"EntryPoint\",\"urlTemplate\":\"https:\/\/www.summar.es\/actualidad\/?s={search_term_string}\"},\"query-input\":\"required name=search_term_string\"}],\"inLanguage\":\"es\"}]}<\/script>\r\n<!-- \/ Yoast SEO plugin. -->","yoast_head_json":{"title":"taxor-canal-soporte - Actualidad Summar","robots":{"index":"index","follow":"follow","max-snippet":"max-snippet:-1","max-image-preview":"max-image-preview:large","max-video-preview":"max-video-preview:-1"},"canonical":"https:\/\/www.summar.es\/actualidad\/taxor-canal-soporte\/","og_locale":"es_ES","og_type":"article","og_title":"taxor-canal-soporte - Actualidad Summar","og_description":"[vc_row][vc_column width=\u00bb1\/4&#8243; css=\u00bb.vc_custom_1617781490924{margin-top: 20px !important;}\u00bb][vc_single_image image=\u00bb7668&#8243;][\/vc_column][vc_column width=\u00bb3\/4&#8243;][\/vc_column][\/vc_row][vc_row content_placement=\u00bbtop\u00bb css=\u00bb.vc_custom_1690190708645{padding-top: 10px !important;padding-bottom: 20px !important;}\u00bb][vc_column width=\u00bb1\/2&#8243;][vc_column_text font_size=\u00bbmedium\u00bb] Soporte | P\u00edldoras formativas No te pierdas estos videos para sacar el m\u00e1ximo provecho del Soporte de Taxor. 1. Abre casos, controla su estado y revisa el hist\u00f3rico 2. Accede a la documentaci\u00f3n de actualizaciones [&hellip;]","og_url":"https:\/\/www.summar.es\/actualidad\/taxor-canal-soporte\/","og_site_name":"Actualidad Summar","article_modified_time":"2025-02-28T07:54:38+00:00","og_image":[{"url":"https:\/\/www.summar.es\/actualidad\/wp-content\/uploads\/2025\/01\/punt-vertical.png"}],"twitter_card":"summary_large_image","twitter_misc":{"Tiempo de lectura":"3 minutos"},"schema":{"@context":"https:\/\/schema.org","@graph":[{"@type":"WebPage","@id":"https:\/\/www.summar.es\/actualidad\/taxor-canal-soporte\/","url":"https:\/\/www.summar.es\/actualidad\/taxor-canal-soporte\/","name":"taxor-canal-soporte - Actualidad Summar","isPartOf":{"@id":"https:\/\/www.summar.es\/actualidad\/#website"},"datePublished":"2025-01-07T13:32:55+00:00","dateModified":"2025-02-28T07:54:38+00:00","breadcrumb":{"@id":"https:\/\/www.summar.es\/actualidad\/taxor-canal-soporte\/#breadcrumb"},"inLanguage":"es","potentialAction":[{"@type":"ReadAction","target":["https:\/\/www.summar.es\/actualidad\/taxor-canal-soporte\/"]}]},{"@type":"BreadcrumbList","@id":"https:\/\/www.summar.es\/actualidad\/taxor-canal-soporte\/#breadcrumb","itemListElement":[{"@type":"ListItem","position":1,"name":"Portada","item":"https:\/\/www.summar.es\/actualidad\/"},{"@type":"ListItem","position":2,"name":"taxor-canal-soporte"}]},{"@type":"WebSite","@id":"https:\/\/www.summar.es\/actualidad\/#website","url":"https:\/\/www.summar.es\/actualidad\/","name":"Actualidad Summar","description":"Temas de actualidad","potentialAction":[{"@type":"SearchAction","target":{"@type":"EntryPoint","urlTemplate":"https:\/\/www.summar.es\/actualidad\/?s={search_term_string}"},"query-input":"required name=search_term_string"}],"inLanguage":"es"}]}},"_links":{"self":[{"href":"https:\/\/www.summar.es\/actualidad\/wp-json\/wp\/v2\/pages\/7648"}],"collection":[{"href":"https:\/\/www.summar.es\/actualidad\/wp-json\/wp\/v2\/pages"}],"about":[{"href":"https:\/\/www.summar.es\/actualidad\/wp-json\/wp\/v2\/types\/page"}],"author":[{"embeddable":true,"href":"https:\/\/www.summar.es\/actualidad\/wp-json\/wp\/v2\/users\/1"}],"replies":[{"embeddable":true,"href":"https:\/\/www.summar.es\/actualidad\/wp-json\/wp\/v2\/comments?post=7648"}],"version-history":[{"count":65,"href":"https:\/\/www.summar.es\/actualidad\/wp-json\/wp\/v2\/pages\/7648\/revisions"}],"predecessor-version":[{"id":7832,"href":"https:\/\/www.summar.es\/actualidad\/wp-json\/wp\/v2\/pages\/7648\/revisions\/7832"}],"wp:attachment":[{"href":"https:\/\/www.summar.es\/actualidad\/wp-json\/wp\/v2\/media?parent=7648"}],"curies":[{"name":"wp","href":"https:\/\/api.w.org\/{rel}","templated":true}]}}